{"id":5129,"date":"2022-01-05T17:53:35","date_gmt":"2022-01-05T16:53:35","guid":{"rendered":"https:\/\/schmalenberger.wp3.visual4.com\/pumpen-fuer-werkzeugmaschinen\/"},"modified":"2022-03-23T09:22:27","modified_gmt":"2022-03-23T08:22:27","slug":"pumps-for-machining-industry","status":"publish","type":"page","link":"https:\/\/schmalenberger.de\/en\/pumps-for-machining-industry\/","title":{"rendered":"Pumps for machining industry"},"content":{"rendered":"\n<h1 class=\"has-text-align-center is-style-heading-withLine wp-block-heading\">Schmalenberger pumps in the machining industry<\/h1>\n\n\n\n<p>Reputable machine and plant constructors have relied for many years on products from our company:&nbsp; drilling machines, lathes, grinding and milling machines and coolant filter systems being equipped with Schmalenberger pumps. Experience, reliability and durability are the prime demands of our customers.<\/p>\n\n\n\n<h3 class=\"has-text-align-left wp-block-heading\"><strong><strong>Uses and application areas of our pumps:<\/strong><\/strong><\/h3>\n\n\n\n<ul class=\"is-style-triangle-markers wp-block-list\"><li>Machine tools (drilling\/turning\/grinding\/milling)<\/li><li>Grinding and cutting machines (e.g., for stone machining)<\/li><li>Water jet cutting systems<\/li><li>Recirculation systems<\/li><li>Filter systems (coolant\/oil)<\/li><\/ul>\n\n\n\n<div class=\"wp-block-group alignfull has-light-gray-background-color has-background\"><div class=\"wp-block-group__inner-container is-layout-flow wp-block-group-is-layout-flow\">\n<div class=\"wp-block-media-text is-stacked-on-mobile is-vertically-aligned-top\"><figure class=\"wp-block-media-text__media\"><img decoding=\"async\" src=\"https:\/\/schmalenberger.de\/wp-content\/uploads\/2022\/01\/pumpe-kuehlschmierstoffe-hersteller-1024x682.jpg\" alt=\"\" class=\"wp-image-4322 size-full\"\/><\/figure><div class=\"wp-block-media-text__content\">\n<h3 class=\"wp-block-heading\">Pumps <strong><strong>for coolant supply<\/strong><\/strong><\/h3>\n\n\n\n<p><strong><strong>Our recommendation<\/strong><\/strong>:<\/p>\n\n\n\n<p>Our <a href=\"https:\/\/schmalenberger.de\/en\/pump\/type-ksp\/\">KSP<\/a>, <a href=\"https:\/\/schmalenberger.de\/en\/pump\/type-zhb\/\">ZHB<\/a>, <a href=\"https:\/\/schmalenberger.de\/en\/pump\/type-th\/\">TH<\/a> and <a href=\"https:\/\/schmalenberger.de\/en\/pump\/type-s\/\">S<\/a> pump types are ideal for pumping coolants and oils free of chips.<\/p>\n<\/div><\/div>\n\n\n\n<div style=\"height:70px\" aria-hidden=\"true\" class=\"wp-block-spacer\"><\/div>\n\n\n\n<div class=\"wp-block-media-text has-media-on-the-right is-stacked-on-mobile is-vertically-aligned-top\"><figure class=\"wp-block-media-text__media\"><img decoding=\"async\" src=\"https:\/\/schmalenberger.de\/wp-content\/uploads\/2022\/02\/pumpe-kuehlschmierstoffrueckfoerderung.jpg\" alt=\"\" class=\"wp-image-4554 size-full\"\/><\/figure><div class=\"wp-block-media-text__content\">\n<h3 class=\"wp-block-heading\"><strong><strong>Pumps for coolant recirculation<\/strong><\/strong><\/h3>\n\n\n\n<p><strong><strong><strong>Our recommendation<\/strong><\/strong>:<\/strong><\/p>\n\n\n\n<p>Our <a href=\"https:\/\/schmalenberger.de\/en\/pump\/type-sm\/\">SM<\/a>, <a href=\"https:\/\/schmalenberger.de\/en\/pump\/type-fb\/\">FB<\/a>, <a href=\"https:\/\/schmalenberger.de\/en\/pump\/type-sz\/\">SZ<\/a>, <a href=\"https:\/\/schmalenberger.de\/en\/pump\/typ-szcut\/\">SZcut<\/a> and <a href=\"https:\/\/schmalenberger.de\/en\/pump\/type-fz\/\">FZ<\/a> series are ideal for light to severely contaminated media.<\/p>\n\n\n\n<p>The <a href=\"https:\/\/schmalenberger.de\/en\/pump\/type-sm\/\">SM<\/a> type deserves particular recognition in this respect, as dirt particles, chip material and media with air inclusions can be pumped without difficulty. A further advantage is self-priming. Application areas: conveyance of coolant from the machine tool to a central or individual filter system and the chip conveyor.<\/p>\n\n\n\n<p>Unsere Pumpentypen <a href=\"https:\/\/schmalenberger.de\/pump\/typ-ksp\/\">KSP<\/a>, <a href=\"https:\/\/schmalenberger.de\/pump\/typ-zhb\/\">ZHB<\/a>, <a href=\"https:\/\/schmalenberger.de\/pump\/typ-th\/\">TH<\/a> und <a href=\"https:\/\/schmalenberger.de\/pump\/typ-s\/\">S<\/a> sind f\u00fcr die <strong>F\u00f6rderung von spanfreien K\u00fchlschmierstoffen mit \u00d6len<\/strong> bestens geeignet.<\/p>\n<\/div><\/div>\n<\/div><\/div>\n\n\n\n<div class=\"wp-block-media-text is-stacked-on-mobile is-vertically-aligned-top\"><figure class=\"wp-block-media-text__media\"><img decoding=\"async\" src=\"https:\/\/schmalenberger.de\/wp-content\/uploads\/2022\/02\/pumpen-filtration-zerspanende-industrie.jpg\" alt=\"\" class=\"wp-image-4558 size-full\"\/><\/figure><div class=\"wp-block-media-text__content\">\n<h3 class=\"wp-block-heading\"><strong><strong>Pumps for filtration<\/strong><\/strong><\/h3>\n\n\n\n<p><strong><strong><strong><strong>Our recommendation<\/strong><\/strong>:<\/strong><\/strong><\/p>\n\n\n\n<p>Our <a href=\"https:\/\/schmalenberger.de\/en\/pump\/type-ksp\/\">KSP<\/a> pump type is particularly suitable for feeding coolants to the filter system and recirculating the cleaned medium to the machine tool. Self-priming and a more rapid increase in pressure makes it particularly interesting for use in the production cycle.<\/p>\n<\/div><\/div>\n\n\n\n<div class=\"wp-block-group alignfull has-light-gray-background-color has-background\"><div class=\"wp-block-group__inner-container is-layout-flow wp-block-group-is-layout-flow\">\n<div class=\"wp-block-columns is-layout-flex wp-container-core-columns-is-layout-9d6595d7 wp-block-columns-is-layout-flex\">\n<div class=\"wp-block-column is-layout-flow wp-block-column-is-layout-flow\">\n<h3 class=\"wp-block-heading\"><strong><strong><strong>Pumps <strong>for return pump stations<\/strong><\/strong><\/strong><\/strong><\/h3>\n\n\n\n<p><strong><strong><strong><strong>Our recommendation<\/strong><\/strong>:<\/strong><\/strong><\/p>\n\n\n\n<p>We can provide you with 2 different pump types here. With an integrated cutting knife, the <a href=\"https:\/\/schmalenberger.de\/en\/pump\/typ-szcut\/\">SZcut cutter pump<\/a> cuts and delivers the medium with chip material to the filter via the pipe system. The <a href=\"https:\/\/schmalenberger.de\/en\/pump\/type-sz\/\">SZ<\/a> can be used for low contamination levels (e.g., grinding particles). Both pumps are of the same design and can be interchanged.<\/p>\n<\/div>\n\n\n\n<div class=\"wp-block-column is-layout-flow wp-block-column-is-layout-flow\">\n<figure class=\"wp-block-gallery columns-2 is-cropped wp-block-gallery-1 is-layout-flex wp-block-gallery-is-layout-flex\"><ul class=\"blocks-gallery-grid\"><li class=\"blocks-gallery-item\"><figure><img loading=\"lazy\" decoding=\"async\" width=\"800\" height=\"800\" src=\"https:\/\/schmalenberger.de\/wp-content\/uploads\/2022\/01\/pumpe-mit-integriertem-schneidwerk-spaene-vorher.jpg\" alt=\"\" data-id=\"3426\" data-full-url=\"https:\/\/schmalenberger.de\/wp-content\/uploads\/2022\/01\/pumpe-mit-integriertem-schneidwerk-spaene-vorher.jpg\" data-link=\"https:\/\/schmalenberger.de\/pump\/typ-szcut\/pumpe-mit-integriertem-schneidwerk-spaene-vorher\/\" class=\"wp-image-3427\" srcset=\"https:\/\/schmalenberger.de\/wp-content\/uploads\/2022\/01\/pumpe-mit-integriertem-schneidwerk-spaene-vorher.jpg 800w, https:\/\/schmalenberger.de\/wp-content\/uploads\/2022\/01\/pumpe-mit-integriertem-schneidwerk-spaene-vorher-300x300.jpg 300w, https:\/\/schmalenberger.de\/wp-content\/uploads\/2022\/01\/pumpe-mit-integriertem-schneidwerk-spaene-vorher-150x150.jpg 150w, https:\/\/schmalenberger.de\/wp-content\/uploads\/2022\/01\/pumpe-mit-integriertem-schneidwerk-spaene-vorher-768x768.jpg 768w\" sizes=\"auto, (max-width: 800px) 100vw, 800px\" \/><\/figure><\/li><li class=\"blocks-gallery-item\"><figure><img loading=\"lazy\" decoding=\"async\" width=\"800\" height=\"800\" src=\"https:\/\/schmalenberger.de\/wp-content\/uploads\/2022\/01\/pumpe-mit-integriertem-schneidwerk-spaene-nachher.jpg\" alt=\"\" data-id=\"3423\" data-full-url=\"https:\/\/schmalenberger.de\/wp-content\/uploads\/2022\/01\/pumpe-mit-integriertem-schneidwerk-spaene-nachher.jpg\" data-link=\"https:\/\/schmalenberger.de\/pump\/typ-szcut\/pumpe-mit-integriertem-schneidwerk-spaene-nachher\/\" class=\"wp-image-3424\" srcset=\"https:\/\/schmalenberger.de\/wp-content\/uploads\/2022\/01\/pumpe-mit-integriertem-schneidwerk-spaene-nachher.jpg 800w, https:\/\/schmalenberger.de\/wp-content\/uploads\/2022\/01\/pumpe-mit-integriertem-schneidwerk-spaene-nachher-300x300.jpg 300w, https:\/\/schmalenberger.de\/wp-content\/uploads\/2022\/01\/pumpe-mit-integriertem-schneidwerk-spaene-nachher-150x150.jpg 150w, https:\/\/schmalenberger.de\/wp-content\/uploads\/2022\/01\/pumpe-mit-integriertem-schneidwerk-spaene-nachher-768x768.jpg 768w\" sizes=\"auto, (max-width: 800px) 100vw, 800px\" \/><\/figure><\/li><li class=\"blocks-gallery-item\"><figure><img loading=\"lazy\" decoding=\"async\" width=\"1000\" height=\"481\" src=\"https:\/\/schmalenberger.de\/wp-content\/uploads\/2022\/01\/pumpe-mit-integriertem-schneidwerk-schmalenberger.jpg\" alt=\"\" data-id=\"3429\" data-full-url=\"https:\/\/schmalenberger.de\/wp-content\/uploads\/2022\/01\/pumpe-mit-integriertem-schneidwerk-schmalenberger.jpg\" data-link=\"https:\/\/schmalenberger.de\/pump\/typ-szcut\/pumpe-mit-integriertem-schneidwerk-schmalenberger\/\" class=\"wp-image-3430\" srcset=\"https:\/\/schmalenberger.de\/wp-content\/uploads\/2022\/01\/pumpe-mit-integriertem-schneidwerk-schmalenberger.jpg 1000w, https:\/\/schmalenberger.de\/wp-content\/uploads\/2022\/01\/pumpe-mit-integriertem-schneidwerk-schmalenberger-300x144.jpg 300w, https:\/\/schmalenberger.de\/wp-content\/uploads\/2022\/01\/pumpe-mit-integriertem-schneidwerk-schmalenberger-768x369.jpg 768w\" sizes=\"auto, (max-width: 1000px) 100vw, 1000px\" \/><\/figure><\/li><\/ul><\/figure>\n<\/div>\n<\/div>\n<\/div><\/div>\n\n\n\n<div class=\"wp-block-media-text is-stacked-on-mobile is-vertically-aligned-top\"><figure class=\"wp-block-media-text__media\"><img decoding=\"async\" src=\"https:\/\/schmalenberger.de\/wp-content\/uploads\/2022\/01\/pumpen-spaenefoerderung.jpg\" alt=\"\" class=\"wp-image-4328 size-full\"\/><\/figure><div class=\"wp-block-media-text__content\">\n<h3 class=\"wp-block-heading\"><strong><strong><strong><strong><strong>Pumps for chip delivery<\/strong><\/strong><\/strong><\/strong><\/strong><\/h3>\n\n\n\n<p><strong><strong><strong><strong><strong>Our recommendation<\/strong><\/strong>:<\/strong><\/strong><\/strong><\/p>\n\n\n\n<p>The <a href=\"https:\/\/schmalenberger.de\/en\/pump\/typ-szcut\/\">SZcut cutter pump<\/a> is our chip delivery highlight. Our latest product, <strong>the new SZ 40-13 series, is ideal for small tanks<\/strong> and can be installed in the machine tank or chip conveyor.<\/p>\n\n\n\n<p><strong><strong>Areas of use:<\/strong><\/strong><\/p>\n\n\n\n<ul class=\"is-style-triangle-markers wp-block-list\"><li>Pumping of media with very high levels of inclusions and solid admixes<\/li><li>Coarse and severely contaminated abrasive media<\/li><li>Suitable for lye, solvents, cooling emulsions, chips, grinding sludge<\/li><\/ul>\n<\/div><\/div>\n\n\n\n<div class=\"wp-block-cover alignfull has-parallax is-style-hover-scale-footer\" style=\"background-image:url(https:\/\/schmalenberger.de\/wp-content\/uploads\/2022\/01\/passende-pumpe-finden.jpg);min-height:60vh;aspect-ratio:unset;\"><span aria-hidden=\"true\" class=\"has-background-dim-60 wp-block-cover__gradient-background has-background-dim\"><\/span><div class=\"wp-block-cover__inner-container is-layout-flow wp-block-cover-is-layout-flow\">\n<h2 class=\"wp-block-heading\">Find your ideal pump solution!<\/h2>\n\n\n\n<p>Only a few attributes allow our pump finder to identify pump types that are of interest to you.<\/p>\n\n\n\n<div class=\"wp-block-buttons is-layout-flex wp-block-buttons-is-layout-flex\">\n<div class=\"wp-block-button\"><a class=\"wp-block-button__link\" href=\"https:\/\/schmalenberger.de\/en\/productfinder\/\">Open product finder!<\/a><\/div>\n<\/div>\n<\/div><\/div>\n","protected":false},"excerpt":{"rendered":"<p>Schmalenberger pumps in the machining industry Reputable machine and plant constructors have relied for many years on products from our company:&nbsp; drilling machines, lathes, grinding and milling machines and coolant filter systems being equipped with&hellip;<\/p>\n","protected":false},"author":5,"featured_media":0,"parent":0,"menu_order":0,"comment_status":"closed","ping_status":"closed","template":"","meta":{"_acf_changed":false,"footnotes":""},"class_list":["post-5129","page","type-page","status-publish","hentry"],"acf":[],"_links":{"self":[{"href":"https:\/\/schmalenberger.de\/en\/wp-json\/wp\/v2\/pages\/5129","targetHints":{"allow":["GET"]}}],"collection":[{"href":"https:\/\/schmalenberger.de\/en\/wp-json\/wp\/v2\/pages"}],"about":[{"href":"https:\/\/schmalenberger.de\/en\/wp-json\/wp\/v2\/types\/page"}],"author":[{"embeddable":true,"href":"https:\/\/schmalenberger.de\/en\/wp-json\/wp\/v2\/users\/5"}],"replies":[{"embeddable":true,"href":"https:\/\/schmalenberger.de\/en\/wp-json\/wp\/v2\/comments?post=5129"}],"version-history":[{"count":20,"href":"https:\/\/schmalenberger.de\/en\/wp-json\/wp\/v2\/pages\/5129\/revisions"}],"predecessor-version":[{"id":6305,"href":"https:\/\/schmalenberger.de\/en\/wp-json\/wp\/v2\/pages\/5129\/revisions\/6305"}],"wp:attachment":[{"href":"https:\/\/schmalenberger.de\/en\/wp-json\/wp\/v2\/media?parent=5129"}],"curies":[{"name":"wp","href":"https:\/\/api.w.org\/{rel}","templated":true}]}}