{"id":6162,"date":"2022-03-18T17:25:24","date_gmt":"2022-03-18T16:25:24","guid":{"rendered":"https:\/\/schmalenberger.wp3.visual4.com\/?page_id=6162"},"modified":"2025-07-25T10:43:18","modified_gmt":"2025-07-25T08:43:18","slug":"imprint","status":"publish","type":"page","link":"https:\/\/schmalenberger.de\/en\/imprint\/","title":{"rendered":"Imprint"},"content":{"rendered":"\n<h2 class=\"wp-block-heading\" id=\"block-1b5a10cc-1212-46ed-a249-48f21978a44e\">Imprint<\/h2>\n\n\n\n<p><strong>Schmalenberger GmbH\u00a0+ Co. KG<\/strong><\/p>\n\n\n\n<p>Im Schelmen 9-11<br>D-72072 T\u00fcbingen<\/p>\n\n\n\n<p>vertreten durch die pers\u00f6nlich haftende&nbsp;Maschinen- und Apparatebau -Gesch\u00e4ftsf\u00fchrungs-GmbH<br>Im Schelmen 9, 72072 T\u00fcbingen, diese vert. d.d. Gesch\u00e4ftsf\u00fchrer Dipl. Kfm. Dietmar Rogg<\/p>\n\n\n\n<p>Tel.: +49 (0)7071 &#8211; 70 08-0<br>Fax: +49 (0)7071 &#8211; 70 08-10<br>E-Mail:&nbsp;<a href=\"mailto:info@schmalenberger.de\">info@schmalenberger.de<\/a><\/p>\n\n\n\n<p><strong>Ust. Id.-Nr.:<\/strong>&nbsp;DE-14 689 3885<br><strong>Handelsregister:&nbsp;<\/strong>Amtsgericht Stuttgart HRA: 380 456<br><strong>Verantwortlicher&nbsp;im Sinne von \u00a7 55 Rundfunkstaatsvetrag:&nbsp;<\/strong>Dipl. Kfm. Dietmar Rogg<\/p>\n\n\n\n<p>Unsere WEEE-Registrierungsnummer (WEEE-Reg.-Nr.) lautet: DE 47744555<br><em>Informationspflichten gem\u00e4\u00df \u00a718 Abs. 2 Elektro- und Elektronikger\u00e4tegesetz:<br><a href=\"https:\/\/www.bmu.de\/themen\/wasser-abfall-boden\/abfallwirtschaft\/statistiken\/elektro-und-elektronikaltgeraete\/\" target=\"_blank\" rel=\"noreferrer noopener\">https:\/\/www.bmu.de\/themen\/wasser-abfall-boden\/abfallwirtschaft\/statistiken\/elektro-und-elektronikaltgeraete\/<\/a><\/em><\/p>\n\n\n\n<h2 class=\"wp-block-heading\" id=\"block-79cddb16-1b98-4f33-a915-ce387441dbe7\">Beratung und technische Umsetzung<\/h2>\n\n\n\n<p id=\"block-ffa603bc-f558-4c68-a478-b0a2867e5d7f\"><a href=\"https:\/\/www.visual4.de\/\" target=\"_blank\" rel=\"noreferrer noopener\"><strong>visual4 GmbH<\/strong><br>Webagentur<\/a><br>Schreiberstr. 27<br>70199 Stuttgart<\/p>\n\n\n\n<p id=\"block-a7d1e223-13a3-47c3-ac54-46822535bd6a\">Telefon: +49 711 460543 \u2013 0<br>Telefax: +49 711 460543 \u2013 44<br>E-Mail:&nbsp;info(at)visual4.de<br>Internet:&nbsp;<a rel=\"noreferrer noopener\" href=\"http:\/\/www.visual4.de\/\" target=\"_blank\">www.visual4.de<\/a><\/p>\n","protected":false},"excerpt":{"rendered":"","protected":false},"author":5,"featured_media":0,"parent":0,"menu_order":7,"comment_status":"closed","ping_status":"closed","template":"","meta":{"_acf_changed":false,"footnotes":""},"class_list":["post-6162","page","type-page","status-publish","hentry"],"acf":[],"_links":{"self":[{"href":"https:\/\/schmalenberger.de\/en\/wp-json\/wp\/v2\/pages\/6162","targetHints":{"allow":["GET"]}}],"collection":[{"href":"https:\/\/schmalenberger.de\/en\/wp-json\/wp\/v2\/pages"}],"about":[{"href":"https:\/\/schmalenberger.de\/en\/wp-json\/wp\/v2\/types\/page"}],"author":[{"embeddable":true,"href":"https:\/\/schmalenberger.de\/en\/wp-json\/wp\/v2\/users\/5"}],"replies":[{"embeddable":true,"href":"https:\/\/schmalenberger.de\/en\/wp-json\/wp\/v2\/comments?post=6162"}],"version-history":[{"count":1,"href":"https:\/\/schmalenberger.de\/en\/wp-json\/wp\/v2\/pages\/6162\/revisions"}],"predecessor-version":[{"id":6163,"href":"https:\/\/schmalenberger.de\/en\/wp-json\/wp\/v2\/pages\/6162\/revisions\/6163"}],"wp:attachment":[{"href":"https:\/\/schmalenberger.de\/en\/wp-json\/wp\/v2\/media?parent=6162"}],"curies":[{"name":"wp","href":"https:\/\/api.w.org\/{rel}","templated":true}]}}