{"id":5363,"date":"2021-10-28T17:00:40","date_gmt":"2021-10-28T15:00:40","guid":{"rendered":"https:\/\/schmalenberger.wp3.visual4.com\/kreiselpumpen\/"},"modified":"2024-01-19T13:51:56","modified_gmt":"2024-01-19T12:51:56","slug":"pompes-centrifuges","status":"publish","type":"page","link":"https:\/\/schmalenberger.de\/fr\/pompes-centrifuges\/","title":{"rendered":"Pompes centrifuges"},"content":{"rendered":"\n\n<div class=\"wp-block-v4core-inner-blocks SEOHeading\">\n<h2 class=\"wp-block-heading has-text-align-center SEOHeading-heading is-style-heading-withLine\" id=\"innovative-pumpentechnologie-seit-1954\"><strong>TECHNOLOGIE DE POMPAGE INNOVANTE DEPUIS 1954<\/strong><\/h2>\n\n\n\n<p class=\"has-text-align-center SEOHeading-fauxHeading\">Engagement pour nos clients<\/p>\n<\/div>\n\n\n\n\n<div class=\"wp-block-media-text is-stacked-on-mobile is-vertically-aligned-top alignwide\"><figure class=\"wp-block-media-text__media\"><img loading=\"lazy\" decoding=\"async\" width=\"1024\" height=\"682\" src=\"https:\/\/schmalenberger.de\/wp-content\/uploads\/2022\/01\/pumpenhersteller-made-in-germany-1024x682.jpg\" alt=\"\" class=\"wp-image-4540 size-full\" srcset=\"https:\/\/schmalenberger.de\/wp-content\/uploads\/2022\/01\/pumpenhersteller-made-in-germany-1024x682.jpg 1024w, https:\/\/schmalenberger.de\/wp-content\/uploads\/2022\/01\/pumpenhersteller-made-in-germany-300x200.jpg 300w, https:\/\/schmalenberger.de\/wp-content\/uploads\/2022\/01\/pumpenhersteller-made-in-germany-768x512.jpg 768w, https:\/\/schmalenberger.de\/wp-content\/uploads\/2022\/01\/pumpenhersteller-made-in-germany-1536x1024.jpg 1536w, https:\/\/schmalenberger.de\/wp-content\/uploads\/2022\/01\/pumpenhersteller-made-in-germany-1920x1280.jpg 1920w, https:\/\/schmalenberger.de\/wp-content\/uploads\/2022\/01\/pumpenhersteller-made-in-germany.jpg 2000w\" sizes=\"auto, (max-width: 1024px) 100vw, 1024px\" \/><\/figure><div class=\"wp-block-media-text__content\">\n<h2 class=\"wp-block-heading\" id=\"schmalenberger-entwickelt-und-produziert-seit-uber-65-jahren-kreiselpumpen\">Dans la section technologie des fluides, Schmalenberger d\u00e9veloppe et produit des pompes centrifuges depuis plus de 70 ans.<\/h2>\n\n\n\n<p>Nos activit\u00e9s sont centr\u00e9es sur des solutions de refoulement pour applications industrielles, notamment pour les constructions m\u00e9caniques ainsi que pour le g\u00e9nie des proc\u00e9d\u00e9s et celui de l\u2019environnement. Comme autre groupe de produits de notre gamme, nous avons les pompes pour attractions de piscine et pour circulation des eaux de bassin, destin\u00e9es aux piscines publiques et aux espaces de baignade paysag\u00e9s. Nous nous voyons comme une entreprise tourn\u00e9e vers l\u2019avenir, dont les nombreuses innovations en termes de produits et de services apportent une v\u00e9ritable valeur ajout\u00e9e \u00e0 ses clients. Num\u00e9risation, individualisation et efficacit\u00e9 des produits sont \u00e0 la base de notre philosophie d\u2019entreprise et de vente.<\/p>\n<\/div><\/div>\n\n\n\n<div class=\"wp-block-media-text has-media-on-the-right is-stacked-on-mobile is-vertically-aligned-top alignwide\"><div class=\"wp-block-media-text__content\">\n<h2 class=\"wp-block-heading\" id=\"effiziente-und-langlebige-produktvorteile\">Solutions individuelles uniquent sur le march\u00e9<\/h2>\n\n\n\n<p>Sur notre site de T\u00fcbingen pr\u00e8s de Stuttgart, nous fabriquons du \u00ab&nbsp;Made in Germany&nbsp;\u00bb, de l\u2019id\u00e9e de d\u00e9part jusqu\u2019au produit de s\u00e9rie, conform\u00e9ment \u00e0 notre syst\u00e8me de gestion de qualit\u00e9 certifi\u00e9. Pour ce faire, nous attachons la plus grande importance \u00e0 la fiabilit\u00e9, la durabilit\u00e9 et avant tout au meilleur service. La force d\u2019innovation de nos collaborateurs ainsi que de nos fournisseurs nous permet de mettre au point des solutions individuelles sp\u00e9cifiques au client, uniques sur le march\u00e9, et de garantir \u00e0 nos clients des avantages certains sur le long terme. Nous faisons face chaque jour aux d\u00e9fis que constituent les processus complexes, la diversit\u00e9 des fluides \u00e0 v\u00e9hiculer et les exigences toujours plus s\u00e9v\u00e8res en mati\u00e8re de qualit\u00e9, d\u2019efficacit\u00e9 et de num\u00e9risation.<\/p>\n<\/div><figure class=\"wp-block-media-text__media\"><img loading=\"lazy\" decoding=\"async\" width=\"1610\" height=\"1154\" src=\"https:\/\/schmalenberger.de\/wp-content\/uploads\/2022\/01\/8O2A3545.jpg\" alt=\"\" class=\"wp-image-4370 size-full\" srcset=\"https:\/\/schmalenberger.de\/wp-content\/uploads\/2022\/01\/8O2A3545.jpg 1610w, https:\/\/schmalenberger.de\/wp-content\/uploads\/2022\/01\/8O2A3545-300x215.jpg 300w, https:\/\/schmalenberger.de\/wp-content\/uploads\/2022\/01\/8O2A3545-1024x734.jpg 1024w, https:\/\/schmalenberger.de\/wp-content\/uploads\/2022\/01\/8O2A3545-768x550.jpg 768w, https:\/\/schmalenberger.de\/wp-content\/uploads\/2022\/01\/8O2A3545-1536x1101.jpg 1536w\" sizes=\"auto, (max-width: 1610px) 100vw, 1610px\" \/><\/figure><\/div>\n\n\n\n<div style=\"height:1px\" aria-hidden=\"true\" class=\"wp-block-spacer\"><\/div>\n\n\n\n<div class=\"wp-block-media-text is-stacked-on-mobile is-vertically-aligned-top alignwide\"><figure class=\"wp-block-media-text__media\"><img loading=\"lazy\" decoding=\"async\" width=\"1532\" height=\"1510\" src=\"https:\/\/schmalenberger.de\/wp-content\/uploads\/2022\/02\/8O2A3794.jpg\" alt=\"\" class=\"wp-image-4674 size-full\" srcset=\"https:\/\/schmalenberger.de\/wp-content\/uploads\/2022\/02\/8O2A3794.jpg 1532w, https:\/\/schmalenberger.de\/wp-content\/uploads\/2022\/02\/8O2A3794-300x296.jpg 300w, https:\/\/schmalenberger.de\/wp-content\/uploads\/2022\/02\/8O2A3794-1024x1009.jpg 1024w, https:\/\/schmalenberger.de\/wp-content\/uploads\/2022\/02\/8O2A3794-768x757.jpg 768w, https:\/\/schmalenberger.de\/wp-content\/uploads\/2022\/02\/8O2A3794-1299x1280.jpg 1299w\" sizes=\"auto, (max-width: 1532px) 100vw, 1532px\" \/><\/figure><div class=\"wp-block-media-text__content\">\n<h2 class=\"wp-block-heading\" id=\"vielfaltige-modellreihen-oder-individuelle-pumpenlosungen\">Gammes de produits \u00e9tendues ou solutions individuelles<\/h2>\n\n\n\n<p>Avec ses multiples s\u00e9ries de mod\u00e8les et formes, notre palette de produits couvre un large spectre d\u2019utilisation des pompes centrifuges. En cas de besoin, les \u00e9quipements propos\u00e9s en option viennent encore \u00e9largir les possibilit\u00e9s d\u2019emploi. Moteurs \u00e9lectriques \u00e0 faible consommation d\u2019\u00e9nergie, provenant de fournisseurs renomm\u00e9s d\u2019Europe occidentale, roues en acier tremp\u00e9 sp\u00e9cial et modules de surveillance de fonctionnement \u00e9lectroniques sont autant de mat\u00e9riel que nous pouvons proposer et monter sur des syst\u00e8mes existants. Aux exigences extr\u00eames, nous r\u00e9pondons par des solutions individuelles, con\u00e7ues sp\u00e9cialement pour le cas de figure rencontr\u00e9, avec une construction adapt\u00e9e jusque dans le moindre d\u00e9tail. Ceci optimise le fonctionnement, le rendement, l\u2019efficacit\u00e9 et la disponibilit\u00e9 des installations et syst\u00e8mes.<\/p>\n<\/div><\/div>\n\n\n\n<div class=\"wp-block-group\"><div class=\"wp-block-group__inner-container is-layout-flow wp-block-group-is-layout-flow\">\n\n<div class=\"wp-block-v4core-inner-blocks SEOHeading\">\n<h2 class=\"has-text-align-center SEOHeading-heading is-style-heading-withLine wp-block-heading\" id=\"schmalenberger-kreiselpumpen\"><strong>POMPES CENTRIFUGES SCHMALENBERGER<\/strong><\/h2>\n\n\n\n<p class=\"has-text-align-center SEOHeading-fauxHeading\">Nos pompes sont utilis\u00e9es dans les secteurs suivants<\/p>\n<\/div>\n\n\n\n<div class=\"TileOverview-container Columns-4 is-style-compact\">\n                    <a href=\"https:\/\/schmalenberger.de\/fr\/pompes-pour-machines-outils\/\" class=\"TileOverview-image-container TileOverview-image-container--compact\">\n        <div class=\"TileOverview-item TileOverview-item--compact\"\n             style=\"background-image: url(https:\/\/schmalenberger.de\/wp-content\/uploads\/2022\/01\/pumpen-spaenefoerderung.jpg)\"><\/div>\n        <div class=\"Tile-content Tile-content--compact\">\n            <h3 class=\"TileOverview-heading has-white-color\">Machines-outils<\/h3>\n                            <div class=\"wp-block-buttons\">\n                    <div class=\"wp-block-button\">\n                        <div class=\"wp-block-button__link\">\n                                                            Machines-outils\n                                                    <\/div>\n                    <\/div>\n                <\/div>\n                    <\/div>\n            <\/a>\n                    <a href=\"https:\/\/schmalenberger.de\/fr\/lingenierie-de-surface\/\" class=\"TileOverview-image-container TileOverview-image-container--compact\">\n        <div class=\"TileOverview-item TileOverview-item--compact\"\n             style=\"background-image: url(https:\/\/schmalenberger.de\/wp-content\/uploads\/2022\/01\/pumpen-oberflaechentechnik.jpg)\"><\/div>\n        <div class=\"Tile-content Tile-content--compact\">\n            <h3 class=\"TileOverview-heading has-white-color\">Techniques de traitement de surface<\/h3>\n                            <div class=\"wp-block-buttons\">\n                    <div class=\"wp-block-button\">\n                        <div class=\"wp-block-button__link\">\n                                                            Techniques de traitement de surface\n                                                    <\/div>\n                    <\/div>\n                <\/div>\n                    <\/div>\n            <\/a>\n                    <a href=\"https:\/\/schmalenberger.de\/fr\/pompes-de-la-refrigeration-industrielle\/\" class=\"TileOverview-image-container TileOverview-image-container--compact\">\n        <div class=\"TileOverview-item TileOverview-item--compact\"\n             style=\"background-image: url(https:\/\/schmalenberger.de\/wp-content\/uploads\/2022\/02\/pumpen-industrielle-kuehlung.jpg)\"><\/div>\n        <div class=\"Tile-content Tile-content--compact\">\n            <h3 class=\"TileOverview-heading has-white-color\">R\u00e9frig\u00e9ration industrielle<\/h3>\n                            <div class=\"wp-block-buttons\">\n                    <div class=\"wp-block-button\">\n                        <div class=\"wp-block-button__link\">\n                                                            R\u00e9frig\u00e9ration industrielle\n                                                    <\/div>\n                    <\/div>\n                <\/div>\n                    <\/div>\n            <\/a>\n                    <a href=\"https:\/\/schmalenberger.de\/fr\/pompes-dans-lindustrie-du-verre\/\" class=\"TileOverview-image-container TileOverview-image-container--compact\">\n        <div class=\"TileOverview-item TileOverview-item--compact\"\n             style=\"background-image: url(https:\/\/schmalenberger.de\/wp-content\/uploads\/2022\/01\/pumpen-glasindustrie.jpg)\"><\/div>\n        <div class=\"Tile-content Tile-content--compact\">\n            <h3 class=\"TileOverview-heading has-white-color\">Industrie du verre<\/h3>\n                            <div class=\"wp-block-buttons\">\n                    <div class=\"wp-block-button\">\n                        <div class=\"wp-block-button__link\">\n                                                            Industrie du verre\n                                                    <\/div>\n                    <\/div>\n                <\/div>\n                    <\/div>\n            <\/a>\n                    <a href=\"https:\/\/schmalenberger.de\/fr\/pompes-dans-lindustrie-des-matieres-plastiques\/\" class=\"TileOverview-image-container TileOverview-image-container--compact\">\n        <div class=\"TileOverview-item TileOverview-item--compact\"\n             style=\"background-image: url(https:\/\/schmalenberger.de\/wp-content\/uploads\/2022\/02\/image-glasses-showcase-modern-optic-600w-1936930450.webp)\"><\/div>\n        <div class=\"Tile-content Tile-content--compact\">\n            <h3 class=\"TileOverview-heading has-white-color\">Industrie plastique<\/h3>\n                            <div class=\"wp-block-buttons\">\n                    <div class=\"wp-block-button\">\n                        <div class=\"wp-block-button__link\">\n                                                            Industrie plastique\n                                                    <\/div>\n                    <\/div>\n                <\/div>\n                    <\/div>\n            <\/a>\n                    <a href=\"https:\/\/schmalenberger.de\/fr\/pompes-pour-la-construction-dequipements-speciaux\/\" class=\"TileOverview-image-container TileOverview-image-container--compact\">\n        <div class=\"TileOverview-item TileOverview-item--compact\"\n             style=\"background-image: url(https:\/\/schmalenberger.de\/wp-content\/uploads\/2022\/01\/pumpen-sonderanlagen-bau.jpg)\"><\/div>\n        <div class=\"Tile-content Tile-content--compact\">\n            <h3 class=\"TileOverview-heading has-white-color\">Construction de machines sp\u00e9ciales<\/h3>\n                            <div class=\"wp-block-buttons\">\n                    <div class=\"wp-block-button\">\n                        <div class=\"wp-block-button__link\">\n                                                            Construction de machines sp\u00e9ciales\n                                                    <\/div>\n                    <\/div>\n                <\/div>\n                    <\/div>\n            <\/a>\n                    <a href=\"https:\/\/schmalenberger.de\/fr\/pompes-dans-le-genie-de-lenvironnement\/\" class=\"TileOverview-image-container TileOverview-image-container--compact\">\n        <div class=\"TileOverview-item TileOverview-item--compact\"\n             style=\"background-image: url(https:\/\/schmalenberger.de\/wp-content\/uploads\/2022\/02\/umwelttechnik-schmalenberger.jpg)\"><\/div>\n        <div class=\"Tile-content Tile-content--compact\">\n            <h3 class=\"TileOverview-heading has-white-color\">Environnement<\/h3>\n                            <div class=\"wp-block-buttons\">\n                    <div class=\"wp-block-button\">\n                        <div class=\"wp-block-button__link\">\n                                                            Environnement\n                                                    <\/div>\n                    <\/div>\n                <\/div>\n                    <\/div>\n            <\/a>\n                    <a href=\"https:\/\/schmalenberger.de\/fr\/pompes-dans-la-technologie-des-piscines\/\" class=\"TileOverview-image-container TileOverview-image-container--compact\">\n        <div class=\"TileOverview-item TileOverview-item--compact\"\n             style=\"background-image: url(https:\/\/schmalenberger.de\/wp-content\/uploads\/2022\/02\/pumpen-schwimmbadtechnik.jpg)\"><\/div>\n        <div class=\"Tile-content Tile-content--compact\">\n            <h3 class=\"TileOverview-heading has-white-color\">Technique de piscines<\/h3>\n                            <div class=\"wp-block-buttons\">\n                    <div class=\"wp-block-button\">\n                        <div class=\"wp-block-button__link\">\n                                                            Technique de piscines\n                                                    <\/div>\n                    <\/div>\n                <\/div>\n                    <\/div>\n            <\/a>\n    <\/div><\/div><\/div>\n\n\n\n<div class=\"wp-block-group alignfull has-light-gray-background-color has-background\"><div class=\"wp-block-group__inner-container is-layout-flow wp-block-group-is-layout-flow\">\n<h2 class=\"has-text-align-center is-style-heading-withLine wp-block-heading\">D\u00e9couvrez nos produits<\/h2>\n\n\n\n<p class=\"has-text-align-center\">Avec plus de 14 types de pompes et dans chaque type de nombreuses tailles, nous couvrons un immense \u00e9ventail de pompes pour applications industrielles. Vous ne trouvez pas la pompe r\u00e9pondant&nbsp;\u00e0 vos besoins ? Contactez-nous &#8211; nous vous aiderons !<\/p>\n\n\n<div class=\"TileOverview-container Columns-3 is-style-teaser\">\n                <div class=\"TileOverview-item--teaser\">\n            <a href=\"https:\/\/schmalenberger.de\/fr\/categories-de-produits\/\" aria-label=\"Link \u00fcber Kachelbild\">\n            <div class=\"TileOverview-image-container\">\n                <div class=\"TileOverview-image\"\n                     style=\"background-image: url(https:\/\/schmalenberger.de\/wp-content\/uploads\/2022\/01\/produktkategorien.jpg);\"><\/div>\n            <\/div>\n        <\/a>\n    \n            <div class=\"TileOverview-content\">\n            <h5 class=\"TileOverview-heading TileOverview-heading--teaser\">Cat\u00e9gories de produits <\/h5>\n            <p class=\"TileOverview-teaser\">Vous connaissez vos fili\u00e8res et vos groupes-cibles ? Dans ce cas, vous \u00eates \u00e0 la bonne adresse. Nous avons subdivis\u00e9 nos types de pompes en 11 grandes cat\u00e9gories : Choisissez votre type de produit suivant la construction ou l\u2019usage pr\u00e9vu.<\/p>\n        <\/div>\n    \n    <\/div>\n\n\n                <div class=\"TileOverview-item--teaser\">\n            <a href=\"https:\/\/schmalenberger.de\/fr\/pump-types\/\" aria-label=\"Link \u00fcber Kachelbild\">\n            <div class=\"TileOverview-image-container\">\n                <div class=\"TileOverview-image\"\n                     style=\"background-image: url(https:\/\/schmalenberger.de\/wp-content\/uploads\/2022\/01\/schmalenberger-pumpentypen.jpg);\"><\/div>\n            <\/div>\n        <\/a>\n    \n            <div class=\"TileOverview-content\">\n            <h5 class=\"TileOverview-heading TileOverview-heading--teaser\">Produits class\u00e9s par type <\/h5>\n            <p class=\"TileOverview-teaser\">Vous connaissez d\u00e9j\u00e0 notre portefeuille de produits ? Ici, nous avons class\u00e9 notre gamme de pompes par types. Vous obtenez rapidement  et facilement toutes les informations dont vous avez besoin, y compris les caract\u00e9ristiques techniques et les courbes de puissance.<\/p>\n        <\/div>\n    \n    <\/div>\n\n\n                <div class=\"TileOverview-item--teaser\">\n            <a href=\"https:\/\/schmalenberger.de\/fr\/trouver-une-pompe\/\" aria-label=\"Link \u00fcber Kachelbild\">\n            <div class=\"TileOverview-image-container\">\n                <div class=\"TileOverview-image\"\n                     style=\"background-image: url(https:\/\/schmalenberger.de\/wp-content\/uploads\/2022\/01\/passende-foerderloesung-finden.jpg);\"><\/div>\n            <\/div>\n        <\/a>\n    \n            <div class=\"TileOverview-content\">\n            <h5 class=\"TileOverview-heading TileOverview-heading--teaser\">Outil de s\u00e9lection <\/h5>\n            <p class=\"TileOverview-teaser\">Vous pr\u00e9voyez un projet et avez d\u00e9fini vos exigences ? Dans ce cas, c\u2019est notre outil de s\u00e9lection de produit qu\u2019il vous faut. Ici, vous obtiendrez des propositions apr\u00e8s avoir d\u00e9fini la hauteur manom\u00e9trique, le d\u00e9bit souhait\u00e9 et introduit encore d\u2019autres crit\u00e8res.<\/p>\n        <\/div>\n    \n     \n        <div class=\"Tile-new\">\n            <p>NOUVEAU<\/p>\n        <\/div>\n    <\/div>\n\n\n    <\/div><\/div><\/div>\n\n\n\n<div class=\"wp-block-group alignfull\"><div class=\"wp-block-group__inner-container is-layout-flow wp-block-group-is-layout-flow\">\n<div class=\"wp-block-group alignwide\"><div class=\"wp-block-group__inner-container is-layout-flow wp-block-group-is-layout-flow\">\n<h2 class=\"has-text-align-center is-style-heading-withLine wp-block-heading\">Nous sommes l\u00e0 pour vous!<\/h2>\n\n\n\n<div class=\"wp-block-columns alignwide is-layout-flex wp-container-core-columns-is-layout-9d6595d7 wp-block-columns-is-layout-flex\">\n<div class=\"wp-block-column is-layout-flow wp-block-column-is-layout-flow\">\n<div class=\"wp-block-image\"><figure class=\"aligncenter size-large is-resized\"><img loading=\"lazy\" decoding=\"async\" src=\"https:\/\/schmalenberger.de\/wp-content\/uploads\/\/2021\/11\/rufen-sie-uns-an-1.svg\" alt=\"\" class=\"wp-image-2904\" width=\"69\" height=\"75\" \/><\/figure><\/div>\n\n\n\n<h3 class=\"has-text-align-center has-extra-large-font-size wp-block-heading\"><strong>N\u2019h\u00e9sitez pas \u00e0 nous appeler<\/strong><\/h3>\n\n\n\n<p class=\"has-text-align-center\">Du lundi au vendredi de 9 h \u00e0 18 h<\/p>\n\n\n\n<div class=\"wp-block-buttons is-horizontal is-content-justification-center is-layout-flex wp-container-core-buttons-is-layout-499968f5 wp-block-buttons-is-layout-flex\">\n<div class=\"wp-block-button is-style-outline is-style-outline--1\"><a class=\"wp-block-button__link\" href=\"tel:0033247804881\">+33 2 47 80 48 81<\/a><\/div>\n<\/div>\n<\/div>\n\n\n\n<div class=\"wp-block-column is-layout-flow wp-block-column-is-layout-flow\">\n<div class=\"wp-block-image\"><figure class=\"aligncenter size-large is-resized\"><img loading=\"lazy\" decoding=\"async\" src=\"https:\/\/schmalenberger.de\/wp-content\/uploads\/\/2021\/11\/kontaktformular-1.svg\" alt=\"\" class=\"wp-image-2919\" width=\"100\" height=\"75\" \/><\/figure><\/div>\n\n\n\n<h3 class=\"has-text-align-center has-extra-large-font-size wp-block-heading\"><strong>E-Mail<\/strong><\/h3>\n\n\n\n<p>N\u2019h\u00e9sitez pas \u00e0 nous envoyer un mail<\/p>\n\n\n\n<div class=\"wp-block-buttons is-horizontal is-content-justification-center is-layout-flex wp-container-core-buttons-is-layout-499968f5 wp-block-buttons-is-layout-flex\">\n<div class=\"wp-block-button is-style-outline is-style-outline--2\"><a class=\"wp-block-button__link\" href=\"mailto:info@schmalenberger.de\">info@schmalenberger.de<\/a><\/div>\n<\/div>\n<\/div>\n\n\n\n<div class=\"wp-block-column is-layout-flow wp-block-column-is-layout-flow\">\n<div class=\"wp-block-image\"><figure class=\"aligncenter size-large is-resized\"><img loading=\"lazy\" decoding=\"async\" src=\"https:\/\/schmalenberger.de\/wp-content\/uploads\/\/2021\/11\/ansprechpartner-1.svg\" alt=\"\" class=\"wp-image-2913\" width=\"76\" height=\"75\" \/><\/figure><\/div>\n\n\n\n<h3 class=\"has-text-align-center has-extra-large-font-size wp-block-heading\">Contact<\/h3>\n\n\n\n<p class=\"has-text-align-center\">Trouvez votre personne de contact ici<\/p>\n\n\n\n<div class=\"wp-block-buttons is-horizontal is-content-justification-center is-layout-flex wp-container-core-buttons-is-layout-499968f5 wp-block-buttons-is-layout-flex\">\n<div class=\"wp-block-button is-style-outline is-style-outline--3\"><a class=\"wp-block-button__link\" href=\"https:\/\/schmalenberger.de\/fr\/contact\/\">Votre personne de contact<\/a><\/div>\n<\/div>\n<\/div>\n\n\n\n<div class=\"wp-block-column is-layout-flow wp-block-column-is-layout-flow\">\n<div class=\"wp-block-image\"><figure class=\"aligncenter size-large is-resized\"><img loading=\"lazy\" decoding=\"async\" src=\"https:\/\/schmalenberger.de\/wp-content\/uploads\/\/2021\/11\/service-und-vertriebspartner-1.svg\" alt=\"\" class=\"wp-image-2907\" width=\"75\" height=\"75\" \/><\/figure><\/div>\n\n\n\n<h3 class=\"has-text-align-center has-extra-large-font-size wp-block-heading\">Distributeurs<\/h3>\n\n\n\n<p class=\"has-text-align-center\">&#8230; vous trouverez ici :<\/p>\n\n\n\n<div class=\"wp-block-buttons is-horizontal is-content-justification-center is-layout-flex wp-container-core-buttons-is-layout-499968f5 wp-block-buttons-is-layout-flex\">\n<div class=\"wp-block-button is-style-outline is-style-outline--4\"><a class=\"wp-block-button__link\" href=\"https:\/\/schmalenberger.de\/fr\/contact\/\">Distributeurs<\/a><\/div>\n<\/div>\n<\/div>\n<\/div>\n<\/div><\/div>\n\n\n\n<p><\/p>\n<\/div><\/div>\n","protected":false},"excerpt":{"rendered":"<p>Dans la section technologie des fluides, Schmalenberger d\u00e9veloppe et produit des pompes centrifuges depuis plus de 70 ans. Nos activit\u00e9s sont centr\u00e9es sur des solutions de refoulement pour applications industrielles, notamment pour les constructions m\u00e9caniques&hellip;<\/p>\n","protected":false},"author":1,"featured_media":0,"parent":0,"menu_order":0,"comment_status":"closed","ping_status":"closed","template":"","meta":{"_acf_changed":false,"footnotes":""},"class_list":["post-5363","page","type-page","status-publish","hentry"],"acf":[],"_links":{"self":[{"href":"https:\/\/schmalenberger.de\/fr\/wp-json\/wp\/v2\/pages\/5363","targetHints":{"allow":["GET"]}}],"collection":[{"href":"https:\/\/schmalenberger.de\/fr\/wp-json\/wp\/v2\/pages"}],"about":[{"href":"https:\/\/schmalenberger.de\/fr\/wp-json\/wp\/v2\/types\/page"}],"author":[{"embeddable":true,"href":"https:\/\/schmalenberger.de\/fr\/wp-json\/wp\/v2\/users\/1"}],"replies":[{"embeddable":true,"href":"https:\/\/schmalenberger.de\/fr\/wp-json\/wp\/v2\/comments?post=5363"}],"version-history":[{"count":10,"href":"https:\/\/schmalenberger.de\/fr\/wp-json\/wp\/v2\/pages\/5363\/revisions"}],"predecessor-version":[{"id":6912,"href":"https:\/\/schmalenberger.de\/fr\/wp-json\/wp\/v2\/pages\/5363\/revisions\/6912"}],"wp:attachment":[{"href":"https:\/\/schmalenberger.de\/fr\/wp-json\/wp\/v2\/media?parent=5363"}],"curies":[{"name":"wp","href":"https:\/\/api.w.org\/{rel}","templated":true}]}}