{"id":5370,"date":"2022-01-13T12:04:54","date_gmt":"2022-01-13T11:04:54","guid":{"rendered":"https:\/\/schmalenberger.wp3.visual4.com\/produktkategorien\/"},"modified":"2022-02-28T16:59:20","modified_gmt":"2022-02-28T15:59:20","slug":"categories-de-produits","status":"publish","type":"page","link":"https:\/\/schmalenberger.de\/fr\/categories-de-produits\/","title":{"rendered":"Cat\u00e9gories de produits"},"content":{"rendered":"\n<div class=\"wp-block-group\"><div class=\"wp-block-group__inner-container is-layout-flow wp-block-group-is-layout-flow\">\n\n<div class=\"wp-block-v4core-inner-blocks SEOHeading\">\n<h2 class=\"has-text-align-center SEOHeading-heading is-style-heading-withLine wp-block-heading\" id=\"pumpenauswahl-nach-produktkategorien\"><strong>S\u00c9LECTION D\u2019UNE POMPE D\u2019APR\u00c8S LES CAT\u00c9GORIES DE PRODUITS<\/strong><\/h2>\n\n\n\n<p class=\"has-text-align-center SEOHeading-fauxHeading\">Vue synoptique<\/p>\n<\/div>\n\n\n\n\n<p class=\"has-text-align-center\">Nous avons regroup\u00e9 nos types de pompes suivant leurs caract\u00e9ristiques et leurs utilisations classiques. Ceci vous facilite la comparaison et m\u00e8ne \u00e0 une s\u00e9lection rapide de la pompe qui vous convient.<\/p>\n\n\n<div class=\"TileOverview-container Columns-4 is-style-compact\">\n                    <a href=\"\/fr\/types-de-pompes\/pompes-horizontales\/\" class=\"TileOverview-image-container TileOverview-image-container--compact\">\n        <div class=\"TileOverview-item TileOverview-item--compact\"\n             style=\"background-image: url(https:\/\/schmalenberger.de\/wp-content\/uploads\/2022\/02\/zhb-icon.jpg)\"><\/div>\n        <div class=\"Tile-content Tile-content--compact\">\n            <h3 class=\"TileOverview-heading has-white-color\">Pompes horizontales<\/h3>\n                            <div class=\"wp-block-buttons\">\n                    <div class=\"wp-block-button\">\n                        <div class=\"wp-block-button__link\">\n                                                            Pompes horizontales\n                                                    <\/div>\n                    <\/div>\n                <\/div>\n                    <\/div>\n            <\/a>\n                    <a href=\"\/fr\/types-de-pompes\/pompes-verticales\/\" class=\"TileOverview-image-container TileOverview-image-container--compact\">\n        <div class=\"TileOverview-item TileOverview-item--compact\"\n             style=\"background-image: url(https:\/\/schmalenberger.de\/wp-content\/uploads\/2022\/02\/th-icon.jpg)\"><\/div>\n        <div class=\"Tile-content Tile-content--compact\">\n            <h3 class=\"TileOverview-heading has-white-color\">Pompes verticales<\/h3>\n                            <div class=\"wp-block-buttons\">\n                    <div class=\"wp-block-button\">\n                        <div class=\"wp-block-button__link\">\n                                                            Pompes verticales\n                                                    <\/div>\n                    <\/div>\n                <\/div>\n                    <\/div>\n            <\/a>\n                    <a href=\"\/fr\/types-de-pompes\/pompes-en-ligne\/\" class=\"TileOverview-image-container TileOverview-image-container--compact\">\n        <div class=\"TileOverview-item TileOverview-item--compact\"\n             style=\"background-image: url(https:\/\/schmalenberger.de\/wp-content\/uploads\/2022\/02\/s-icon.jpg)\"><\/div>\n        <div class=\"Tile-content Tile-content--compact\">\n            <h3 class=\"TileOverview-heading has-white-color\">Pompes en ligne<\/h3>\n                            <div class=\"wp-block-buttons\">\n                    <div class=\"wp-block-button\">\n                        <div class=\"wp-block-button__link\">\n                                                            Pompes en ligne\n                                                    <\/div>\n                    <\/div>\n                <\/div>\n                    <\/div>\n            <\/a>\n                    <a href=\"\/fr\/types-de-pompes\/pompes-a-installation-seche\/\" class=\"TileOverview-image-container TileOverview-image-container--compact\">\n        <div class=\"TileOverview-item TileOverview-item--compact\"\n             style=\"background-image: url(https:\/\/schmalenberger.de\/wp-content\/uploads\/2022\/02\/nb-icon.jpg)\"><\/div>\n        <div class=\"Tile-content Tile-content--compact\">\n            <h3 class=\"TileOverview-heading has-white-color\">Pompes \u00e0 installation s\u00e8che<\/h3>\n                            <div class=\"wp-block-buttons\">\n                    <div class=\"wp-block-button\">\n                        <div class=\"wp-block-button__link\">\n                                                            Pompes \u00e0 installation s\u00e8che\n                                                    <\/div>\n                    <\/div>\n                <\/div>\n                    <\/div>\n            <\/a>\n                    <a href=\"\/fr\/types-de-pompes\/pompes-immergees\/\" class=\"TileOverview-image-container TileOverview-image-container--compact\">\n        <div class=\"TileOverview-item TileOverview-item--compact\"\n             style=\"background-image: url(https:\/\/schmalenberger.de\/wp-content\/uploads\/2022\/02\/sz-icon.jpg)\"><\/div>\n        <div class=\"Tile-content Tile-content--compact\">\n            <h3 class=\"TileOverview-heading has-white-color\">Pompes immerg\u00e9es<\/h3>\n                            <div class=\"wp-block-buttons\">\n                    <div class=\"wp-block-button\">\n                        <div class=\"wp-block-button__link\">\n                                                            Pompes immerg\u00e9es\n                                                    <\/div>\n                    <\/div>\n                <\/div>\n                    <\/div>\n            <\/a>\n                    <a href=\"\/fr\/types-de-pompes\/pompes-auto-amorcantes\/\" class=\"TileOverview-image-container TileOverview-image-container--compact\">\n        <div class=\"TileOverview-item TileOverview-item--compact\"\n             style=\"background-image: url(https:\/\/schmalenberger.de\/wp-content\/uploads\/2022\/02\/sm-icon.jpg)\"><\/div>\n        <div class=\"Tile-content Tile-content--compact\">\n            <h3 class=\"TileOverview-heading has-white-color\">Pompes auto-amor\u00e7antes<\/h3>\n                            <div class=\"wp-block-buttons\">\n                    <div class=\"wp-block-button\">\n                        <div class=\"wp-block-button__link\">\n                                                            Pompes auto-amor\u00e7antes\n                                                    <\/div>\n                    <\/div>\n                <\/div>\n                    <\/div>\n            <\/a>\n                    <a href=\"\/fr\/types-de-pompes\/pompes-en-matiere-plastique\/\" class=\"TileOverview-image-container TileOverview-image-container--compact\">\n        <div class=\"TileOverview-item TileOverview-item--compact\"\n             style=\"background-image: url(https:\/\/schmalenberger.de\/wp-content\/uploads\/2022\/02\/zht-icon.jpg)\"><\/div>\n        <div class=\"Tile-content Tile-content--compact\">\n            <h3 class=\"TileOverview-heading has-white-color\">Pompes en mati\u00e8re plastique<\/h3>\n                            <div class=\"wp-block-buttons\">\n                    <div class=\"wp-block-button\">\n                        <div class=\"wp-block-button__link\">\n                                                            Pompes en mati\u00e8re plastique\n                                                    <\/div>\n                    <\/div>\n                <\/div>\n                    <\/div>\n            <\/a>\n                    <a href=\"\/fr\/types-de-pompes\/pompes-broyeuses\/\" class=\"TileOverview-image-container TileOverview-image-container--compact\">\n        <div class=\"TileOverview-item TileOverview-item--compact\"\n             style=\"background-image: url(https:\/\/schmalenberger.de\/wp-content\/uploads\/2022\/02\/szcut-icon.jpg)\"><\/div>\n        <div class=\"Tile-content Tile-content--compact\">\n            <h3 class=\"TileOverview-heading has-white-color\">Pompes broyeuses<\/h3>\n                            <div class=\"wp-block-buttons\">\n                    <div class=\"wp-block-button\">\n                        <div class=\"wp-block-button__link\">\n                                                            Pompes broyeuses\n                                                    <\/div>\n                    <\/div>\n                <\/div>\n                    <\/div>\n            <\/a>\n                    <a href=\"\/fr\/types-de-pompes\/pompes-non-engorgeables\/\" class=\"TileOverview-image-container TileOverview-image-container--compact\">\n        <div class=\"TileOverview-item TileOverview-item--compact\"\n             style=\"background-image: url(https:\/\/schmalenberger.de\/wp-content\/uploads\/2022\/02\/fb-icon.jpg)\"><\/div>\n        <div class=\"Tile-content Tile-content--compact\">\n            <h3 class=\"TileOverview-heading has-white-color\">Pompes non engorgeables<\/h3>\n                            <div class=\"wp-block-buttons\">\n                    <div class=\"wp-block-button\">\n                        <div class=\"wp-block-button__link\">\n                                                            Pompes non engorgeables\n                                                    <\/div>\n                    <\/div>\n                <\/div>\n                    <\/div>\n            <\/a>\n                    <a href=\"\/fr\/types-de-pompes\/pompes-centrifuges-monobloc-normalisees\/\" class=\"TileOverview-image-container TileOverview-image-container--compact\">\n        <div class=\"TileOverview-item TileOverview-item--compact\"\n             style=\"background-image: url(https:\/\/schmalenberger.de\/wp-content\/uploads\/2022\/02\/nb-icon.jpg)\"><\/div>\n        <div class=\"Tile-content Tile-content--compact\">\n            <h3 class=\"TileOverview-heading has-white-color\">Pompes centrifuges monobloc normalis\u00e9es<\/h3>\n                            <div class=\"wp-block-buttons\">\n                    <div class=\"wp-block-button\">\n                        <div class=\"wp-block-button__link\">\n                                                            Pompes centrifuges monobloc normalis\u00e9es\n                                                    <\/div>\n                    <\/div>\n                <\/div>\n                    <\/div>\n            <\/a>\n                    <a href=\"\/fr\/solutions-individuelles\/\" class=\"TileOverview-image-container TileOverview-image-container--compact\">\n        <div class=\"TileOverview-item TileOverview-item--compact\"\n             style=\"background-image: url(https:\/\/schmalenberger.de\/wp-content\/uploads\/2022\/02\/individual-icon.jpg)\"><\/div>\n        <div class=\"Tile-content Tile-content--compact\">\n            <h3 class=\"TileOverview-heading has-white-color\">Solutions individuelles<\/h3>\n                            <div class=\"wp-block-buttons\">\n                    <div class=\"wp-block-button\">\n                        <div class=\"wp-block-button__link\">\n                                                            Solutions individuelles\n                                                    <\/div>\n                    <\/div>\n                <\/div>\n                    <\/div>\n            <\/a>\n    <\/div><\/div><\/div>\n","protected":false},"excerpt":{"rendered":"","protected":false},"author":5,"featured_media":0,"parent":0,"menu_order":0,"comment_status":"closed","ping_status":"closed","template":"","meta":{"_acf_changed":false,"footnotes":""},"class_list":["post-5370","page","type-page","status-publish","hentry"],"acf":[],"_links":{"self":[{"href":"https:\/\/schmalenberger.de\/fr\/wp-json\/wp\/v2\/pages\/5370","targetHints":{"allow":["GET"]}}],"collection":[{"href":"https:\/\/schmalenberger.de\/fr\/wp-json\/wp\/v2\/pages"}],"about":[{"href":"https:\/\/schmalenberger.de\/fr\/wp-json\/wp\/v2\/types\/page"}],"author":[{"embeddable":true,"href":"https:\/\/schmalenberger.de\/fr\/wp-json\/wp\/v2\/users\/5"}],"replies":[{"embeddable":true,"href":"https:\/\/schmalenberger.de\/fr\/wp-json\/wp\/v2\/comments?post=5370"}],"version-history":[{"count":1,"href":"https:\/\/schmalenberger.de\/fr\/wp-json\/wp\/v2\/pages\/5370\/revisions"}],"predecessor-version":[{"id":5371,"href":"https:\/\/schmalenberger.de\/fr\/wp-json\/wp\/v2\/pages\/5370\/revisions\/5371"}],"wp:attachment":[{"href":"https:\/\/schmalenberger.de\/fr\/wp-json\/wp\/v2\/media?parent=5370"}],"curies":[{"name":"wp","href":"https:\/\/api.w.org\/{rel}","templated":true}]}}