{"id":5388,"date":"2022-01-05T17:53:35","date_gmt":"2022-01-05T16:53:35","guid":{"rendered":"https:\/\/schmalenberger.wp3.visual4.com\/pumpen-fuer-werkzeugmaschinen\/"},"modified":"2022-02-28T17:48:08","modified_gmt":"2022-02-28T16:48:08","slug":"pompes-pour-machines-outils","status":"publish","type":"page","link":"https:\/\/schmalenberger.de\/fr\/pompes-pour-machines-outils\/","title":{"rendered":"Pompes pour machines-outils"},"content":{"rendered":"\n<h1 class=\"has-text-align-left is-style-heading-withLine wp-block-heading\">Pompes Schmalenberger dans le cadre de l\u2019usinage par enl\u00e8vement de copeaux<\/h1>\n\n\n\n<p>Cela fait de nombreuses ann\u00e9es que des constructeurs de renom misent sur des produits de nos \u00e9tablissements pour leurs machines et installations techniques.&nbsp; Perceuses, d\u00e9colleteuses, rectifieuses, fraiseuses et installations de filtration de lubrifiants de coupe sont dot\u00e9es de pompes Schmalenberger. Exp\u00e9rience, fiabilit\u00e9 et dur\u00e9e de vie sont essentielles pour nos clients.<\/p>\n\n\n\n<h3 class=\"has-text-align-left wp-block-heading\"><strong><strong>Usages et domaines d\u2019application de nos pompes&nbsp;:<\/strong><\/strong><\/h3>\n\n\n\n<ul class=\"is-style-triangle-markers wp-block-list\"><li>Machines-outils (percer\/tourner\/rectifier\/fraiser)<\/li><li>Meuleuses et tron\u00e7onneuses, par ex. pour le travail de la pierre<\/li><li>\u00c9quipements de coupe sous arrosage<\/li><li>Installations de r\u00e9cup\u00e9ration<\/li><li>Syst\u00e8mes filtrants (lubrifiants de coupe \/ huiles)<\/li><\/ul>\n\n\n\n<div class=\"wp-block-group alignfull has-light-gray-background-color has-background\"><div class=\"wp-block-group__inner-container is-layout-flow wp-block-group-is-layout-flow\">\n<div class=\"wp-block-media-text is-stacked-on-mobile is-vertically-aligned-top\"><figure class=\"wp-block-media-text__media\"><img decoding=\"async\" src=\"https:\/\/schmalenberger.de\/wp-content\/uploads\/2022\/01\/pumpe-kuehlschmierstoffe-hersteller-1024x682.jpg\" alt=\"\" class=\"wp-image-4323 size-full\" \/><\/figure><div class=\"wp-block-media-text__content\">\n<h3 class=\"wp-block-heading\"><strong><strong>\u00c0 titre d\u2019exemple, notre recommandation pour l\u2019alimentation en lubrifiants de coupe\u00a0:<\/strong><\/strong><\/h3>\n\n\n\n<p>Nos pompes de type <a href=\"https:\/\/schmalenberger.de\/fr\/pump\/type-ksp\/\">KSP<\/a>, <a href=\"https:\/\/schmalenberger.de\/fr\/pump\/type-zhb\/\">ZHB<\/a>, <a href=\"https:\/\/schmalenberger.de\/fr\/pump\/type-th\/\">TH<\/a> ou <a href=\"https:\/\/schmalenberger.de\/fr\/pump\/type-s\/\">S<\/a> conviennent parfaitement au refoulement de lubrifiants de coupe et huiles sans copeaux.<\/p>\n<\/div><\/div>\n\n\n\n<div style=\"height:70px\" aria-hidden=\"true\" class=\"wp-block-spacer\"><\/div>\n\n\n\n<div class=\"wp-block-media-text has-media-on-the-right is-stacked-on-mobile is-vertically-aligned-top\"><figure class=\"wp-block-media-text__media\"><img decoding=\"async\" src=\"https:\/\/schmalenberger.de\/wp-content\/uploads\/2022\/02\/pumpe-kuehlschmierstoffrueckfoerderung.jpg\" alt=\"\" class=\"wp-image-4555 size-full\" \/><\/figure><div class=\"wp-block-media-text__content\">\n<h3 class=\"wp-block-heading\"><strong><strong>\u00c0 titre d\u2019exemple, notre recommandation pour le retour de lubrifiants de coupe\u00a0:<\/strong><\/strong><\/h3>\n\n\n\n<p>Pour les fluides peu ou fortement charg\u00e9s d\u2019impuret\u00e9s, nous pr\u00e9voyons nos s\u00e9ries <a href=\"https:\/\/schmalenberger.de\/fr\/pump\/type-sm\/\">SM<\/a>, <a href=\"https:\/\/schmalenberger.de\/fr\/pump\/type-fb\/\">FB<\/a>, <a href=\"https:\/\/schmalenberger.de\/fr\/pump\/type-sz\/\">SZ<\/a>, <a href=\"https:\/\/schmalenberger.de\/fr\/pump\/type-szcut\/\">SZcut<\/a> et <a href=\"https:\/\/schmalenberger.de\/fr\/pump\/type-fz\/\">FZ<\/a>.<\/p>\n\n\n\n<p>A noter en particulier, le <a href=\"https:\/\/schmalenberger.de\/fr\/pump\/type-sm\/\">type SM<\/a>\u00a0: Il v\u00e9hicule sans probl\u00e8mes les impuret\u00e9s, copeaux et fluides avec inclusions d\u2019air. Un autre de ses avantages est l\u2019auto-amor\u00e7age. Ses domaines d\u2019application sont l\u2019acheminement des lubrifiants de coupe de la machine-outil vers le syst\u00e8me de filtration et le convoyeur \u00e0 copeaux.<\/p>\n\n\n\n<p>Unsere Pumpentypen <a href=\"https:\/\/schmalenberger.de\/pump\/typ-ksp\/\">KSP<\/a>, <a href=\"https:\/\/schmalenberger.de\/pump\/typ-zhb\/\">ZHB<\/a>, <a href=\"https:\/\/schmalenberger.de\/pump\/typ-th\/\">TH<\/a> und <a href=\"https:\/\/schmalenberger.de\/pump\/typ-s\/\">S<\/a> sind f\u00fcr die <strong>F\u00f6rderung von spanfreien K\u00fchlschmierstoffen mit \u00d6len<\/strong> bestens geeignet.<\/p>\n<\/div><\/div>\n<\/div><\/div>\n\n\n\n<div class=\"wp-block-media-text is-stacked-on-mobile is-vertically-aligned-top\"><figure class=\"wp-block-media-text__media\"><img decoding=\"async\" src=\"https:\/\/schmalenberger.de\/wp-content\/uploads\/2022\/02\/pumpen-filtration-zerspanende-industrie.jpg\" alt=\"\" class=\"wp-image-4559 size-full\" \/><\/figure><div class=\"wp-block-media-text__content\">\n<h3 class=\"wp-block-heading\"><strong><strong><strong>\u00c0 titre d\u2019exemple, notre recommandation pour la filtration\u00a0:<\/strong><\/strong><\/strong><\/h3>\n\n\n\n<p>Notre <a href=\"https:\/\/schmalenberger.de\/fr\/pump\/type-ksp\/\">type KSP<\/a> convient particuli\u00e8rement \u00e0 l\u2019acheminement des lubrifiants de coupe vers le syst\u00e8me de filtration et la r\u00e9cup\u00e9ration du fluide \u00e9pur\u00e9. L\u2019auto-amor\u00e7age et une rapide mont\u00e9e en pression pr\u00e9destinent cette pompe \u00e0 un emploi pour les cycles de production.<\/p>\n<\/div><\/div>\n\n\n\n<div class=\"wp-block-group alignfull has-light-gray-background-color has-background\"><div class=\"wp-block-group__inner-container is-layout-flow wp-block-group-is-layout-flow\">\n<div class=\"wp-block-columns is-layout-flex wp-container-core-columns-is-layout-9d6595d7 wp-block-columns-is-layout-flex\">\n<div class=\"wp-block-column is-layout-flow wp-block-column-is-layout-flow\">\n<h3 class=\"wp-block-heading\"><strong><strong><strong><strong>\u00c0 titre d\u2019exemple, notre recommandation pour le pompage de r\u00e9cup\u00e9ration\u00a0:<\/strong><\/strong><\/strong><\/strong><\/h3>\n\n\n\n<p>Nous vous proposons ici 2 types de pompe diff\u00e9rents\u00a0: La pompe broyeuse SZcut avec couteau int\u00e9gr\u00e9 fragmente et refoule jusqu\u2019au filtre le fluide charg\u00e9 de copeaux. Le type SZ quant \u00e0 lui pourra s\u2019employer pour des fluides peu charg\u00e9s, par ex. des boues de rectification. Les deux pompes sont de construction identique et donc interchangeables.<\/p>\n<\/div>\n\n\n\n<div class=\"wp-block-column is-layout-flow wp-block-column-is-layout-flow\">\n<figure class=\"wp-block-gallery has-nested-images columns-2 is-cropped wp-block-gallery-1 is-layout-flex wp-block-gallery-is-layout-flex\">\n<figure class=\"wp-block-image size-large\"><img loading=\"lazy\" decoding=\"async\" width=\"800\" height=\"800\" data-id=\"3428\" src=\"https:\/\/schmalenberger.de\/wp-content\/uploads\/2022\/01\/pumpe-mit-integriertem-schneidwerk-spaene-vorher.jpg\" alt=\"\" class=\"wp-image-3428\" srcset=\"https:\/\/schmalenberger.de\/wp-content\/uploads\/2022\/01\/pumpe-mit-integriertem-schneidwerk-spaene-vorher.jpg 800w, https:\/\/schmalenberger.de\/wp-content\/uploads\/2022\/01\/pumpe-mit-integriertem-schneidwerk-spaene-vorher-300x300.jpg 300w, https:\/\/schmalenberger.de\/wp-content\/uploads\/2022\/01\/pumpe-mit-integriertem-schneidwerk-spaene-vorher-150x150.jpg 150w, https:\/\/schmalenberger.de\/wp-content\/uploads\/2022\/01\/pumpe-mit-integriertem-schneidwerk-spaene-vorher-768x768.jpg 768w\" sizes=\"auto, (max-width: 800px) 100vw, 800px\" \/><\/figure>\n\n\n\n<figure class=\"wp-block-image size-large\"><img loading=\"lazy\" decoding=\"async\" width=\"800\" height=\"800\" data-id=\"3425\" src=\"https:\/\/schmalenberger.de\/wp-content\/uploads\/2022\/01\/pumpe-mit-integriertem-schneidwerk-spaene-nachher.jpg\" alt=\"\" class=\"wp-image-3425\" srcset=\"https:\/\/schmalenberger.de\/wp-content\/uploads\/2022\/01\/pumpe-mit-integriertem-schneidwerk-spaene-nachher.jpg 800w, https:\/\/schmalenberger.de\/wp-content\/uploads\/2022\/01\/pumpe-mit-integriertem-schneidwerk-spaene-nachher-300x300.jpg 300w, https:\/\/schmalenberger.de\/wp-content\/uploads\/2022\/01\/pumpe-mit-integriertem-schneidwerk-spaene-nachher-150x150.jpg 150w, https:\/\/schmalenberger.de\/wp-content\/uploads\/2022\/01\/pumpe-mit-integriertem-schneidwerk-spaene-nachher-768x768.jpg 768w\" sizes=\"auto, (max-width: 800px) 100vw, 800px\" \/><\/figure>\n\n\n\n<figure class=\"wp-block-image size-large\"><img loading=\"lazy\" decoding=\"async\" width=\"1000\" height=\"481\" data-id=\"3431\" src=\"https:\/\/schmalenberger.de\/wp-content\/uploads\/2022\/01\/pumpe-mit-integriertem-schneidwerk-schmalenberger.jpg\" alt=\"\" class=\"wp-image-3431\" srcset=\"https:\/\/schmalenberger.de\/wp-content\/uploads\/2022\/01\/pumpe-mit-integriertem-schneidwerk-schmalenberger.jpg 1000w, https:\/\/schmalenberger.de\/wp-content\/uploads\/2022\/01\/pumpe-mit-integriertem-schneidwerk-schmalenberger-300x144.jpg 300w, https:\/\/schmalenberger.de\/wp-content\/uploads\/2022\/01\/pumpe-mit-integriertem-schneidwerk-schmalenberger-768x369.jpg 768w\" sizes=\"auto, (max-width: 1000px) 100vw, 1000px\" \/><\/figure>\n<\/figure>\n<\/div>\n<\/div>\n<\/div><\/div>\n\n\n\n<div class=\"wp-block-media-text is-stacked-on-mobile is-vertically-aligned-top\"><figure class=\"wp-block-media-text__media\"><img decoding=\"async\" src=\"https:\/\/schmalenberger.de\/wp-content\/uploads\/2022\/01\/pumpen-spaenefoerderung.jpg\" alt=\"\" class=\"wp-image-4329 size-full\" \/><\/figure><div class=\"wp-block-media-text__content\">\n<h3 class=\"wp-block-heading\"><strong><strong><strong><strong><strong>\u00c0 titre d\u2019exemple, notre recommandation pour le refoulement de copeaux\u00a0:<\/strong><\/strong><\/strong><\/strong><\/strong><\/h3>\n\n\n\n<p><a href=\"https:\/\/schmalenberger.de\/fr\/pump\/type-szcut\/\">La pompe broyeuse SZcut<\/a> constitue notre \u00e9l\u00e9ment phare pour le refoulement\u00a0 de copeaux. Notre s\u00e9rie actuelle SZ 40-13, toute nouvelle, convient pour des r\u00e9servoirs de faible profondeur et peut s\u2019installer dans la cuve ou dans le convoyeur \u00e0 copeaux.<\/p>\n\n\n\n<p><strong><strong>Usages\u00a0:<\/strong><\/strong><\/p>\n\n\n\n<ul class=\"is-style-triangle-markers wp-block-list\"><li>refoulement de fluides \u00e0 tr\u00e8s forte inclusion d\u2019air et proportion de particules solides<\/li><li>fluides abrasifs fortement charg\u00e9s et avec impuret\u00e9s grossi\u00e8res<\/li><li>convient pour les solutions alcalines, solvants, \u00e9mulsions, copeaux et boues de rectification<\/li><\/ul>\n<\/div><\/div>\n\n\n\n<div class=\"wp-block-cover alignfull has-parallax is-style-hover-scale-footer\" style=\"background-image:url(https:\/\/schmalenberger.de\/wp-content\/uploads\/2022\/01\/passende-pumpe-finden.jpg);min-height:60vh;aspect-ratio:unset;\"><span aria-hidden=\"true\" class=\"has-background-dim-60 wp-block-cover__gradient-background has-background-dim\"><\/span><div class=\"wp-block-cover__inner-container is-layout-flow wp-block-cover-is-layout-flow\">\n<h2 class=\"wp-block-heading\">Trouvez la pompe centrifuge qui vous convient !<\/h2>\n\n\n\n<p>Sur la base de quelques attributs seulement, notre outil rep\u00e8re les types de pompe qui vous int\u00e9ressent. A chaque type correspondent des informations suppl\u00e9mentaires telles que les d\u00e9tails techniques et les courbes caract\u00e9ristiques.<\/p>\n\n\n\n<div class=\"wp-block-buttons is-layout-flex wp-block-buttons-is-layout-flex\">\n<div class=\"wp-block-button\"><a class=\"wp-block-button__link\" href=\"https:\/\/schmalenberger.de\/fr\/trouver-une-pompe\/\">Trouver une pompe<\/a><\/div>\n<\/div>\n<\/div><\/div>\n","protected":false},"excerpt":{"rendered":"<p>Pompes Schmalenberger dans le cadre de l\u2019usinage par enl\u00e8vement de copeaux Cela fait de nombreuses ann\u00e9es que des constructeurs de renom misent sur des produits de nos \u00e9tablissements pour leurs machines et installations techniques.&nbsp; Perceuses,&hellip;<\/p>\n","protected":false},"author":5,"featured_media":0,"parent":0,"menu_order":0,"comment_status":"closed","ping_status":"closed","template":"","meta":{"_acf_changed":false,"footnotes":""},"class_list":["post-5388","page","type-page","status-publish","hentry"],"acf":[],"_links":{"self":[{"href":"https:\/\/schmalenberger.de\/fr\/wp-json\/wp\/v2\/pages\/5388","targetHints":{"allow":["GET"]}}],"collection":[{"href":"https:\/\/schmalenberger.de\/fr\/wp-json\/wp\/v2\/pages"}],"about":[{"href":"https:\/\/schmalenberger.de\/fr\/wp-json\/wp\/v2\/types\/page"}],"author":[{"embeddable":true,"href":"https:\/\/schmalenberger.de\/fr\/wp-json\/wp\/v2\/users\/5"}],"replies":[{"embeddable":true,"href":"https:\/\/schmalenberger.de\/fr\/wp-json\/wp\/v2\/comments?post=5388"}],"version-history":[{"count":10,"href":"https:\/\/schmalenberger.de\/fr\/wp-json\/wp\/v2\/pages\/5388\/revisions"}],"predecessor-version":[{"id":5407,"href":"https:\/\/schmalenberger.de\/fr\/wp-json\/wp\/v2\/pages\/5388\/revisions\/5407"}],"wp:attachment":[{"href":"https:\/\/schmalenberger.de\/fr\/wp-json\/wp\/v2\/media?parent=5388"}],"curies":[{"name":"wp","href":"https:\/\/api.w.org\/{rel}","templated":true}]}}