{"id":5410,"date":"2022-01-05T17:54:27","date_gmt":"2022-01-05T16:54:27","guid":{"rendered":"https:\/\/schmalenberger.wp3.visual4.com\/pumpen-fuer-oberflaechentechnik-und-reinigungsanlagen\/"},"modified":"2022-02-28T17:58:03","modified_gmt":"2022-02-28T16:58:03","slug":"lingenierie-de-surface","status":"publish","type":"page","link":"https:\/\/schmalenberger.de\/fr\/lingenierie-de-surface\/","title":{"rendered":"L\u2019ing\u00e9nierie de surface"},"content":{"rendered":"\n<h1 class=\"has-text-align-left is-style-heading-withLine wp-block-heading\">Pompes Schmalenberger dans le domaine de l\u2019ing\u00e9nierie de surface<\/h1>\n\n\n\n<p>Notre large gamme de pompes se retrouve dans de nombreux \u00e9quipements de l\u2019ing\u00e9nierie de surface. Par exemple dans la pr\u00e9paration chimique ou m\u00e9canique ou pour l\u2019enl\u00e8vement de mati\u00e8re. L\u2019ing\u00e9nierie de surface a des exigences tr\u00e8s diverses et extr\u00eames. Les fluides corrosifs et les grandes variations de viscosit\u00e9 et de temp\u00e9rature mettent \u00e0 rude \u00e9preuve le corps de pompe, la roue, le syst\u00e8me d\u2019\u00e9tanch\u00e9it\u00e9 et l\u2019arbre. Pour ces applications extr\u00eames, il existe un grand nombre de s\u00e9ries de pompes\u00a0: Selon le type, on pourra opter pour l\u2019acier inoxydable, la mati\u00e8re plastique ou la fonte grise. On pourra choisir parmi nos pompes centrifuges \u00e0 installation s\u00e8che et celles con\u00e7ues pour montage dans un r\u00e9servoir. Norme ATEX\u00a0: Les pompes Schmalenberger peuvent aussi \u00eatre soumises avec moteur triphas\u00e9 en version anti-d\u00e9flagrante ou certifici\u00e9 ATEX.<\/p>\n\n\n\n<div class=\"wp-block-group alignfull has-light-gray-background-color has-background\"><div class=\"wp-block-group__inner-container is-layout-flow wp-block-group-is-layout-flow\">\n<div class=\"wp-block-columns is-layout-flex wp-container-core-columns-is-layout-9d6595d7 wp-block-columns-is-layout-flex\">\n<div class=\"wp-block-column is-layout-flow wp-block-column-is-layout-flow\">\n<h4 class=\"wp-block-heading\"><strong><strong>Domaines d\u2019application<\/strong><\/strong><br><strong><strong>des pompes Schmalenberger :<\/strong><\/strong><\/h4>\n\n\n\n<ul class=\"is-style-triangle-markers wp-block-list\"><li>Machines et appareils du g\u00e9nie des proc\u00e9d\u00e9s<\/li><li>Ing\u00e9nierie des surfaces<\/li><li>Syst\u00e8mes d\u2019\u00e9puration\/de d\u00e9graissage<\/li><li>Technologies de filtration<\/li><li>Installations de mise en peinture \/ lignes de peinture<\/li><\/ul>\n<\/div>\n\n\n\n<div class=\"wp-block-column is-layout-flow wp-block-column-is-layout-flow\">\n<h4 class=\"wp-block-heading\"><strong><strong><strong>Usages<\/strong><\/strong><\/strong><br><strong><strong><strong>des pompes Schmalenberger :<\/strong><\/strong><\/strong><\/h4>\n\n\n\n<ul class=\"is-style-triangle-markers wp-block-list\"><li>Refoulement de fluides pour le d\u00e9graissage, le d\u00e9capage, la passivation et le rin\u00e7age, convenant pour l\u2019eau d\u00e9min\u00e9ralis\u00e9e, la peinture hydrodiluable ou les boues de peinture<\/li><\/ul>\n<\/div>\n<\/div>\n<\/div><\/div>\n\n\n\n<div class=\"wp-block-media-text is-stacked-on-mobile is-vertically-aligned-top\"><figure class=\"wp-block-media-text__media\"><img decoding=\"async\" src=\"https:\/\/schmalenberger.de\/wp-content\/uploads\/2022\/02\/pumpen-filtration-oberflaechentechnik.jpg\" alt=\"\" class=\"wp-image-4566 size-full\" \/><\/figure><div class=\"wp-block-media-text__content\">\n<h4 class=\"wp-block-heading\"><strong><strong>A titre d\u2019exemple, notre recommandation pour la filtration\u00a0:<\/strong><\/strong><\/h4>\n\n\n\n<p>Notre type <a href=\"https:\/\/schmalenberger.de\/fr\/pump\/type-ksp\/\">KSP<\/a> est le plus r\u00e9pandu quand il s\u2019agit des t\u00e2ches de filtration. Les versions multi-\u00e9tag\u00e9es permettent une adaptation optimale \u00e0 un cas de figure donn\u00e9.<\/p>\n<\/div><\/div>\n\n\n\n<div style=\"height:70px\" aria-hidden=\"true\" class=\"wp-block-spacer\"><\/div>\n\n\n\n<div class=\"wp-block-media-text has-media-on-the-right is-stacked-on-mobile is-vertically-aligned-top\"><figure class=\"wp-block-media-text__media\"><img decoding=\"async\" src=\"https:\/\/schmalenberger.de\/wp-content\/uploads\/2022\/01\/pumpen-oberflaechentechnik-reinigungssyteme-1024x682.jpg\" alt=\"\" class=\"wp-image-4466 size-full\" \/><\/figure><div class=\"wp-block-media-text__content\">\n<h4 class=\"wp-block-heading\"><strong><strong><strong>\u00c0 titre d\u2019exemple, notre recommandation pour les syst\u00e8mes d\u2019\u00e9puration\u00a0:<\/strong><\/strong><\/strong><\/h4>\n\n\n\n<p>Nos <a href=\"https:\/\/schmalenberger.de\/fr\/pump\/type-fb\/\">pompes du type FB<\/a> (pompes non engorgeables) sont des pompes centrifuges robustes, fiables et d\u2019entretien ais\u00e9, pour installation s\u00e8che. De construction compacte, elles s\u2019int\u00e8grent sans probl\u00e8mes dans de nombreuses installations.<\/p>\n<\/div><\/div>\n\n\n\n<div class=\"wp-block-cover alignfull has-parallax is-style-hover-scale-footer\" style=\"background-image:url(https:\/\/schmalenberger.de\/wp-content\/uploads\/2022\/01\/passende-pumpe-finden.jpg);min-height:60vh;aspect-ratio:unset;\"><span aria-hidden=\"true\" class=\"has-background-dim-60 wp-block-cover__gradient-background has-background-dim\"><\/span><div class=\"wp-block-cover__inner-container is-layout-flow wp-block-cover-is-layout-flow\">\n<h2 class=\"wp-block-heading\">Trouvez la pompe centrifuge qui vous convient !<\/h2>\n\n\n\n<p>Sur la base de quelques attributs seulement, notre outil rep\u00e8re les types de pompe qui vous int\u00e9ressent. A chaque type correspondent des informations suppl\u00e9mentaires telles que les d\u00e9tails techniques et les courbes caract\u00e9ristiques.<\/p>\n\n\n\n<div class=\"wp-block-buttons is-layout-flex wp-block-buttons-is-layout-flex\">\n<div class=\"wp-block-button\"><a class=\"wp-block-button__link\" href=\"https:\/\/schmalenberger.de\/fr\/trouver-une-pompe\/\">Trouver une pompe<\/a><\/div>\n<\/div>\n<\/div><\/div>\n","protected":false},"excerpt":{"rendered":"<p>Pompes Schmalenberger dans le domaine de l\u2019ing\u00e9nierie de surface Notre large gamme de pompes se retrouve dans de nombreux \u00e9quipements de l\u2019ing\u00e9nierie de surface. Par exemple dans la pr\u00e9paration chimique ou m\u00e9canique ou pour l\u2019enl\u00e8vement&hellip;<\/p>\n","protected":false},"author":5,"featured_media":0,"parent":0,"menu_order":0,"comment_status":"closed","ping_status":"closed","template":"","meta":{"_acf_changed":false,"footnotes":""},"class_list":["post-5410","page","type-page","status-publish","hentry"],"acf":[],"_links":{"self":[{"href":"https:\/\/schmalenberger.de\/fr\/wp-json\/wp\/v2\/pages\/5410","targetHints":{"allow":["GET"]}}],"collection":[{"href":"https:\/\/schmalenberger.de\/fr\/wp-json\/wp\/v2\/pages"}],"about":[{"href":"https:\/\/schmalenberger.de\/fr\/wp-json\/wp\/v2\/types\/page"}],"author":[{"embeddable":true,"href":"https:\/\/schmalenberger.de\/fr\/wp-json\/wp\/v2\/users\/5"}],"replies":[{"embeddable":true,"href":"https:\/\/schmalenberger.de\/fr\/wp-json\/wp\/v2\/comments?post=5410"}],"version-history":[{"count":4,"href":"https:\/\/schmalenberger.de\/fr\/wp-json\/wp\/v2\/pages\/5410\/revisions"}],"predecessor-version":[{"id":5416,"href":"https:\/\/schmalenberger.de\/fr\/wp-json\/wp\/v2\/pages\/5410\/revisions\/5416"}],"wp:attachment":[{"href":"https:\/\/schmalenberger.de\/fr\/wp-json\/wp\/v2\/media?parent=5410"}],"curies":[{"name":"wp","href":"https:\/\/api.w.org\/{rel}","templated":true}]}}