{"id":5418,"date":"2022-01-05T17:55:00","date_gmt":"2022-01-05T16:55:00","guid":{"rendered":"https:\/\/schmalenberger.wp3.visual4.com\/pumpen-fuer-die-industrielle-kuehlung\/"},"modified":"2022-02-28T18:02:27","modified_gmt":"2022-02-28T17:02:27","slug":"pompes-de-la-refrigeration-industrielle","status":"publish","type":"page","link":"https:\/\/schmalenberger.de\/fr\/pompes-de-la-refrigeration-industrielle\/","title":{"rendered":"Pompes de la r\u00e9frig\u00e9ration industrielle"},"content":{"rendered":"\n<h1 class=\"has-text-align-left is-style-heading-withLine wp-block-heading\">Pompes Schmalenberger dans le cadre de la r\u00e9frig\u00e9ration industrielle<\/h1>\n\n\n\n<p>Les exigences auxquelles doivent satisfaire les pompes dans le domaine de la r\u00e9frig\u00e9ration industrielle sont consid\u00e9rables. Les grandes diff\u00e9rences de temp\u00e9rature, les hauteurs manom\u00e9triques importantes et les constructions compactes exigent une pompe de refoulement stable garantissant la fiabilit\u00e9 des processus. Pour les circuits de refroidissement ouverts comme ferm\u00e9s, nous offrons des solutions optimales.<\/p>\n\n\n\n<div class=\"wp-block-group alignfull has-light-gray-background-color has-background\"><div class=\"wp-block-group__inner-container is-layout-flow wp-block-group-is-layout-flow\">\n<div class=\"wp-block-columns is-layout-flex wp-container-core-columns-is-layout-9d6595d7 wp-block-columns-is-layout-flex\">\n<div class=\"wp-block-column is-layout-flow wp-block-column-is-layout-flow\">\n<h4 class=\"wp-block-heading\"><strong><strong>Domaines d\u2019application<\/strong><\/strong><br><strong><strong>des pompes Schmalenberger :<\/strong><\/strong><\/h4>\n\n\n\n<ul class=\"is-style-triangle-markers wp-block-list\"><li>Pr\u00e9-refroidissement<\/li><li>Refoulement de liquides r\u00e9frig\u00e9rants<\/li><li>\u00c9l\u00e9vation de pression dans le circuit de r\u00e9frig\u00e9ration<\/li><li>R\u00e9cup\u00e9ration \/ retraitement<\/li><\/ul>\n<\/div>\n\n\n\n<div class=\"wp-block-column is-layout-flow wp-block-column-is-layout-flow\">\n<h4 class=\"wp-block-heading\"><strong><strong><strong>Usages<\/strong><\/strong><\/strong><br><strong><strong><strong>des pompes Schmalenberger :<\/strong><\/strong><\/strong><\/h4>\n\n\n\n<ul class=\"is-style-triangle-markers wp-block-list\"><li>Appareils et installations de r\u00e9frig\u00e9ration, compresseurs (mobiles ou fixes)<\/li><li>Refroidissement de processus industriels<\/li><li>Refroidissement de syst\u00e8mes de soudage et de transformateurs<\/li><li>Refroidissement d\u2019\u00e9quipements laser industriels et m\u00e9dicaux<\/li><li>Pompes \u00e0 chaleur<\/li><li>\u00c9vaporateurs \/ Condenseurs<\/li><\/ul>\n<\/div>\n<\/div>\n<\/div><\/div>\n\n\n\n<div class=\"wp-block-media-text is-stacked-on-mobile is-vertically-aligned-top\"><figure class=\"wp-block-media-text__media\"><img decoding=\"async\" src=\"https:\/\/schmalenberger.de\/wp-content\/uploads\/2022\/02\/pumpen-fuer-kuehlung-von-prozessen.jpg\" alt=\"\" class=\"wp-image-4574 size-full\" \/><\/figure><div class=\"wp-block-media-text__content\">\n<h4 class=\"wp-block-heading\"><strong><strong><strong>A titre d\u2019exemple, notre recommandation pour le refroidissement de processus industriels\u00a0:<\/strong><\/strong><\/strong><\/h4>\n\n\n\n<p>Notre type <a href=\"https:\/\/schmalenberger.de\/fr\/pump\/type-ksp\/\">KSP<\/a> est une pompe centrifuge multicellulaire, auto-amor\u00e7ante, qui peut \u00eatre configur\u00e9e pour vos processus individuels en ce qui concerne le d\u00e9bit et le choix des mat\u00e9riaux.<\/p>\n<\/div><\/div>\n\n\n\n<div class=\"wp-block-cover alignfull has-parallax is-style-hover-scale-footer\" style=\"background-image:url(https:\/\/schmalenberger.de\/wp-content\/uploads\/2022\/01\/passende-pumpe-finden.jpg);min-height:60vh;aspect-ratio:unset;\"><span aria-hidden=\"true\" class=\"has-background-dim-60 wp-block-cover__gradient-background has-background-dim\"><\/span><div class=\"wp-block-cover__inner-container is-layout-flow wp-block-cover-is-layout-flow\">\n<h2 class=\"wp-block-heading\">Trouvez la pompe centrifuge qui vous convient !<\/h2>\n\n\n\n<p>Sur la base de quelques attributs seulement, notre outil rep\u00e8re les types de pompe qui vous int\u00e9ressent. A chaque type correspondent des informations suppl\u00e9mentaires telles que les d\u00e9tails techniques et les courbes caract\u00e9ristiques.<\/p>\n\n\n\n<div class=\"wp-block-buttons is-layout-flex wp-block-buttons-is-layout-flex\">\n<div class=\"wp-block-button\"><a class=\"wp-block-button__link\" href=\"https:\/\/schmalenberger.de\/fr\/trouver-une-pompe\/\">Trouver une pompe<\/a><\/div>\n<\/div>\n<\/div><\/div>\n","protected":false},"excerpt":{"rendered":"<p>Pompes Schmalenberger dans le cadre de la r\u00e9frig\u00e9ration industrielle Les exigences auxquelles doivent satisfaire les pompes dans le domaine de la r\u00e9frig\u00e9ration industrielle sont consid\u00e9rables. Les grandes diff\u00e9rences de temp\u00e9rature, les hauteurs manom\u00e9triques importantes et&hellip;<\/p>\n","protected":false},"author":5,"featured_media":0,"parent":0,"menu_order":0,"comment_status":"closed","ping_status":"closed","template":"","meta":{"_acf_changed":false,"footnotes":""},"class_list":["post-5418","page","type-page","status-publish","hentry"],"acf":[],"_links":{"self":[{"href":"https:\/\/schmalenberger.de\/fr\/wp-json\/wp\/v2\/pages\/5418","targetHints":{"allow":["GET"]}}],"collection":[{"href":"https:\/\/schmalenberger.de\/fr\/wp-json\/wp\/v2\/pages"}],"about":[{"href":"https:\/\/schmalenberger.de\/fr\/wp-json\/wp\/v2\/types\/page"}],"author":[{"embeddable":true,"href":"https:\/\/schmalenberger.de\/fr\/wp-json\/wp\/v2\/users\/5"}],"replies":[{"embeddable":true,"href":"https:\/\/schmalenberger.de\/fr\/wp-json\/wp\/v2\/comments?post=5418"}],"version-history":[{"count":4,"href":"https:\/\/schmalenberger.de\/fr\/wp-json\/wp\/v2\/pages\/5418\/revisions"}],"predecessor-version":[{"id":5424,"href":"https:\/\/schmalenberger.de\/fr\/wp-json\/wp\/v2\/pages\/5418\/revisions\/5424"}],"wp:attachment":[{"href":"https:\/\/schmalenberger.de\/fr\/wp-json\/wp\/v2\/media?parent=5418"}],"curies":[{"name":"wp","href":"https:\/\/api.w.org\/{rel}","templated":true}]}}