{"id":5425,"date":"2022-01-05T17:55:28","date_gmt":"2022-01-05T16:55:28","guid":{"rendered":"https:\/\/schmalenberger.wp3.visual4.com\/pumpen-fuer-die-glasindustrie\/"},"modified":"2022-02-28T18:06:49","modified_gmt":"2022-02-28T17:06:49","slug":"pompes-dans-lindustrie-du-verre","status":"publish","type":"page","link":"https:\/\/schmalenberger.de\/fr\/pompes-dans-lindustrie-du-verre\/","title":{"rendered":"Pompes dans l\u2019industrie du verre"},"content":{"rendered":"\n<h1 class=\"has-text-align-left is-style-heading-withLine wp-block-heading\">Pompes Schmalenberger dans l\u2019industrie du verre<\/h1>\n\n\n\n<p>Les pompes sont fortement sollicit\u00e9es quand il s\u2019agit du traitement des eaux dans l\u2019industrie du verre. L\u2019eau de refroidissement ou des processus est souvent charg\u00e9e de particules de verre, de poussi\u00e8res provenant du pon\u00e7age, d\u2019huiles et d\u2019additifs. Verre d\u2019emballage, verre technique ou verre plat\u00a0: Des productions aussi vari\u00e9es exigent des solutions cibl\u00e9es. Nous les avons, n\u2019h\u00e9sitez pas \u00e0 vous renseigner chez nous\u00a0:<\/p>\n\n\n\n<div class=\"wp-block-group alignfull has-light-gray-background-color has-background\"><div class=\"wp-block-group__inner-container is-layout-flow wp-block-group-is-layout-flow\">\n<div class=\"wp-block-columns is-layout-flex wp-container-core-columns-is-layout-9d6595d7 wp-block-columns-is-layout-flex\">\n<div class=\"wp-block-column is-layout-flow wp-block-column-is-layout-flow\">\n<h4 class=\"wp-block-heading\"><strong><strong>Domaines d\u2019application<\/strong><\/strong><br><strong><strong>des pompes Schmalenberger :<\/strong><\/strong><\/h4>\n\n\n\n<ul class=\"is-style-triangle-markers wp-block-list\"><li>Transport d\u2019eau de refroidissement<\/li><li>Filtration<\/li><li>S\u00e9parateur<\/li><li>Traitement des eaux de pon\u00e7age<\/li><\/ul>\n<\/div>\n\n\n\n<div class=\"wp-block-column is-layout-flow wp-block-column-is-layout-flow\">\n<h4 class=\"wp-block-heading\"><strong><strong><strong>Usages<\/strong><\/strong><\/strong><br><strong><strong><strong>des pompes Schmalenberger :<\/strong><\/strong><\/strong><\/h4>\n\n\n\n<ul class=\"is-style-triangle-markers wp-block-list\"><li>Filtres \u00e0 bande continues et sous vide<\/li><li>Tours a\u00e9ror\u00e9frig\u00e9rantes, arches de recuisson, installations de refroidissement<\/li><li>Applications de rev\u00eatement<\/li><li>Syst\u00e8mes de nettoyage<\/li><\/ul>\n<\/div>\n<\/div>\n<\/div><\/div>\n\n\n\n<div class=\"wp-block-media-text is-stacked-on-mobile is-vertically-aligned-top\"><figure class=\"wp-block-media-text__media\"><img decoding=\"async\" src=\"https:\/\/schmalenberger.de\/wp-content\/uploads\/2022\/02\/pumpen-reinigungsanlage-glasindustrie.jpg\" alt=\"\" class=\"wp-image-4578 size-full\" \/><\/figure><div class=\"wp-block-media-text__content\">\n<h4 class=\"wp-block-heading\"><strong><strong><strong>\u00c0 titre d\u2019exemple, notre recommandation pour les syst\u00e8mes de nettoyage dans l\u2019industrie du verre :<\/strong><\/strong><\/strong><\/h4>\n\n\n\n<p>Un grand nombre de nos pompes peut s\u2019employer dans l\u2019industrie du verre. Les types <a href=\"https:\/\/schmalenberger.de\/fr\/pump\/type-zhb\/\">ZHB<\/a>, <a href=\"https:\/\/schmalenberger.de\/fr\/pump\/type-zhs\/\">ZHS<\/a>, <a href=\"https:\/\/schmalenberger.de\/fr\/pump\/type-zht\/\">ZHT<\/a>, <a href=\"https:\/\/schmalenberger.de\/fr\/pump\/type-th\/\">TH<\/a> et <a href=\"https:\/\/schmalenberger.de\/fr\/pump\/type-duo\/\">DUO<\/a> peuvent \u00eatre dot\u00e9s de plusieurs sorties de pression pour des points de fonctionnement tout \u00e0 fait diff\u00e9rents.<\/p>\n<\/div><\/div>\n\n\n\n<div class=\"wp-block-cover alignfull has-parallax is-style-hover-scale-footer\" style=\"background-image:url(https:\/\/schmalenberger.de\/wp-content\/uploads\/2022\/01\/passende-pumpe-finden.jpg);min-height:60vh;aspect-ratio:unset;\"><span aria-hidden=\"true\" class=\"has-background-dim-60 wp-block-cover__gradient-background has-background-dim\"><\/span><div class=\"wp-block-cover__inner-container is-layout-flow wp-block-cover-is-layout-flow\">\n<h2 class=\"wp-block-heading\">Trouvez la pompe centrifuge qui vous convient !<\/h2>\n\n\n\n<p>Sur la base de quelques attributs seulement, notre outil rep\u00e8re les types de pompe qui vous int\u00e9ressent. A chaque type correspondent des informations suppl\u00e9mentaires telles que les d\u00e9tails techniques et les courbes caract\u00e9ristiques.<\/p>\n\n\n\n<div class=\"wp-block-buttons is-layout-flex wp-block-buttons-is-layout-flex\">\n<div class=\"wp-block-button\"><a class=\"wp-block-button__link\" href=\"https:\/\/schmalenberger.de\/fr\/trouver-une-pompe\/\">Trouver une pompe<\/a><\/div>\n<\/div>\n<\/div><\/div>\n","protected":false},"excerpt":{"rendered":"<p>Pompes Schmalenberger dans l\u2019industrie du verre Les pompes sont fortement sollicit\u00e9es quand il s\u2019agit du traitement des eaux dans l\u2019industrie du verre. L\u2019eau de refroidissement ou des processus est souvent charg\u00e9e de particules de verre,&hellip;<\/p>\n","protected":false},"author":5,"featured_media":0,"parent":0,"menu_order":0,"comment_status":"closed","ping_status":"closed","template":"","meta":{"_acf_changed":false,"footnotes":""},"class_list":["post-5425","page","type-page","status-publish","hentry"],"acf":[],"_links":{"self":[{"href":"https:\/\/schmalenberger.de\/fr\/wp-json\/wp\/v2\/pages\/5425","targetHints":{"allow":["GET"]}}],"collection":[{"href":"https:\/\/schmalenberger.de\/fr\/wp-json\/wp\/v2\/pages"}],"about":[{"href":"https:\/\/schmalenberger.de\/fr\/wp-json\/wp\/v2\/types\/page"}],"author":[{"embeddable":true,"href":"https:\/\/schmalenberger.de\/fr\/wp-json\/wp\/v2\/users\/5"}],"replies":[{"embeddable":true,"href":"https:\/\/schmalenberger.de\/fr\/wp-json\/wp\/v2\/comments?post=5425"}],"version-history":[{"count":4,"href":"https:\/\/schmalenberger.de\/fr\/wp-json\/wp\/v2\/pages\/5425\/revisions"}],"predecessor-version":[{"id":5432,"href":"https:\/\/schmalenberger.de\/fr\/wp-json\/wp\/v2\/pages\/5425\/revisions\/5432"}],"wp:attachment":[{"href":"https:\/\/schmalenberger.de\/fr\/wp-json\/wp\/v2\/media?parent=5425"}],"curies":[{"name":"wp","href":"https:\/\/api.w.org\/{rel}","templated":true}]}}