{"id":5433,"date":"2022-01-05T17:55:55","date_gmt":"2022-01-05T16:55:55","guid":{"rendered":"https:\/\/schmalenberger.wp3.visual4.com\/pumpen-fuer-die-kunststoffindustrie\/"},"modified":"2022-02-28T18:11:01","modified_gmt":"2022-02-28T17:11:01","slug":"pompes-dans-lindustrie-des-matieres-plastiques","status":"publish","type":"page","link":"https:\/\/schmalenberger.de\/fr\/pompes-dans-lindustrie-des-matieres-plastiques\/","title":{"rendered":"Pompes dans l\u2019industrie des mati\u00e8res plastiques"},"content":{"rendered":"\n<h1 class=\"has-text-align-left is-style-heading-withLine wp-block-heading\">Pompes Schmalenberger dans l\u2019industrie des mati\u00e8res plastiques<\/h1>\n\n\n\n<p>De nos jours, les fabricants et transformateurs de plastiques misent sur des \u00e9quipements et proc\u00e9d\u00e9s hautement efficaces. Nous vous aidons dans vos t\u00e2ches avec du mat\u00e9riel de pompage assurant la constance des op\u00e9rations.<\/p>\n\n\n\n<div class=\"wp-block-group alignfull has-light-gray-background-color has-background\"><div class=\"wp-block-group__inner-container is-layout-flow wp-block-group-is-layout-flow\">\n<div class=\"wp-block-columns is-layout-flex wp-container-core-columns-is-layout-9d6595d7 wp-block-columns-is-layout-flex\">\n<div class=\"wp-block-column is-layout-flow wp-block-column-is-layout-flow\">\n<h4 class=\"wp-block-heading\"><strong><strong><strong>Domaines d\u2019application<\/strong><\/strong><\/strong><br><strong><strong><strong>des pompes Schmalenberger\u00a0:<\/strong><\/strong><\/strong><\/h4>\n\n\n\n<ul class=\"is-style-triangle-markers wp-block-list\"><li>Refroidissement de moules<\/li><li>Refroidissement de presses hydrauliques<\/li><li>Traitement d\u2019eaux us\u00e9es \/ Filtration<\/li><\/ul>\n<\/div>\n\n\n\n<div class=\"wp-block-column is-layout-flow wp-block-column-is-layout-flow\">\n<h4 class=\"wp-block-heading\"><strong><strong><strong>Usages<\/strong><\/strong><\/strong><br><strong><strong><strong>des pompes Schmalenberger :<\/strong><\/strong><\/strong><\/h4>\n\n\n\n<ul class=\"is-style-triangle-markers wp-block-list\"><li>Machines de moulage par injection<\/li><li>Extrudeuses<\/li><li>Installations de recyclage de plastiques<\/li><li>Syst\u00e8mes de nettoyage<\/li><\/ul>\n<\/div>\n<\/div>\n<\/div><\/div>\n\n\n\n<div class=\"wp-block-media-text is-stacked-on-mobile is-vertically-aligned-top\"><figure class=\"wp-block-media-text__media\"><img decoding=\"async\" src=\"https:\/\/schmalenberger.de\/wp-content\/uploads\/2022\/01\/pumpen-kunststoffindustrie-schmalenberger.jpg\" alt=\"\" class=\"wp-image-4486 size-full\" \/><\/figure><div class=\"wp-block-media-text__content\">\n<h4 class=\"wp-block-heading\"><strong><strong><strong><strong>\u00c0 titre d\u2019exemple, notre recommandation pour l\u2019industrie des plastiques :<\/strong><\/strong><\/strong><\/strong><\/h4>\n\n\n\n<p>Nos pompes des s\u00e9ries <a href=\"https:\/\/schmalenberger.de\/fr\/pump\/type-zhb\/\">ZHB<\/a> et <a href=\"https:\/\/schmalenberger.de\/fr\/pump\/type-ksp\/\">KSP<\/a> sont des pompes centrifuges multi-\u00e9tag\u00e9es \u00e0 installation s\u00e8che et conviennent pour la r\u00e9frig\u00e9ration ou le maintien en temp\u00e9rature. Optimales pour des fluides exempts ou l\u00e9g\u00e8rement charg\u00e9s d\u2019impuret\u00e9s et des \u00e9mulsions telles que les m\u00e9langes d\u2019eau et de glycol.<\/p>\n<\/div><\/div>\n\n\n\n<div class=\"wp-block-cover alignfull has-parallax is-style-hover-scale-footer\" style=\"background-image:url(https:\/\/schmalenberger.de\/wp-content\/uploads\/2022\/01\/passende-pumpe-finden.jpg);min-height:60vh;aspect-ratio:unset;\"><span aria-hidden=\"true\" class=\"has-background-dim-60 wp-block-cover__gradient-background has-background-dim\"><\/span><div class=\"wp-block-cover__inner-container is-layout-flow wp-block-cover-is-layout-flow\">\n<h2 class=\"wp-block-heading\">Trouvez la pompe centrifuge qui vous convient !<\/h2>\n\n\n\n<p>Sur la base de quelques attributs seulement, notre outil rep\u00e8re les types de pompe qui vous int\u00e9ressent. A chaque type correspondent des informations suppl\u00e9mentaires telles que les d\u00e9tails techniques et les courbes caract\u00e9ristiques.<\/p>\n\n\n\n<div class=\"wp-block-buttons is-layout-flex wp-block-buttons-is-layout-flex\">\n<div class=\"wp-block-button\"><a class=\"wp-block-button__link\" href=\"https:\/\/schmalenberger.de\/fr\/trouver-une-pompe\/\">Trouver une pompe<\/a><\/div>\n<\/div>\n<\/div><\/div>\n","protected":false},"excerpt":{"rendered":"<p>Pompes Schmalenberger dans l\u2019industrie des mati\u00e8res plastiques De nos jours, les fabricants et transformateurs de plastiques misent sur des \u00e9quipements et proc\u00e9d\u00e9s hautement efficaces. Nous vous aidons dans vos t\u00e2ches avec du mat\u00e9riel de pompage&hellip;<\/p>\n","protected":false},"author":5,"featured_media":0,"parent":0,"menu_order":0,"comment_status":"closed","ping_status":"closed","template":"","meta":{"_acf_changed":false,"footnotes":""},"class_list":["post-5433","page","type-page","status-publish","hentry"],"acf":[],"_links":{"self":[{"href":"https:\/\/schmalenberger.de\/fr\/wp-json\/wp\/v2\/pages\/5433","targetHints":{"allow":["GET"]}}],"collection":[{"href":"https:\/\/schmalenberger.de\/fr\/wp-json\/wp\/v2\/pages"}],"about":[{"href":"https:\/\/schmalenberger.de\/fr\/wp-json\/wp\/v2\/types\/page"}],"author":[{"embeddable":true,"href":"https:\/\/schmalenberger.de\/fr\/wp-json\/wp\/v2\/users\/5"}],"replies":[{"embeddable":true,"href":"https:\/\/schmalenberger.de\/fr\/wp-json\/wp\/v2\/comments?post=5433"}],"version-history":[{"count":2,"href":"https:\/\/schmalenberger.de\/fr\/wp-json\/wp\/v2\/pages\/5433\/revisions"}],"predecessor-version":[{"id":5436,"href":"https:\/\/schmalenberger.de\/fr\/wp-json\/wp\/v2\/pages\/5433\/revisions\/5436"}],"wp:attachment":[{"href":"https:\/\/schmalenberger.de\/fr\/wp-json\/wp\/v2\/media?parent=5433"}],"curies":[{"name":"wp","href":"https:\/\/api.w.org\/{rel}","templated":true}]}}