{"id":5441,"date":"2022-01-05T17:56:20","date_gmt":"2022-01-05T16:56:20","guid":{"rendered":"https:\/\/schmalenberger.wp3.visual4.com\/pompes-pour-la-construction-dequipements-speciaux\/"},"modified":"2022-02-28T18:18:42","modified_gmt":"2022-02-28T17:18:42","slug":"pompes-pour-la-construction-dequipements-speciaux","status":"publish","type":"page","link":"https:\/\/schmalenberger.de\/fr\/pompes-pour-la-construction-dequipements-speciaux\/","title":{"rendered":"Pompes pour la construction d\u2019\u00e9quipements sp\u00e9ciaux"},"content":{"rendered":"\n<h1 class=\"has-text-align-left is-style-heading-withLine wp-block-heading\">Pompes Schmalenberger pour la construction d\u2019\u00e9quipements sp\u00e9ciaux<\/h1>\n\n\n\n<p>Vos concepts sont uniques &#8211; comme notre portefeuille de pompes industrielles. Nous sommes \u00e0 vos c\u00f4t\u00e9s, de la phase de planification jusqu\u2019\u00e0 la mise en service de vos projets. Concernant la construction d\u2019\u00e9quipements sp\u00e9ciaux, nous nous voyons comme un partenaire avec du savoir-faire et une exp\u00e9rience de plusieurs d\u00e9cennies. Construction sur mesure ou petite s\u00e9rie &#8211; nos composants de grande qualit\u00e9 assurent la r\u00e9alisation de vos projets dans les meilleures conditions de s\u00fbret\u00e9 et de rentabilit\u00e9.<\/p>\n\n\n\n<div class=\"wp-block-group alignfull has-light-gray-background-color has-background\"><div class=\"wp-block-group__inner-container is-layout-flow wp-block-group-is-layout-flow\">\n<div class=\"wp-block-columns is-layout-flex wp-container-core-columns-is-layout-9d6595d7 wp-block-columns-is-layout-flex\">\n<div class=\"wp-block-column is-layout-flow wp-block-column-is-layout-flow\">\n<h4 class=\"wp-block-heading\"><strong><strong>Domaines d\u2019application<\/strong><\/strong><br><strong><strong>des pompes Schmalenberger :<\/strong><\/strong><\/h4>\n\n\n\n<ul class=\"is-style-triangle-markers wp-block-list\"><li>R\u00e9frig\u00e9ration<\/li><li>Filtration<\/li><li>\u00c9l\u00e9vation de pression<\/li><li>Circulation<\/li><li>Traitement des eaux us\u00e9es<\/li><\/ul>\n<\/div>\n\n\n\n<div class=\"wp-block-column is-layout-flow wp-block-column-is-layout-flow\">\n<h4 class=\"wp-block-heading\"><strong><strong><strong>Usages<\/strong><\/strong><\/strong><br><strong><strong><strong>des pompes Schmalenberger :<\/strong><\/strong><\/strong><\/h4>\n\n\n\n<ul class=\"is-style-triangle-markers wp-block-list\"><li>Composants syst\u00e8me pour petites et grandes installations<\/li><li>Alimentation en liquides<\/li><li>Construction de prototypes<\/li><\/ul>\n<\/div>\n<\/div>\n<\/div><\/div>\n\n\n\n<div class=\"wp-block-media-text is-stacked-on-mobile is-vertically-aligned-top\"><figure class=\"wp-block-media-text__media\"><img decoding=\"async\" src=\"https:\/\/schmalenberger.de\/wp-content\/uploads\/2022\/01\/pumpen-sonderanlagenbau.jpg\" alt=\"\" class=\"wp-image-4496 size-full\" \/><\/figure><div class=\"wp-block-media-text__content\">\n<h4 class=\"wp-block-heading\"><strong><strong><strong><strong><strong>\u00c0 titre d\u2019exemple, notre recommandation pour la construction d\u2019\u00e9quipements sp\u00e9ciaux :<\/strong><\/strong><\/strong><\/strong><\/strong><\/h4>\n\n\n\n<p>Ici, c\u2019est notre portefeuille de pompes tout entier qui est \u00e0 votre disposition. 14 types de pompes diff\u00e9rents avec d\u2019innombrables tailles et versions de mat\u00e9riaux \u00e0 configurer, que demander de plus ? Adressez-vous \u00e0 notre service de vente.<\/p>\n<\/div><\/div>\n\n\n\n<div class=\"wp-block-cover alignfull has-parallax is-style-hover-scale-footer\" style=\"background-image:url(https:\/\/schmalenberger.de\/wp-content\/uploads\/2022\/01\/passende-pumpe-finden.jpg);min-height:60vh;aspect-ratio:unset;\"><span aria-hidden=\"true\" class=\"has-background-dim-60 wp-block-cover__gradient-background has-background-dim\"><\/span><div class=\"wp-block-cover__inner-container is-layout-flow wp-block-cover-is-layout-flow\">\n<h2 class=\"wp-block-heading\">Trouvez la pompe centrifuge qui vous convient !<\/h2>\n\n\n\n<p>Sur la base de quelques attributs seulement, notre outil rep\u00e8re les types de pompe qui vous int\u00e9ressent. A chaque type correspondent des informations suppl\u00e9mentaires telles que les d\u00e9tails techniques et les courbes caract\u00e9ristiques.<\/p>\n\n\n\n<div class=\"wp-block-buttons is-layout-flex wp-block-buttons-is-layout-flex\">\n<div class=\"wp-block-button\"><a class=\"wp-block-button__link\" href=\"https:\/\/schmalenberger.de\/fr\/trouver-une-pompe\/\">Trouver une pompe<\/a><\/div>\n<\/div>\n<\/div><\/div>\n","protected":false},"excerpt":{"rendered":"<p>Pompes Schmalenberger pour la construction d\u2019\u00e9quipements sp\u00e9ciaux Vos concepts sont uniques &#8211; comme notre portefeuille de pompes industrielles. Nous sommes \u00e0 vos c\u00f4t\u00e9s, de la phase de planification jusqu\u2019\u00e0 la mise en service de vos&hellip;<\/p>\n","protected":false},"author":5,"featured_media":0,"parent":0,"menu_order":0,"comment_status":"closed","ping_status":"closed","template":"","meta":{"_acf_changed":false,"footnotes":""},"class_list":["post-5441","page","type-page","status-publish","hentry"],"acf":[],"_links":{"self":[{"href":"https:\/\/schmalenberger.de\/fr\/wp-json\/wp\/v2\/pages\/5441","targetHints":{"allow":["GET"]}}],"collection":[{"href":"https:\/\/schmalenberger.de\/fr\/wp-json\/wp\/v2\/pages"}],"about":[{"href":"https:\/\/schmalenberger.de\/fr\/wp-json\/wp\/v2\/types\/page"}],"author":[{"embeddable":true,"href":"https:\/\/schmalenberger.de\/fr\/wp-json\/wp\/v2\/users\/5"}],"replies":[{"embeddable":true,"href":"https:\/\/schmalenberger.de\/fr\/wp-json\/wp\/v2\/comments?post=5441"}],"version-history":[{"count":6,"href":"https:\/\/schmalenberger.de\/fr\/wp-json\/wp\/v2\/pages\/5441\/revisions"}],"predecessor-version":[{"id":5447,"href":"https:\/\/schmalenberger.de\/fr\/wp-json\/wp\/v2\/pages\/5441\/revisions\/5447"}],"wp:attachment":[{"href":"https:\/\/schmalenberger.de\/fr\/wp-json\/wp\/v2\/media?parent=5441"}],"curies":[{"name":"wp","href":"https:\/\/api.w.org\/{rel}","templated":true}]}}