{"id":5449,"date":"2022-01-05T17:56:43","date_gmt":"2022-01-05T16:56:43","guid":{"rendered":"https:\/\/schmalenberger.wp3.visual4.com\/pumpen-fuer-die-umwelttechnik\/"},"modified":"2022-02-28T18:32:29","modified_gmt":"2022-02-28T17:32:29","slug":"pompes-dans-le-genie-de-lenvironnement","status":"publish","type":"page","link":"https:\/\/schmalenberger.de\/fr\/pompes-dans-le-genie-de-lenvironnement\/","title":{"rendered":"Pompes dans le g\u00e9nie de l\u2019environnement"},"content":{"rendered":"\n<h1 class=\"has-text-align-left is-style-heading-withLine wp-block-heading\">Pompes Schmalenberger dans le g\u00e9nie de l\u2019environnement<\/h1>\n\n\n\n<p>Pour le g\u00e9nie de l\u2019environnement, nous proposons un large \u00e9ventail de pompes centrifuges. \u00c0 installation s\u00e8che ou \u00e0 monter dans des r\u00e9servoirs. Vous pouvez recourir \u00e0 nos pompes pour de nombreuses t\u00e2ches : Pour le recyclage de liquides, l\u2019\u00e9vacuation d\u2019eaux us\u00e9es industrielles ou d\u2019une fa\u00e7on g\u00e9n\u00e9rale pour v\u00e9hiculer des fluides. La s\u00e9lection d\u2019une pompe d\u00e9pendra de la composition du fluide \u00e0 v\u00e9hiculer et du contexte d\u2019installation. Pour de nombreux cas de figures, nous avons la pompe qui convient.<\/p>\n\n\n\n<div class=\"wp-block-group alignfull has-light-gray-background-color has-background\"><div class=\"wp-block-group__inner-container is-layout-flow wp-block-group-is-layout-flow\">\n<div class=\"wp-block-columns is-layout-flex wp-container-core-columns-is-layout-9d6595d7 wp-block-columns-is-layout-flex\">\n<div class=\"wp-block-column is-layout-flow wp-block-column-is-layout-flow\">\n<h4 class=\"wp-block-heading\"><strong><strong>Domaines d\u2019application<\/strong><\/strong><br><strong><strong>des pompes Schmalenberger :<\/strong><\/strong><\/h4>\n\n\n\n<ul class=\"is-style-triangle-markers wp-block-list\"><li>\u00c9puration de liquides, recyclage<\/li><li>Stations d\u2019\u00e9puration pour eaux us\u00e9es industrielles<\/li><li>Interventions mobiles<\/li><li>Industrie d\u2019\u00e9puration des effluents gazeux<\/li><li>Industrie d\u2019\u00e9puration de l\u2019air extrait<\/li><\/ul>\n<\/div>\n\n\n\n<div class=\"wp-block-column is-layout-flow wp-block-column-is-layout-flow\">\n<h4 class=\"wp-block-heading\"><strong><strong><strong>Usages<\/strong><\/strong><\/strong><br><strong><strong><strong>des pompes Schmalenberger :<\/strong><\/strong><\/strong><\/h4>\n\n\n\n<ul class=\"is-style-triangle-markers wp-block-list\"><li>Refoulement de fluides, m\u00eame avec de fortes proportions de corps solides<\/li><li>Fluides fortement charg\u00e9s d\u2019impuret\u00e9s et de mati\u00e8res grossi\u00e8res<\/li><li>Conviennent pour les solutions alcalines, les acides, solvants etc.<\/li><\/ul>\n<\/div>\n<\/div>\n<\/div><\/div>\n\n\n\n<div class=\"wp-block-media-text is-stacked-on-mobile is-vertically-aligned-top\"><figure class=\"wp-block-media-text__media\"><img decoding=\"async\" src=\"https:\/\/schmalenberger.de\/wp-content\/uploads\/2022\/02\/pumpen-umwelttechniker.jpg\" alt=\"\" class=\"wp-image-4590 size-full\" \/><\/figure><div class=\"wp-block-media-text__content\">\n<h4 class=\"wp-block-heading\"><strong><strong><strong><strong><strong><strong>Notre recommandation pour le g\u00e9nie de l\u2019environnement :<\/strong><\/strong><\/strong><\/strong><\/strong><\/strong><\/h4>\n\n\n\n<p>Op\u00e9rations complexes, grande diversit\u00e9 des fluides et tr\u00e8s hautes exigences de fiabilit\u00e9 et d\u2019efficacit\u00e9 &#8211; face \u00e0 cela vous disposez de tout notre gamme de produits. En tant que sp\u00e9cialistes des syst\u00e8mes de pompage dans le domaine du g\u00e9nie de l\u2019environnement, nous connaissons parfaitement le sujet. Notre service commercial vous conseille pour s\u00e9lectionner la pompe adapt\u00e9e.<\/p>\n<\/div><\/div>\n\n\n\n<div class=\"wp-block-cover alignfull has-parallax is-style-hover-scale-footer\" style=\"background-image:url(https:\/\/schmalenberger.de\/wp-content\/uploads\/2022\/01\/passende-pumpe-finden.jpg);min-height:60vh;aspect-ratio:unset;\"><span aria-hidden=\"true\" class=\"has-background-dim-60 wp-block-cover__gradient-background has-background-dim\"><\/span><div class=\"wp-block-cover__inner-container is-layout-flow wp-block-cover-is-layout-flow\">\n<h2 class=\"wp-block-heading\">Trouvez la pompe centrifuge qui vous convient !<\/h2>\n\n\n\n<p>Sur la base de quelques attributs seulement, notre outil rep\u00e8re les types de pompe qui vous int\u00e9ressent. A chaque type correspondent des informations suppl\u00e9mentaires telles que les d\u00e9tails techniques et les courbes caract\u00e9ristiques.<\/p>\n\n\n\n<div class=\"wp-block-buttons is-layout-flex wp-block-buttons-is-layout-flex\">\n<div class=\"wp-block-button\"><a class=\"wp-block-button__link\" href=\"https:\/\/schmalenberger.de\/fr\/trouver-une-pompe\/\">Trouver une pompe<\/a><\/div>\n<\/div>\n<\/div><\/div>\n","protected":false},"excerpt":{"rendered":"<p>Pompes Schmalenberger dans le g\u00e9nie de l\u2019environnement Pour le g\u00e9nie de l\u2019environnement, nous proposons un large \u00e9ventail de pompes centrifuges. \u00c0 installation s\u00e8che ou \u00e0 monter dans des r\u00e9servoirs. Vous pouvez recourir \u00e0 nos pompes&hellip;<\/p>\n","protected":false},"author":5,"featured_media":0,"parent":0,"menu_order":0,"comment_status":"closed","ping_status":"closed","template":"","meta":{"_acf_changed":false,"footnotes":""},"class_list":["post-5449","page","type-page","status-publish","hentry"],"acf":[],"_links":{"self":[{"href":"https:\/\/schmalenberger.de\/fr\/wp-json\/wp\/v2\/pages\/5449","targetHints":{"allow":["GET"]}}],"collection":[{"href":"https:\/\/schmalenberger.de\/fr\/wp-json\/wp\/v2\/pages"}],"about":[{"href":"https:\/\/schmalenberger.de\/fr\/wp-json\/wp\/v2\/types\/page"}],"author":[{"embeddable":true,"href":"https:\/\/schmalenberger.de\/fr\/wp-json\/wp\/v2\/users\/5"}],"replies":[{"embeddable":true,"href":"https:\/\/schmalenberger.de\/fr\/wp-json\/wp\/v2\/comments?post=5449"}],"version-history":[{"count":6,"href":"https:\/\/schmalenberger.de\/fr\/wp-json\/wp\/v2\/pages\/5449\/revisions"}],"predecessor-version":[{"id":5457,"href":"https:\/\/schmalenberger.de\/fr\/wp-json\/wp\/v2\/pages\/5449\/revisions\/5457"}],"wp:attachment":[{"href":"https:\/\/schmalenberger.de\/fr\/wp-json\/wp\/v2\/media?parent=5449"}],"curies":[{"name":"wp","href":"https:\/\/api.w.org\/{rel}","templated":true}]}}