{"id":5458,"date":"2022-01-05T17:57:08","date_gmt":"2022-01-05T16:57:08","guid":{"rendered":"https:\/\/schmalenberger.wp3.visual4.com\/pumpen-fuer-die-schwimmbadtechnik\/"},"modified":"2022-02-28T18:36:36","modified_gmt":"2022-02-28T17:36:36","slug":"pompes-dans-la-technologie-des-piscines","status":"publish","type":"page","link":"https:\/\/schmalenberger.de\/fr\/pompes-dans-la-technologie-des-piscines\/","title":{"rendered":"Pompes dans la technologie des piscines"},"content":{"rendered":"\n<h1 class=\"has-text-align-left is-style-heading-withLine wp-block-heading\">Pompes Schmalenberger dans la technologie des piscines<\/h1>\n\n\n\n<p>Depuis 1970, nous d\u00e9veloppons et produisons sous la marque fluvo<sup>\u00ae<\/sup> des pompes et attractions pour les piscines de particuliers, d\u2019h\u00f4tels ou d\u2019\u00e9tablissements publics, avec lesquelles nous connaissons un grand succ\u00e8s sur le march\u00e9.<\/p>\n\n\n\n<div class=\"wp-block-group alignfull has-light-gray-background-color has-background\"><div class=\"wp-block-group__inner-container is-layout-flow wp-block-group-is-layout-flow\">\n<div class=\"wp-block-columns is-layout-flex wp-container-core-columns-is-layout-9d6595d7 wp-block-columns-is-layout-flex\">\n<div class=\"wp-block-column is-layout-flow wp-block-column-is-layout-flow\">\n<h4 class=\"wp-block-heading\"><strong><strong>Domaines d\u2019application et usages<\/strong><\/strong><br><strong><strong>de nos pompes :<\/strong><\/strong><\/h4>\n\n\n\n<ul class=\"is-style-triangle-markers wp-block-list\"><li>Installations de nage \u00e0 contre-courant<\/li><li>\u00c9quipements d\u2019hydromassage<\/li><li>Douches cascade, syst\u00e8mes \u00e0 rideaux d\u2019eau<\/li><li>Rivi\u00e8res \u00e0 courant<\/li><li>Pompes pour la circulation de l\u2019eau de bassin, pompes de filtration<\/li><\/ul>\n<\/div>\n\n\n\n<div class=\"wp-block-column is-layout-flow wp-block-column-is-layout-flow\">\n<h4 class=\"wp-block-heading\"><strong><strong><strong>Usages :<\/strong><\/strong><\/strong><\/h4>\n\n\n\n<ul class=\"is-style-triangle-markers wp-block-list\"><li>Piscines de particuliers<\/li><li>Piscines d\u2019h\u00f4tels<\/li><li>Thermes<\/li><li>Piscines publiques<\/li><li>Piscines ludiques<\/li><li>Spas et espaces de bien-\u00eatre<\/li><\/ul>\n<\/div>\n<\/div>\n<\/div><\/div>\n\n\n\n<h4 class=\"has-text-align-center wp-block-heading\">Pour en apprendre plus sur les pompes pour piscines d\u2019h\u00f4tels, piscines priv\u00e9es et municipales, cliquez ici : <a href=\"http:\/\/www.fluvo.de\">www.fluvo.de<\/a><\/h4>\n","protected":false},"excerpt":{"rendered":"<p>Pompes Schmalenberger dans la technologie des piscines Depuis 1970, nous d\u00e9veloppons et produisons sous la marque fluvo\u00ae des pompes et attractions pour les piscines de particuliers, d\u2019h\u00f4tels ou d\u2019\u00e9tablissements publics, avec lesquelles nous connaissons un&hellip;<\/p>\n","protected":false},"author":5,"featured_media":0,"parent":0,"menu_order":0,"comment_status":"closed","ping_status":"closed","template":"","meta":{"_acf_changed":false,"footnotes":""},"class_list":["post-5458","page","type-page","status-publish","hentry"],"acf":[],"_links":{"self":[{"href":"https:\/\/schmalenberger.de\/fr\/wp-json\/wp\/v2\/pages\/5458","targetHints":{"allow":["GET"]}}],"collection":[{"href":"https:\/\/schmalenberger.de\/fr\/wp-json\/wp\/v2\/pages"}],"about":[{"href":"https:\/\/schmalenberger.de\/fr\/wp-json\/wp\/v2\/types\/page"}],"author":[{"embeddable":true,"href":"https:\/\/schmalenberger.de\/fr\/wp-json\/wp\/v2\/users\/5"}],"replies":[{"embeddable":true,"href":"https:\/\/schmalenberger.de\/fr\/wp-json\/wp\/v2\/comments?post=5458"}],"version-history":[{"count":2,"href":"https:\/\/schmalenberger.de\/fr\/wp-json\/wp\/v2\/pages\/5458\/revisions"}],"predecessor-version":[{"id":5461,"href":"https:\/\/schmalenberger.de\/fr\/wp-json\/wp\/v2\/pages\/5458\/revisions\/5461"}],"wp:attachment":[{"href":"https:\/\/schmalenberger.de\/fr\/wp-json\/wp\/v2\/media?parent=5458"}],"curies":[{"name":"wp","href":"https:\/\/api.w.org\/{rel}","templated":true}]}}