{"id":5463,"date":"2022-01-10T15:20:56","date_gmt":"2022-01-10T14:20:56","guid":{"rendered":"https:\/\/schmalenberger.wp3.visual4.com\/unternehmen\/"},"modified":"2022-03-18T13:28:55","modified_gmt":"2022-03-18T12:28:55","slug":"entreprise","status":"publish","type":"page","link":"https:\/\/schmalenberger.de\/fr\/entreprise\/","title":{"rendered":"Entreprise"},"content":{"rendered":"\n\n<div class=\"wp-block-v4core-inner-blocks SEOHeading\">\n<h2 class=\"has-text-align-center SEOHeading-heading is-style-heading-withLine wp-block-heading\"><strong>Schmalenberger GmbH + Co. KG<\/strong><\/h2>\n\n\n\n<p class=\"has-text-align-center SEOHeading-fauxHeading\">L&rsquo;entreprise<\/p>\n<\/div>\n\n\n\n\n<p class=\"has-text-align-center\">Nous, l\u2019entreprise familiale \u00abSchmalenberger Str\u00f6mungstechnologie\u00bb fond\u00e9e en 1954, comptons parmi les leaders en mati\u00e8re de pompes centrifuges pour l\u2019emploi dans le g\u00e9nie m\u00e9canique, le g\u00e9nie des proc\u00e9d\u00e9s et de l\u2019environnement ainsi que pour les pisciniers.<\/p>\n\n\n\n<div class=\"wp-block-buttons is-horizontal is-content-justification-center is-layout-flex wp-container-core-buttons-is-layout-499968f5 wp-block-buttons-is-layout-flex\">\n<div class=\"wp-block-button\"><a class=\"wp-block-button__link\" href=\"https:\/\/schmalenberger.de\/ueber-uns\/\">Plus d\u2019informations<\/a><\/div>\n<\/div>\n\n\n<div class=\"TileOverview-container Columns-2 \">\n                <div class=\"TileOverview-image-container\">\n    <div class=\"TileOverview-image has-linear-gradient\"\n         style=\"background-image: url(https:\/\/schmalenberger.de\/wp-content\/uploads\/2022\/01\/schmalenberger-stroemungstechnologie.jpg)\"><\/div>\n    <a class=\"TileOverview-item\" href=\"https:\/\/schmalenberger.de\/fr\/pompes-centrifuges\/\">\n        \n        <div class=\"Tile-content\">\n            <h3 class=\"TileOverview-heading has-white-color\">Schmalenberger technologie de pompage<\/h3>                            <div class=\"wp-block-buttons\">\n                    <div class=\"wp-block-button\">\n                        <div class=\"wp-block-button__link\">\n                                                            Plus d\u2019information\n                                                    <\/div>\n                    <\/div>\n                <\/div>\n                    <\/div>\n            <\/a>\n<\/div>                <div class=\"TileOverview-image-container\">\n    <div class=\"TileOverview-image has-linear-gradient\"\n         style=\"background-image: url(https:\/\/schmalenberger.de\/wp-content\/uploads\/2022\/01\/fluvo-schwimmbadtechnik.jpg)\"><\/div>\n    <a class=\"TileOverview-item\" href=\"http:\/\/www.fluvo.de\">\n        \n        <div class=\"Tile-content\">\n            <h3 class=\"TileOverview-heading has-white-color\">fluvo technologie des piscines<\/h3>                            <div class=\"wp-block-buttons\">\n                    <div class=\"wp-block-button\">\n                        <div class=\"wp-block-button__link\">\n                                                            Plus d\u2019information\n                                                    <\/div>\n                    <\/div>\n                <\/div>\n                    <\/div>\n            <\/a>\n<\/div>    <\/div>\n\n\n<div style=\"height:50px\" aria-hidden=\"true\" class=\"wp-block-spacer\"><\/div>\n\n\n\n<p class=\"has-text-align-center\"><strong>Schmalenberger GmbH + Co. KG<\/strong><br>Im Schelmen 9-11 | 72072 T\u00fcbingen<br>07071\/7008-0 | 07071\/7008-14 | info@schmalenberger.de<\/p>\n","protected":false},"excerpt":{"rendered":"<p>Nous, l\u2019entreprise familiale \u00abSchmalenberger Str\u00f6mungstechnologie\u00bb fond\u00e9e en 1954, comptons parmi les leaders en mati\u00e8re de pompes centrifuges pour l\u2019emploi dans le g\u00e9nie m\u00e9canique, le g\u00e9nie des proc\u00e9d\u00e9s et de l\u2019environnement ainsi que pour les pisciniers.&hellip;<\/p>\n","protected":false},"author":5,"featured_media":0,"parent":0,"menu_order":0,"comment_status":"closed","ping_status":"closed","template":"","meta":{"_acf_changed":false,"footnotes":""},"class_list":["post-5463","page","type-page","status-publish","hentry"],"acf":[],"_links":{"self":[{"href":"https:\/\/schmalenberger.de\/fr\/wp-json\/wp\/v2\/pages\/5463","targetHints":{"allow":["GET"]}}],"collection":[{"href":"https:\/\/schmalenberger.de\/fr\/wp-json\/wp\/v2\/pages"}],"about":[{"href":"https:\/\/schmalenberger.de\/fr\/wp-json\/wp\/v2\/types\/page"}],"author":[{"embeddable":true,"href":"https:\/\/schmalenberger.de\/fr\/wp-json\/wp\/v2\/users\/5"}],"replies":[{"embeddable":true,"href":"https:\/\/schmalenberger.de\/fr\/wp-json\/wp\/v2\/comments?post=5463"}],"version-history":[{"count":11,"href":"https:\/\/schmalenberger.de\/fr\/wp-json\/wp\/v2\/pages\/5463\/revisions"}],"predecessor-version":[{"id":6137,"href":"https:\/\/schmalenberger.de\/fr\/wp-json\/wp\/v2\/pages\/5463\/revisions\/6137"}],"wp:attachment":[{"href":"https:\/\/schmalenberger.de\/fr\/wp-json\/wp\/v2\/media?parent=5463"}],"curies":[{"name":"wp","href":"https:\/\/api.w.org\/{rel}","templated":true}]}}