{"id":5513,"date":"2020-11-10T12:10:11","date_gmt":"2020-11-10T11:10:11","guid":{"rendered":"https:\/\/schmalenberger.wp3.visual4.com\/aktuelles\/"},"modified":"2022-03-03T17:26:32","modified_gmt":"2022-03-03T16:26:32","slug":"informations-actuelles","status":"publish","type":"page","link":"https:\/\/schmalenberger.de\/fr\/informations-actuelles\/","title":{"rendered":"Informations actuelles"},"content":{"rendered":"\n<div class=\"wp-block-group alignfull has-light-gray-background-color has-background\"><div class=\"wp-block-group__inner-container is-layout-flow wp-block-group-is-layout-flow\">\n<h1 class=\"has-text-align-center is-style-heading-withLine wp-block-heading\"><br>Nouveaut\u00e9s<\/h1>\n\n\n\n<p class=\"has-text-align-center\">Qu\u00b4y a t-il\u00a0 de nouveau ? Vous allez le savoir ici !<\/p>\n\n\n\n    \n    \n\n<div id=\"v4core-post-list--1\" class=\"PostList PostList--post PostList--filter\">\n\n        <form class=\"PostList-load-more\" method=\"GET\" action=\"https:\/\/schmalenberger.de\/wp-admin\/admin-ajax.php\">\n        <input type=\"hidden\" name=\"action\" value=\"v4core_block_post_list_ajax_get_posts\">\n                <input type=\"hidden\" name=\"post_type\" value='a:1:{i:0;s:4:\"post\";}'>\n        <input type=\"hidden\" name=\"posts_per_page\" value=\"12\">\n        <input type=\"hidden\" name=\"blacklist\" value=\"\">\n        <div class=\"PostList-filter wp-block-columns\">\n                            <label class=\"PostList-filter-item wp-block-column\">\n                    <input type=\"hidden\" class=\"PostList-filter-item-type\"\n                           name=\"filters[taxonomy-category][type]\"\n                           value=\"taxonomy\">\n                    <input type=\"hidden\" class=\"PostList-filter-item-slug\"\n                           name=\"filters[taxonomy-category][slug]\"\n                           value=\"category\">\n                    <select class=\"PostList-filter-select PostList-filter-select--category PostList-filter-item-selected\"\n                            name=\"filters[taxonomy-category][selected]\"\n                            data-filter-type=\"taxonomy-category\">\n                        <option value>Cat\u00e9gorie<\/option>\n                                        <option value=\"124\"\n                >Expositions<\/option>\n                    <option value=\"123\"\n                >G\u00e9n\u00e9ralit\u00e9s<\/option>\n                    <option value=\"125\"\n                >Nouveaut\u00e9<\/option>\n            \n                    <\/select>\n                <\/label>\n                    <\/div>\n        \n        <article class=\"PostList-no-results\">\n    <div class=\"PostList-item-link-content\">\n        <p class=\"PostList-item-link-content-title\">\n            <span class=\"PostList-item-link-content-category h6 has-magenta-color\">Keine Ergebnisse gefunden<\/span><br>\n            Versuchen Sie die Filterung anzupassen\n        <\/p>\n    <\/div>\n<\/article>\n\n        \n            <div class=\"PostList-posts PostList-posts--post\">\n                \n    \n    \n<article\n        class=\"PostList-item  PostList-item--filter PostList-item--post post_type-post-7371  taxonomy-category-124 \"\n        data-post=\"7371\">\n    <a class=\"PostList-item-link\" href=\"https:\/\/schmalenberger.de\/fr\/reservez-la-date-amb-2026\/\" title=\"R\u00c9SERVEZ LA DATE &#8211; AMB 2026\">\n\n        <div class=\"PostList-item-imageWrap\">\n                            <img loading=\"lazy\" decoding=\"async\" width=\"1024\" height=\"611\" src=\"https:\/\/schmalenberger.de\/wp-content\/uploads\/2026\/02\/AMBLogo2026_EN_Pfade_STD_4c_Germany-1-1024x611.jpg\" class=\"PostList-item-image\" alt=\"\" srcset=\"https:\/\/schmalenberger.de\/wp-content\/uploads\/2026\/02\/AMBLogo2026_EN_Pfade_STD_4c_Germany-1-1024x611.jpg 1024w, https:\/\/schmalenberger.de\/wp-content\/uploads\/2026\/02\/AMBLogo2026_EN_Pfade_STD_4c_Germany-1-300x179.jpg 300w, https:\/\/schmalenberger.de\/wp-content\/uploads\/2026\/02\/AMBLogo2026_EN_Pfade_STD_4c_Germany-1-768x458.jpg 768w, https:\/\/schmalenberger.de\/wp-content\/uploads\/2026\/02\/AMBLogo2026_EN_Pfade_STD_4c_Germany-1-1536x916.jpg 1536w, https:\/\/schmalenberger.de\/wp-content\/uploads\/2026\/02\/AMBLogo2026_EN_Pfade_STD_4c_Germany-1.jpg 1832w\" sizes=\"auto, (max-width: 1024px) 100vw, 1024px\" \/>\n                                        <p class=\"PostList-item-category\">\n                    Expositions                <\/p>\n                    <\/div>\n        <div class=\"PostList-item-metaInfo\">\n            <p class=\"PostList-item-content-date\">2026<\/p>\n        <\/div>\n        <div class=\"PostList-item-content\">\n            <p class=\"PostList-item-content-title u-h4\">R\u00c9SERVEZ LA DATE &#8211; AMB 2026<\/p>\n            <p class=\"PostList-item-content-excerpt\">R\u00c9SERVEZ LA DATE: Venez nous rendre visite \u00e0 l&rsquo;AMB, le salon international de la m\u00e9tallurgie, du 15 au 19 septembre \u00e0 Stuttgart.Nous nous r\u00e9jouissons de votre visite ! Hall 8, Stand B19. Plus d&rsquo;informations ici<\/p>\n        <\/div>\n\n    <\/a>\n<\/article>    \n<article\n        class=\"PostList-item  PostList-item--filter PostList-item--post post_type-post-5808  taxonomy-category-124 \"\n        data-post=\"5808\">\n    <a class=\"PostList-item-link\" href=\"https:\/\/schmalenberger.de\/fr\/amb-2024\/\" title=\"AMB 2024\">\n\n        <div class=\"PostList-item-imageWrap\">\n                            <img loading=\"lazy\" decoding=\"async\" width=\"1024\" height=\"747\" src=\"https:\/\/schmalenberger.de\/wp-content\/uploads\/2024\/07\/Schmalenberger-AMB-2024_EN-1024x747.jpg\" class=\"PostList-item-image\" alt=\"\" srcset=\"https:\/\/schmalenberger.de\/wp-content\/uploads\/2024\/07\/Schmalenberger-AMB-2024_EN-1024x747.jpg 1024w, https:\/\/schmalenberger.de\/wp-content\/uploads\/2024\/07\/Schmalenberger-AMB-2024_EN-300x219.jpg 300w, https:\/\/schmalenberger.de\/wp-content\/uploads\/2024\/07\/Schmalenberger-AMB-2024_EN-768x560.jpg 768w, https:\/\/schmalenberger.de\/wp-content\/uploads\/2024\/07\/Schmalenberger-AMB-2024_EN.jpg 1280w\" sizes=\"auto, (max-width: 1024px) 100vw, 1024px\" \/>\n                                        <p class=\"PostList-item-category\">\n                    Expositions                <\/p>\n                    <\/div>\n        <div class=\"PostList-item-metaInfo\">\n            <p class=\"PostList-item-content-date\">2024<\/p>\n        <\/div>\n        <div class=\"PostList-item-content\">\n            <p class=\"PostList-item-content-title u-h4\">AMB 2024<\/p>\n            <p class=\"PostList-item-content-excerpt\">SAVE THE DATE: Visit us at AMB, the international exhibition for metal working, 10. \u2013 14. September in Stuttgart. Request your free day ticket here. We are looking forward to your visit!Hall 8, Stand B819&hellip;<\/p>\n        <\/div>\n\n    <\/a>\n<\/article>    \n<article\n        class=\"PostList-item  PostList-item--filter PostList-item--post post_type-post-6969  taxonomy-category-124 \"\n        data-post=\"6969\">\n    <a class=\"PostList-item-link\" href=\"https:\/\/schmalenberger.de\/fr\/grindinghub-2022\/\" title=\"GrindingHub 2024\">\n\n        <div class=\"PostList-item-imageWrap\">\n                            <img loading=\"lazy\" decoding=\"async\" width=\"833\" height=\"535\" src=\"https:\/\/schmalenberger.de\/wp-content\/uploads\/2022\/01\/grindinghub-betrag.jpg\" class=\"PostList-item-image\" alt=\"\" srcset=\"https:\/\/schmalenberger.de\/wp-content\/uploads\/2022\/01\/grindinghub-betrag.jpg 833w, https:\/\/schmalenberger.de\/wp-content\/uploads\/2022\/01\/grindinghub-betrag-300x193.jpg 300w, https:\/\/schmalenberger.de\/wp-content\/uploads\/2022\/01\/grindinghub-betrag-768x493.jpg 768w\" sizes=\"auto, (max-width: 833px) 100vw, 833px\" \/>\n                                        <p class=\"PostList-item-category\">\n                    Expositions                <\/p>\n                    <\/div>\n        <div class=\"PostList-item-metaInfo\">\n            <p class=\"PostList-item-content-date\">2024<\/p>\n        <\/div>\n        <div class=\"PostList-item-content\">\n            <p class=\"PostList-item-content-title u-h4\">GrindingHub 2024<\/p>\n            <p class=\"PostList-item-content-excerpt\">SAVE THE DATE: Visit us at GRINDING HUB, the new hub of international grinding technology, 14. \u2013 17. May 2024 in Stuttgart. Hall 10 stand D21. Request your free day ticket here. We are looking&hellip;<\/p>\n        <\/div>\n\n    <\/a>\n<\/article>    \n<article\n        class=\"PostList-item  PostList-item--filter PostList-item--post post_type-post-6834  taxonomy-category-124 \"\n        data-post=\"6834\">\n    <a class=\"PostList-item-link\" href=\"https:\/\/schmalenberger.de\/fr\/emo-2023\/\" title=\"EMO 2023\">\n\n        <div class=\"PostList-item-imageWrap\">\n                            <img loading=\"lazy\" decoding=\"async\" width=\"1024\" height=\"616\" src=\"https:\/\/schmalenberger.de\/wp-content\/uploads\/2023\/08\/EMO2023-Beitragsbild_Aktuelles_DE-1024x616.jpg\" class=\"PostList-item-image\" alt=\"\" srcset=\"https:\/\/schmalenberger.de\/wp-content\/uploads\/2023\/08\/EMO2023-Beitragsbild_Aktuelles_DE-1024x616.jpg 1024w, https:\/\/schmalenberger.de\/wp-content\/uploads\/2023\/08\/EMO2023-Beitragsbild_Aktuelles_DE-300x181.jpg 300w, https:\/\/schmalenberger.de\/wp-content\/uploads\/2023\/08\/EMO2023-Beitragsbild_Aktuelles_DE-768x462.jpg 768w, https:\/\/schmalenberger.de\/wp-content\/uploads\/2023\/08\/EMO2023-Beitragsbild_Aktuelles_DE.jpg 1500w\" sizes=\"auto, (max-width: 1024px) 100vw, 1024px\" \/>\n                                        <p class=\"PostList-item-category\">\n                    Expositions                <\/p>\n                    <\/div>\n        <div class=\"PostList-item-metaInfo\">\n            <p class=\"PostList-item-content-date\">2023<\/p>\n        <\/div>\n        <div class=\"PostList-item-content\">\n            <p class=\"PostList-item-content-title u-h4\">EMO 2023<\/p>\n            <p class=\"PostList-item-content-excerpt\">Merci pour votre visite ! Nous nous r\u00e9jouissons d\u2019avoir pu enregistrer un nombre important de visiteurs sur EMO 2023 \u00e0 Hanovre. Cet \u00e9v\u00e8nement \u00e9tait tr\u00e8s r\u00e9ussi et a marqu\u00e9 positivement les esprits des participants. Nous&hellip;<\/p>\n        <\/div>\n\n    <\/a>\n<\/article>    \n<article\n        class=\"PostList-item  PostList-item--filter PostList-item--post post_type-post-5381  taxonomy-category-123 \"\n        data-post=\"5381\">\n    <a class=\"PostList-item-link\" href=\"https:\/\/schmalenberger.de\/fr\/schmalenberger-unterstutzt\/\" title=\"Schmalenberger unterst\u00fctzt!\">\n\n        <div class=\"PostList-item-imageWrap\">\n                            <img loading=\"lazy\" decoding=\"async\" width=\"1024\" height=\"616\" src=\"https:\/\/schmalenberger.de\/wp-content\/uploads\/2022\/02\/Spende-2022-1024x616.jpg\" class=\"PostList-item-image\" alt=\"\" srcset=\"https:\/\/schmalenberger.de\/wp-content\/uploads\/2022\/02\/Spende-2022-1024x616.jpg 1024w, https:\/\/schmalenberger.de\/wp-content\/uploads\/2022\/02\/Spende-2022-300x181.jpg 300w, https:\/\/schmalenberger.de\/wp-content\/uploads\/2022\/02\/Spende-2022-768x462.jpg 768w, https:\/\/schmalenberger.de\/wp-content\/uploads\/2022\/02\/Spende-2022.jpg 1500w\" sizes=\"auto, (max-width: 1024px) 100vw, 1024px\" \/>\n                                        <p class=\"PostList-item-category\">\n                    G\u00e9n\u00e9ralit\u00e9s                <\/p>\n                    <\/div>\n        <div class=\"PostList-item-metaInfo\">\n            <p class=\"PostList-item-content-date\">2022<\/p>\n        <\/div>\n        <div class=\"PostList-item-content\">\n            <p class=\"PostList-item-content-title u-h4\">Schmalenberger unterst\u00fctzt!<\/p>\n            <p class=\"PostList-item-content-excerpt\">Remise de dons \u00e0 l\u2019Association de soutien aux enfants atteints de cancer T\u00fcbingen e.V. \u00e0 l\u2019occasion de notre f\u00eate de No\u00ebl Courage &#8211; Aide &#8211; Espoir. Le courage de vivre &#8211; L\u2019aide aux enfants atteints&hellip;<\/p>\n        <\/div>\n\n    <\/a>\n<\/article>    \n<article\n        class=\"PostList-item  PostList-item--filter PostList-item--post post_type-post-5799  taxonomy-category-125 \"\n        data-post=\"5799\">\n    <a class=\"PostList-item-link\" href=\"https:\/\/schmalenberger.de\/fr\/szcut-neue-baureihe-40-13\/\" title=\"Nouveaut\u00e9 ! S\u00e9rie 40-13\">\n\n        <div class=\"PostList-item-imageWrap\">\n                            <img loading=\"lazy\" decoding=\"async\" width=\"800\" height=\"498\" src=\"https:\/\/schmalenberger.de\/wp-content\/uploads\/2022\/01\/schmalenberger-stroemungstechnologie.jpg\" class=\"PostList-item-image\" alt=\"\" srcset=\"https:\/\/schmalenberger.de\/wp-content\/uploads\/2022\/01\/schmalenberger-stroemungstechnologie.jpg 800w, https:\/\/schmalenberger.de\/wp-content\/uploads\/2022\/01\/schmalenberger-stroemungstechnologie-300x187.jpg 300w, https:\/\/schmalenberger.de\/wp-content\/uploads\/2022\/01\/schmalenberger-stroemungstechnologie-768x478.jpg 768w\" sizes=\"auto, (max-width: 800px) 100vw, 800px\" \/>\n                                        <p class=\"PostList-item-category\">\n                    Nouveaut\u00e9                <\/p>\n                    <\/div>\n        <div class=\"PostList-item-metaInfo\">\n            <p class=\"PostList-item-content-date\">2022<\/p>\n        <\/div>\n        <div class=\"PostList-item-content\">\n            <p class=\"PostList-item-content-title u-h4\">Nouveaut\u00e9 ! S\u00e9rie 40-13<\/p>\n            <p class=\"PostList-item-content-excerpt\">Pompe centrifuge SZcut avec broyeur int\u00e9gr\u00e9 Nouveaut\u00e9 ! S\u00e9rie 40-13 pour un d\u00e9bit jusqu\u2019\u00e0 300 l\/min. La s\u00e9rie 50-16 de notre pompe broyeuse SZcut est reconnue sur le march\u00e9 d\u00e9sormais depuis plusieurs ann\u00e9es. Pour r\u00e9pondre&hellip;<\/p>\n        <\/div>\n\n    <\/a>\n<\/article>    \n<article\n        class=\"PostList-item  PostList-item--filter PostList-item--post post_type-post-5804  taxonomy-category-125 \"\n        data-post=\"5804\">\n    <a class=\"PostList-item-link\" href=\"https:\/\/schmalenberger.de\/fr\/erweiterung-lagertragerprogramm\/\" title=\"Nouveau support palier\">\n\n        <div class=\"PostList-item-imageWrap\">\n                            <img loading=\"lazy\" decoding=\"async\" width=\"1024\" height=\"762\" src=\"https:\/\/schmalenberger.de\/wp-content\/uploads\/2021\/02\/SM_Lagertraeger-1024x762.jpg\" class=\"PostList-item-image\" alt=\"\" srcset=\"https:\/\/schmalenberger.de\/wp-content\/uploads\/2021\/02\/SM_Lagertraeger-1024x762.jpg 1024w, https:\/\/schmalenberger.de\/wp-content\/uploads\/2021\/02\/SM_Lagertraeger-300x223.jpg 300w, https:\/\/schmalenberger.de\/wp-content\/uploads\/2021\/02\/SM_Lagertraeger-768x571.jpg 768w, https:\/\/schmalenberger.de\/wp-content\/uploads\/2021\/02\/SM_Lagertraeger-1536x1143.jpg 1536w, https:\/\/schmalenberger.de\/wp-content\/uploads\/2021\/02\/SM_Lagertraeger-1721x1280.jpg 1721w, https:\/\/schmalenberger.de\/wp-content\/uploads\/2021\/02\/SM_Lagertraeger.jpg 1847w\" sizes=\"auto, (max-width: 1024px) 100vw, 1024px\" \/>\n                                        <p class=\"PostList-item-category\">\n                    Nouveaut\u00e9                <\/p>\n                    <\/div>\n        <div class=\"PostList-item-metaInfo\">\n            <p class=\"PostList-item-content-date\">2021<\/p>\n        <\/div>\n        <div class=\"PostList-item-content\">\n            <p class=\"PostList-item-content-title u-h4\">Nouveau support palier<\/p>\n            <p class=\"PostList-item-content-excerpt\">Nouveau support palier pour une configuration moteur individuelle Notre nouveau support palier apporte aux concepteurs et aux utilisateurs de nouvelles perspectives compl\u00e8tes dans l\u00b4utilisation des pompes et des moteurs. La construction tr\u00e8s compacte et longue&hellip;<\/p>\n        <\/div>\n\n    <\/a>\n<\/article>            <\/div>\n\n            \n        <div class=\"PostList-meta\">\n\n            \n            \n        <\/div>\n\n                <div class=\"PostList-loading\">\n            <input type=\"submit\" value=\"Load more\">\n                    <div class=\"loading\">\r\n            <div>\r\n                <div class=\"spinner\"><\/div>\r\n            <\/div>\r\n        <\/div>\r\n\t\t\n        <\/div>\n    <\/form>\n    \n<\/div><\/div><\/div>\n","protected":false},"excerpt":{"rendered":"<p>Nouveaut\u00e9s Qu\u00b4y a t-il\u00a0 de nouveau ? Vous allez le savoir ici !<\/p>\n","protected":false},"author":1,"featured_media":0,"parent":0,"menu_order":2,"comment_status":"closed","ping_status":"closed","template":"","meta":{"_acf_changed":false,"footnotes":""},"class_list":["post-5513","page","type-page","status-publish","hentry"],"acf":[],"_links":{"self":[{"href":"https:\/\/schmalenberger.de\/fr\/wp-json\/wp\/v2\/pages\/5513","targetHints":{"allow":["GET"]}}],"collection":[{"href":"https:\/\/schmalenberger.de\/fr\/wp-json\/wp\/v2\/pages"}],"about":[{"href":"https:\/\/schmalenberger.de\/fr\/wp-json\/wp\/v2\/types\/page"}],"author":[{"embeddable":true,"href":"https:\/\/schmalenberger.de\/fr\/wp-json\/wp\/v2\/users\/1"}],"replies":[{"embeddable":true,"href":"https:\/\/schmalenberger.de\/fr\/wp-json\/wp\/v2\/comments?post=5513"}],"version-history":[{"count":2,"href":"https:\/\/schmalenberger.de\/fr\/wp-json\/wp\/v2\/pages\/5513\/revisions"}],"predecessor-version":[{"id":5599,"href":"https:\/\/schmalenberger.de\/fr\/wp-json\/wp\/v2\/pages\/5513\/revisions\/5599"}],"wp:attachment":[{"href":"https:\/\/schmalenberger.de\/fr\/wp-json\/wp\/v2\/media?parent=5513"}],"curies":[{"name":"wp","href":"https:\/\/api.w.org\/{rel}","templated":true}]}}