{"id":5578,"date":"2022-03-03T17:04:31","date_gmt":"2022-03-03T16:04:31","guid":{"rendered":"https:\/\/schmalenberger.wp3.visual4.com\/?page_id=5578"},"modified":"2022-03-03T17:04:33","modified_gmt":"2022-03-03T16:04:33","slug":"solutions-individuelles","status":"publish","type":"page","link":"https:\/\/schmalenberger.de\/fr\/solutions-individuelles\/","title":{"rendered":"Solutions individuelles"},"content":{"rendered":"\n<h1 class=\"has-text-align-center is-style-heading-withLine wp-block-heading\"><strong>Pompes centrifuges sur mesure \u2013 solutions individuelles\u00a0!<\/strong><\/h1>\n\n\n\n<div class=\"wp-block-media-text alignwide has-media-on-the-right is-stacked-on-mobile is-vertically-aligned-top\"><figure class=\"wp-block-media-text__media\"><img loading=\"lazy\" decoding=\"async\" width=\"1024\" height=\"683\" src=\"https:\/\/schmalenberger.de\/wp-content\/uploads\/2022\/01\/pumpen-sonderloesungen-schmalenberger-1024x683.jpg\" alt=\"\" class=\"wp-image-4247 size-full\" srcset=\"https:\/\/schmalenberger.de\/wp-content\/uploads\/2022\/01\/pumpen-sonderloesungen-schmalenberger-1024x683.jpg 1024w, https:\/\/schmalenberger.de\/wp-content\/uploads\/2022\/01\/pumpen-sonderloesungen-schmalenberger-300x200.jpg 300w, https:\/\/schmalenberger.de\/wp-content\/uploads\/2022\/01\/pumpen-sonderloesungen-schmalenberger-768x512.jpg 768w, https:\/\/schmalenberger.de\/wp-content\/uploads\/2022\/01\/pumpen-sonderloesungen-schmalenberger.jpg 1200w\" sizes=\"auto, (max-width: 1024px) 100vw, 1024px\" \/><\/figure><div class=\"wp-block-media-text__content\">\n<h2 class=\"wp-block-heading\"><strong><strong>Les solutions individuelles sont plus efficaces et plus efficientes\u00a0!<\/strong><\/strong><\/h2>\n\n\n\n<p class=\"has-text-align-left\">Vous recherchez l\u2019avantage produit d\u00e9cisif\u00a0? Vous ne trouvez pas la bonne pompe dans les catalogues existants\u00a0? Vous avez eu de mauvaises exp\u00e9riences avec des pompes standard\u00a0? Vous n\u2019\u00eates pas satisfait de la dur\u00e9e de vie ou du prix des pi\u00e8ces de rechange pour les pompes que vous avez utilis\u00e9es jusqu\u2019\u00e0 pr\u00e9sent\u00a0? Dans ce cas, vous \u00eates en de bonnes mains chez nos sp\u00e9cialistes.<\/p>\n<\/div><\/div>\n\n\n\n<div class=\"wp-block-media-text alignwide is-stacked-on-mobile is-vertically-aligned-top\"><figure class=\"wp-block-media-text__media\"><img decoding=\"async\" src=\"https:\/\/schmalenberger.de\/wp-content\/uploads\/2022\/01\/8O2A3545.jpg\" alt=\"\" class=\"wp-image-4372 size-full\" \/><\/figure><div class=\"wp-block-media-text__content\">\n<h2 class=\"wp-block-heading\"><strong>Nous connaissons les d\u00e9fis rencontr\u00e9s sur les diff\u00e9rents march\u00e9s.<\/strong><\/h2>\n\n\n\n<p>Il s\u2019agit notamment de situations de montage d\u00e9licates, de fluides agressifs et abrasifs, de fluides avec d\u2019importantes inclusions d\u2019air ou d\u2019exigences de disponibilit\u00e9 sup\u00e9rieures \u00e0 la moyenne. Voici notre credo&nbsp;:<\/p>\n\n\n\n<p><strong><strong>Avec notre savoir-faire et nos moyens de fabrication, nous intervenons pour vous l\u00e0 o\u00f9 d\u2019autres ne poussent pas plus loin dans le d\u00e9veloppement et la fabrication.<\/strong><\/strong><\/p>\n\n\n\n<p class=\"has-text-align-left\">Ensemble, nous concevons un design sp\u00e9cialement adapt\u00e9 \u00e0 vos besoins, une construction optimis\u00e9e jusque dans le moindre d\u00e9tail. Vous b\u00e9n\u00e9ficiez ainsi d\u2019une am\u00e9lioration notoire non seulement des performances de la pompe, mais aussi de la disponibilit\u00e9 des \u00e9quipements et les frais d\u2019exploitation se trouvent r\u00e9duits. De plus, les temps de d\u00e9faillance et d\u2019immobilisation sont limit\u00e9s \u00e0 un minimum.<\/p>\n<\/div><\/div>\n\n\n\n<div class=\"wp-block-group alignfull has-light-gray-background-color has-background\"><div class=\"wp-block-group__inner-container is-layout-flow wp-block-group-is-layout-flow\">\n<div class=\"wp-block-group alignwide\"><div class=\"wp-block-group__inner-container is-layout-flow wp-block-group-is-layout-flow\">\n<h2 class=\"has-text-align-center is-style-heading-withLine wp-block-heading\">Nous sommes l\u00e0 pour vous!<\/h2>\n\n\n\n<div class=\"wp-block-columns alignwide is-layout-flex wp-container-core-columns-is-layout-9d6595d7 wp-block-columns-is-layout-flex\">\n<div class=\"wp-block-column is-layout-flow wp-block-column-is-layout-flow\">\n<div class=\"wp-block-image\"><figure class=\"aligncenter size-large is-resized\"><img loading=\"lazy\" decoding=\"async\" src=\"https:\/\/schmalenberger.de\/wp-content\/uploads\/\/2021\/11\/rufen-sie-uns-an-1.svg\" alt=\"\" class=\"wp-image-2904\" width=\"69\" height=\"75\" \/><\/figure><\/div>\n\n\n\n<h3 class=\"has-text-align-center has-extra-large-font-size wp-block-heading\"><strong>N\u2019h\u00e9sitez pas \u00e0 nous appeler<\/strong><\/h3>\n\n\n\n<p class=\"has-text-align-center\">Du lundi au vendredi de 9 h \u00e0 18 h<\/p>\n\n\n\n<div class=\"wp-block-buttons is-horizontal is-content-justification-center is-layout-flex wp-container-core-buttons-is-layout-499968f5 wp-block-buttons-is-layout-flex\">\n<div class=\"wp-block-button is-style-outline is-style-outline--1\"><a class=\"wp-block-button__link\" href=\"tel:0033247804881\">+33 2 47 80 48 81<\/a><\/div>\n<\/div>\n<\/div>\n\n\n\n<div class=\"wp-block-column is-layout-flow wp-block-column-is-layout-flow\">\n<div class=\"wp-block-image\"><figure class=\"aligncenter size-large is-resized\"><img loading=\"lazy\" decoding=\"async\" src=\"https:\/\/schmalenberger.de\/wp-content\/uploads\/\/2021\/11\/kontaktformular-1.svg\" alt=\"\" class=\"wp-image-2919\" width=\"100\" height=\"75\" \/><\/figure><\/div>\n\n\n\n<h3 class=\"has-text-align-center has-extra-large-font-size wp-block-heading\"><strong>E-Mail<\/strong><\/h3>\n\n\n\n<p>N\u2019h\u00e9sitez pas \u00e0 nous envoyer un mail<\/p>\n\n\n\n<div class=\"wp-block-buttons is-horizontal is-content-justification-center is-layout-flex wp-container-core-buttons-is-layout-499968f5 wp-block-buttons-is-layout-flex\">\n<div class=\"wp-block-button is-style-outline is-style-outline--2\"><a class=\"wp-block-button__link\" href=\"mailto:info@schmalenberger.de\">info@schmalenberger.de<\/a><\/div>\n<\/div>\n<\/div>\n\n\n\n<div class=\"wp-block-column is-layout-flow wp-block-column-is-layout-flow\">\n<div class=\"wp-block-image\"><figure class=\"aligncenter size-large is-resized\"><img loading=\"lazy\" decoding=\"async\" src=\"https:\/\/schmalenberger.de\/wp-content\/uploads\/\/2021\/11\/ansprechpartner-1.svg\" alt=\"\" class=\"wp-image-2913\" width=\"76\" height=\"75\" \/><\/figure><\/div>\n\n\n\n<h3 class=\"has-text-align-center has-extra-large-font-size wp-block-heading\">Contact<\/h3>\n\n\n\n<p class=\"has-text-align-center\">Trouvez votre personne de contact ici<\/p>\n\n\n\n<div class=\"wp-block-buttons is-horizontal is-content-justification-center is-layout-flex wp-container-core-buttons-is-layout-499968f5 wp-block-buttons-is-layout-flex\">\n<div class=\"wp-block-button is-style-outline is-style-outline--3\"><a class=\"wp-block-button__link\" href=\"https:\/\/schmalenberger.de\/fr\/contact\/\">Votre personne de contact<\/a><\/div>\n<\/div>\n<\/div>\n\n\n\n<div class=\"wp-block-column is-layout-flow wp-block-column-is-layout-flow\">\n<div class=\"wp-block-image\"><figure class=\"aligncenter size-large is-resized\"><img loading=\"lazy\" decoding=\"async\" src=\"https:\/\/schmalenberger.de\/wp-content\/uploads\/\/2021\/11\/service-und-vertriebspartner-1.svg\" alt=\"\" class=\"wp-image-2907\" width=\"75\" height=\"75\" \/><\/figure><\/div>\n\n\n\n<h3 class=\"has-text-align-center has-extra-large-font-size wp-block-heading\">Distributeurs<\/h3>\n\n\n\n<p class=\"has-text-align-center\">&#8230; vous trouverez ici :<\/p>\n\n\n\n<div class=\"wp-block-buttons is-horizontal is-content-justification-center is-layout-flex wp-container-core-buttons-is-layout-499968f5 wp-block-buttons-is-layout-flex\">\n<div class=\"wp-block-button is-style-outline is-style-outline--4\"><a class=\"wp-block-button__link\" href=\"https:\/\/schmalenberger.de\/fr\/contact\/\">Distributeurs<\/a><\/div>\n<\/div>\n<\/div>\n<\/div>\n<\/div><\/div>\n\n\n\n<p><\/p>\n<\/div><\/div>\n","protected":false},"excerpt":{"rendered":"<p>Pompes centrifuges sur mesure \u2013 solutions individuelles\u00a0! Les solutions individuelles sont plus efficaces et plus efficientes\u00a0! Vous recherchez l\u2019avantage produit d\u00e9cisif\u00a0? Vous ne trouvez pas la bonne pompe dans les catalogues existants\u00a0? Vous avez eu&hellip;<\/p>\n","protected":false},"author":5,"featured_media":0,"parent":0,"menu_order":0,"comment_status":"closed","ping_status":"closed","template":"","meta":{"_acf_changed":false,"footnotes":""},"class_list":["post-5578","page","type-page","status-publish","hentry"],"acf":[],"_links":{"self":[{"href":"https:\/\/schmalenberger.de\/fr\/wp-json\/wp\/v2\/pages\/5578","targetHints":{"allow":["GET"]}}],"collection":[{"href":"https:\/\/schmalenberger.de\/fr\/wp-json\/wp\/v2\/pages"}],"about":[{"href":"https:\/\/schmalenberger.de\/fr\/wp-json\/wp\/v2\/types\/page"}],"author":[{"embeddable":true,"href":"https:\/\/schmalenberger.de\/fr\/wp-json\/wp\/v2\/users\/5"}],"replies":[{"embeddable":true,"href":"https:\/\/schmalenberger.de\/fr\/wp-json\/wp\/v2\/comments?post=5578"}],"version-history":[{"count":1,"href":"https:\/\/schmalenberger.de\/fr\/wp-json\/wp\/v2\/pages\/5578\/revisions"}],"predecessor-version":[{"id":5579,"href":"https:\/\/schmalenberger.de\/fr\/wp-json\/wp\/v2\/pages\/5578\/revisions\/5579"}],"wp:attachment":[{"href":"https:\/\/schmalenberger.de\/fr\/wp-json\/wp\/v2\/media?parent=5578"}],"curies":[{"name":"wp","href":"https:\/\/api.w.org\/{rel}","templated":true}]}}