{"id":5616,"date":"2022-03-03T17:48:08","date_gmt":"2022-03-03T16:48:08","guid":{"rendered":"https:\/\/schmalenberger.wp3.visual4.com\/?page_id=5616"},"modified":"2022-03-03T17:48:10","modified_gmt":"2022-03-03T16:48:10","slug":"programme-de-selection-de-pompes","status":"publish","type":"page","link":"https:\/\/schmalenberger.de\/fr\/programme-de-selection-de-pompes\/","title":{"rendered":"Programme de s\u00e9lection de pompes"},"content":{"rendered":"\n\n<div class=\"wp-block-v4core-inner-blocks SEOHeading\">\n<h2 class=\"has-text-align-center SEOHeading-heading is-style-heading-withLine wp-block-heading\" id=\"pspro\"><strong>PSpro<sup>+<\/sup><\/strong><\/h2>\n\n\n\n<p class=\"has-text-align-center SEOHeading-fauxHeading\"><strong>Programme de s\u00e9lection de pompes<\/strong><\/p>\n<\/div>\n\n\n\n\n<p class=\"has-text-align-center\">Nous mettons \u00e0 votre disposition un programme convivial de s\u00e9lection de pompes PSpro+. Il vous permettra de faire vous-m\u00eame votre s\u00e9lection. Vous introduisez vos param\u00e8tres et le programme vous\u00a0s\u00e9lectionnera la pompe adapt\u00e9e.<\/p>\n\n\n\n<figure class=\"wp-block-gallery alignwide has-nested-images columns-default is-cropped wp-block-gallery-1 is-layout-flex wp-block-gallery-is-layout-flex\">\n<figure class=\"wp-block-image size-large\"><a href=\"https:\/\/schmalenberger.de\/wp-content\/uploads\/2022\/02\/pumpenauswahlprogramm-pspro1.jpg\"><img loading=\"lazy\" decoding=\"async\" width=\"1024\" height=\"617\" data-id=\"4892\" src=\"https:\/\/schmalenberger.de\/wp-content\/uploads\/2022\/02\/pumpenauswahlprogramm-pspro1-1024x617.jpg\" alt=\"\" class=\"wp-image-4892\" srcset=\"https:\/\/schmalenberger.de\/wp-content\/uploads\/2022\/02\/pumpenauswahlprogramm-pspro1-1024x617.jpg 1024w, https:\/\/schmalenberger.de\/wp-content\/uploads\/2022\/02\/pumpenauswahlprogramm-pspro1-300x181.jpg 300w, https:\/\/schmalenberger.de\/wp-content\/uploads\/2022\/02\/pumpenauswahlprogramm-pspro1-768x463.jpg 768w, https:\/\/schmalenberger.de\/wp-content\/uploads\/2022\/02\/pumpenauswahlprogramm-pspro1-1536x926.jpg 1536w, https:\/\/schmalenberger.de\/wp-content\/uploads\/2022\/02\/pumpenauswahlprogramm-pspro1-1920x1157.jpg 1920w, https:\/\/schmalenberger.de\/wp-content\/uploads\/2022\/02\/pumpenauswahlprogramm-pspro1.jpg 1923w\" sizes=\"auto, (max-width: 1024px) 100vw, 1024px\" \/><\/a><\/figure>\n\n\n\n<figure class=\"wp-block-image size-large\"><a href=\"https:\/\/schmalenberger.de\/wp-content\/uploads\/2022\/02\/pumpenauswahlprogramm-pspro3.jpg\"><img loading=\"lazy\" decoding=\"async\" width=\"1024\" height=\"617\" data-id=\"4889\" src=\"https:\/\/schmalenberger.de\/wp-content\/uploads\/2022\/02\/pumpenauswahlprogramm-pspro3-1024x617.jpg\" alt=\"\" class=\"wp-image-4889\" srcset=\"https:\/\/schmalenberger.de\/wp-content\/uploads\/2022\/02\/pumpenauswahlprogramm-pspro3-1024x617.jpg 1024w, https:\/\/schmalenberger.de\/wp-content\/uploads\/2022\/02\/pumpenauswahlprogramm-pspro3-300x181.jpg 300w, https:\/\/schmalenberger.de\/wp-content\/uploads\/2022\/02\/pumpenauswahlprogramm-pspro3-768x463.jpg 768w, https:\/\/schmalenberger.de\/wp-content\/uploads\/2022\/02\/pumpenauswahlprogramm-pspro3-1536x926.jpg 1536w, https:\/\/schmalenberger.de\/wp-content\/uploads\/2022\/02\/pumpenauswahlprogramm-pspro3-1920x1157.jpg 1920w, https:\/\/schmalenberger.de\/wp-content\/uploads\/2022\/02\/pumpenauswahlprogramm-pspro3.jpg 1923w\" sizes=\"auto, (max-width: 1024px) 100vw, 1024px\" \/><\/a><\/figure>\n\n\n\n<figure class=\"wp-block-image size-large\"><a href=\"https:\/\/schmalenberger.de\/wp-content\/uploads\/2022\/02\/pumpenauswahlprogramm-pspro2.jpg\"><img loading=\"lazy\" decoding=\"async\" width=\"1024\" height=\"615\" data-id=\"4886\" src=\"https:\/\/schmalenberger.de\/wp-content\/uploads\/2022\/02\/pumpenauswahlprogramm-pspro2-1024x615.jpg\" alt=\"\" class=\"wp-image-4886\" srcset=\"https:\/\/schmalenberger.de\/wp-content\/uploads\/2022\/02\/pumpenauswahlprogramm-pspro2-1024x615.jpg 1024w, https:\/\/schmalenberger.de\/wp-content\/uploads\/2022\/02\/pumpenauswahlprogramm-pspro2-300x180.jpg 300w, https:\/\/schmalenberger.de\/wp-content\/uploads\/2022\/02\/pumpenauswahlprogramm-pspro2-768x461.jpg 768w, https:\/\/schmalenberger.de\/wp-content\/uploads\/2022\/02\/pumpenauswahlprogramm-pspro2-1536x923.jpg 1536w, https:\/\/schmalenberger.de\/wp-content\/uploads\/2022\/02\/pumpenauswahlprogramm-pspro2-1920x1153.jpg 1920w, https:\/\/schmalenberger.de\/wp-content\/uploads\/2022\/02\/pumpenauswahlprogramm-pspro2.jpg 1923w\" sizes=\"auto, (max-width: 1024px) 100vw, 1024px\" \/><\/a><\/figure>\n<\/figure>\n\n\n<div class=\"frm_forms  with_frm_style frm_style_formidable-style\" id=\"frm_form_6_container\" >\n<form enctype=\"multipart\/form-data\" method=\"post\" class=\"frm-show-form  frm_pro_form \" id=\"form_contact-form9a39ec065831a86aed62fec939802f\" >\n<div class=\"frm_form_fields \">\n<fieldset>\n<legend class=\"frm_screen_reader\">Kontaktformular PSpro+<\/legend>\r\n\r\n<div class=\"frm_fields_container\">\n<input type=\"hidden\" name=\"frm_action\" value=\"create\" \/>\n<input type=\"hidden\" name=\"form_id\" value=\"6\" \/>\n<input type=\"hidden\" name=\"frm_hide_fields_6\" id=\"frm_hide_fields_6\" value=\"\" \/>\n<input type=\"hidden\" name=\"form_key\" value=\"contact-form9a39ec065831a86aed62fec939802f\" \/>\n<input type=\"hidden\" name=\"item_meta[0]\" value=\"\" \/>\n<input type=\"hidden\" id=\"frm_submit_entry_6\" name=\"frm_submit_entry_6\" value=\"4f30738c27\" \/><input type=\"hidden\" name=\"_wp_http_referer\" value=\"\/fr\/wp-json\/wp\/v2\/pages\/5616\" \/><div id=\"frm_field_46_container\" class=\"frm_form_field form-field  frm_required_field frm_top_container frm12 frm_first\">\r\n    <label for=\"field_t91phceaef5559eb4328dd728c8d93ec526\" id=\"field_t91phceaef5559eb4328dd728c8d93ec526_label\" class=\"frm_primary_label\">Soci\u00e9t\u00e9\r\n        <span class=\"frm_required\" aria-hidden=\"true\">*<\/span>\r\n    <\/label>\r\n    <input  type=\"text\" id=\"field_t91phceaef5559eb4328dd728c8d93ec526\" name=\"item_meta[46]\" value=\"\"  data-reqmsg=\"Champ obligatoire   \" aria-required=\"true\" data-invmsg=\"Texte invalide \" aria-invalid=\"false\"   \/>\r\n    \r\n    \r\n<\/div>\n<div id=\"frm_field_58_container\" class=\"frm_form_field form-field  frm_required_field frm_top_container frm6 frm_first\">\r\n    <label for=\"field_ib03q\" id=\"field_ib03q_label\" class=\"frm_primary_label\">Civilit\u00e9\r\n        <span class=\"frm_required\" aria-hidden=\"true\">*<\/span>\r\n    <\/label>\r\n    \t\t<select name=\"item_meta[58]\" id=\"field_ib03q\"  data-placeholder=\"S\u00e9lectionner\"  data-frmval=\"Bitte ausw\u00e4hlen\" data-frmplaceholder=\"S\u00e9lectionner\" placeholder=\"S\u00e9lectionner\" data-reqmsg=\"Civilit\u00e9 kann nicht leer sein.\" aria-required=\"true\" data-invmsg=\"Civilit\u00e9 est non valide\" aria-invalid=\"false\"  >\n\t\t<option  class=\"frm-select-placeholder\" value=\"\" data-placeholder=\"true\">S\u00e9lectionner<\/option><option  value=\"Frau\">Madame<\/option><option  value=\"Herr\">Monsieur<\/option>\t<\/select>\n\t\r\n    \r\n    \r\n<\/div>\n<div id=\"frm_field_47_container\" class=\"frm_form_field form-field  frm_required_field frm_top_container frm6\">\r\n    <label for=\"field_qh4icyc2505c039066b2104f410dac3eb553\" id=\"field_qh4icyc2505c039066b2104f410dac3eb553_label\" class=\"frm_primary_label\">Nom\r\n        <span class=\"frm_required\" aria-hidden=\"true\">*<\/span>\r\n    <\/label>\r\n    <input  type=\"text\" id=\"field_qh4icyc2505c039066b2104f410dac3eb553\" name=\"item_meta[47]\" value=\"\"  data-reqmsg=\"Champ obligatoire   \" aria-required=\"true\" data-invmsg=\"Name ist ung\u00fcltig\" aria-invalid=\"false\"   \/>\r\n    \r\n    \r\n<\/div>\n<div id=\"frm_field_49_container\" class=\"frm_form_field form-field  frm_top_container frm4 frm_first\">\r\n    <label for=\"field_o4eyoff1e578eca8460ebdf6\" id=\"field_o4eyoff1e578eca8460ebdf6_label\" class=\"frm_primary_label\">Rue\/N\u00b0\r\n        <span class=\"frm_required\" aria-hidden=\"true\"><\/span>\r\n    <\/label>\r\n    <input  type=\"text\" id=\"field_o4eyoff1e578eca8460ebdf6\" name=\"item_meta[49]\" value=\"\"  data-invmsg=\"Text ist ung\u00fcltig\" aria-invalid=\"false\"   \/>\r\n    \r\n    \r\n<\/div>\n<div id=\"frm_field_50_container\" class=\"frm_form_field form-field  frm_top_container frm4\">\r\n    <label for=\"field_dxcladc7f0293a870dd7f0eb6f8527ea9fc\" id=\"field_dxcladc7f0293a870dd7f0eb6f8527ea9fc_label\" class=\"frm_primary_label\">Code Postal\/Ville\r\n        <span class=\"frm_required\" aria-hidden=\"true\"><\/span>\r\n    <\/label>\r\n    <input  type=\"text\" id=\"field_dxcladc7f0293a870dd7f0eb6f8527ea9fc\" name=\"item_meta[50]\" value=\"\"  data-invmsg=\"Text ist ung\u00fcltig\" aria-invalid=\"false\"   \/>\r\n    \r\n    \r\n<\/div>\n<div id=\"frm_field_61_container\" class=\"frm_form_field form-field  frm_top_container frm4\">\r\n    <label for=\"field_9lkmd\" id=\"field_9lkmd_label\" class=\"frm_primary_label\">Pays\r\n        <span class=\"frm_required\" aria-hidden=\"true\"><\/span>\r\n    <\/label>\r\n    <input  type=\"text\" id=\"field_9lkmd\" name=\"item_meta[61]\" value=\"\"  data-invmsg=\"Text ist ung\u00fcltig\" aria-invalid=\"false\"   \/>\r\n    \r\n    \r\n<\/div>\n<div id=\"frm_field_51_container\" class=\"frm_form_field form-field  frm_required_field frm_top_container frm6 frm_first\">\r\n    <label for=\"field_29yf4d381ebebdffa5300b3f1b45161bdc3d\" id=\"field_29yf4d381ebebdffa5300b3f1b45161bdc3d_label\" class=\"frm_primary_label\">Email\r\n        <span class=\"frm_required\" aria-hidden=\"true\">*<\/span>\r\n    <\/label>\r\n    <input type=\"email\" id=\"field_29yf4d381ebebdffa5300b3f1b45161bdc3d\" name=\"item_meta[51]\" value=\"\"  data-reqmsg=\"Champ obligatoire   \" aria-required=\"true\" data-invmsg=\"Please enter a valid email address\" aria-invalid=\"false\"  \/>\r\n    \r\n    \r\n<\/div>\n<div id=\"frm_field_62_container\" class=\"frm_form_field form-field  frm_top_container frm6\">\r\n    <label for=\"field_cuei0\" id=\"field_cuei0_label\" class=\"frm_primary_label\">Telefon\r\n        <span class=\"frm_required\" aria-hidden=\"true\"><\/span>\r\n    <\/label>\r\n    <input type=\"tel\" id=\"field_cuei0\" name=\"item_meta[62]\" value=\"\"  data-invmsg=\"Telefon ist ung\u00fcltig\" aria-invalid=\"false\" pattern=\"((\\+\\d{1,3}(-|.| )?\\(?\\d\\)?(-| |.)?\\d{1,5})|(\\(?\\d{2,6}\\)?))(-|.| )?(\\d{3,4})(-|.| )?(\\d{4})(( x| ext)\\d{1,5}){0,1}$\"  \/>\r\n    \r\n    \r\n<\/div>\n<div id=\"frm_field_53_container\" class=\"frm_form_field form-field  frm_top_container vertical_radio\">\r\n    <div id=\"field_phnde5520f5770b242e4683d_label\" class=\"frm_primary_label\">Programme de s\u00e9lection de pompes PSpro+\r\n        <span class=\"frm_required\" aria-hidden=\"true\"><\/span>\r\n    <\/div>\r\n    <div class=\"frm_opt_container\" role=\"group\">\t\t<div class=\"frm_checkbox\" id=\"frm_checkbox_53-0\">\t\t\t<label  for=\"field_phnde5520f5770b242e4683d-0\">\n\t\t\t<input type=\"checkbox\" name=\"item_meta[53][]\" id=\"field_phnde5520f5770b242e4683d-0\" value=\"PSpro+ Anforderung\"  data-invmsg=\"Programme de s\u00e9lection de pompes PSpro+ est non valide\"   \/> Demande Pspro+<\/label><\/div>\n<\/div>\r\n    <div class=\"frm_description\" id=\"frm_desc_field_phnde5520f5770b242e4683d\">Veuillez m&rsquo;envoyer un lien de t\u00e9l\u00e9chargement sur mon adresse e-mail<\/div>\r\n    \r\n<\/div>\n<div id=\"frm_field_54_container\" class=\"frm_form_field form-field  frm_top_container frm_full\">\r\n    <label for=\"field_9jv0r1847ddf451f2ecc7fa8737a6929eefd\" id=\"field_9jv0r1847ddf451f2ecc7fa8737a6929eefd_label\" class=\"frm_primary_label\">Votre message\r\n        <span class=\"frm_required\" aria-hidden=\"true\"><\/span>\r\n    <\/label>\r\n    <textarea name=\"item_meta[54]\" id=\"field_9jv0r1847ddf451f2ecc7fa8737a6929eefd\" rows=\"5\"  data-invmsg=\"Votre message est non valide\" aria-invalid=\"false\"  ><\/textarea>\r\n    \r\n    \r\n<\/div>\n<div id=\"frm_field_63_container\" class=\"frm_form_field form-field  frm_required_field frm_top_container vertical_radio\">\r\n    <div id=\"field_3yhlf_label\" class=\"frm_primary_label\">Consentement DSGVO\r\n        <span class=\"frm_required\" aria-hidden=\"true\">*<\/span>\r\n    <\/div>\r\n    <div class=\"frm_opt_container\" role=\"group\">\t\t<div class=\"frm_checkbox\" id=\"frm_checkbox_63-0\">\t\t\t<label  for=\"field_3yhlf-0\">\n\t\t\t<input type=\"checkbox\" name=\"item_meta[63][]\" id=\"field_3yhlf-0\" value=\"Ich willige ein, dass diese Website meine \u00fcbermittelten Informationen speichert, sodass meine Anfrage beantwortet werden kann.\"  data-reqmsg=\"Consentement DSGVO kann nicht leer sein.\" data-invmsg=\"Consentement DSGVO est non valide\"   aria-required=\"true\"  \/> J\u2019accepte que ce site web garde en m\u00e9moire mes informations communiqu\u00e9es, afin que ma demande puisse \u00eatre trait\u00e9e.<\/label><\/div>\n<\/div>\r\n    \r\n    \r\n<\/div>\n\t<input type=\"hidden\" name=\"item_key\" value=\"\" \/>\n\t\t\t<div id=\"frm_field_64_container\">\n\t\t\t<label for=\"field_8jdfe\" >\n\t\t\t\tSi vous \u00eates un humain, ne remplissez pas ce champ.\t\t\t<\/label>\n\t\t\t<input  id=\"field_8jdfe\" type=\"text\" class=\"frm_form_field form-field frm_verify\" name=\"item_meta[64]\" value=\"\"  \/>\n\t\t<\/div>\n\t\t<input name=\"frm_state\" type=\"hidden\" value=\"eUVBJ+OMZ0M1rJrNBhJe4Vr8wwvE+gelekLBB1zFh4I0LMT68X0ND4G+F5WN+eIJ\" \/><div class=\"frm_submit\">\r\n\r\n<button class=\"frm_button_submit frm_final_submit\" type=\"submit\"  formnovalidate=\"formnovalidate\">Envoyer<\/button>\r\n\r\n<\/div><\/div>\n<\/fieldset>\n<\/div>\n\n<\/form>\n<\/div>\n","protected":false},"excerpt":{"rendered":"<p>Nous mettons \u00e0 votre disposition un programme convivial de s\u00e9lection de pompes PSpro+. Il vous permettra de faire vous-m\u00eame votre s\u00e9lection. Vous introduisez vos param\u00e8tres et le programme vous\u00a0s\u00e9lectionnera la pompe adapt\u00e9e.<\/p>\n","protected":false},"author":5,"featured_media":0,"parent":0,"menu_order":0,"comment_status":"closed","ping_status":"closed","template":"","meta":{"_acf_changed":false,"footnotes":""},"class_list":["post-5616","page","type-page","status-publish","hentry"],"acf":[],"_links":{"self":[{"href":"https:\/\/schmalenberger.de\/fr\/wp-json\/wp\/v2\/pages\/5616","targetHints":{"allow":["GET"]}}],"collection":[{"href":"https:\/\/schmalenberger.de\/fr\/wp-json\/wp\/v2\/pages"}],"about":[{"href":"https:\/\/schmalenberger.de\/fr\/wp-json\/wp\/v2\/types\/page"}],"author":[{"embeddable":true,"href":"https:\/\/schmalenberger.de\/fr\/wp-json\/wp\/v2\/users\/5"}],"replies":[{"embeddable":true,"href":"https:\/\/schmalenberger.de\/fr\/wp-json\/wp\/v2\/comments?post=5616"}],"version-history":[{"count":1,"href":"https:\/\/schmalenberger.de\/fr\/wp-json\/wp\/v2\/pages\/5616\/revisions"}],"predecessor-version":[{"id":5617,"href":"https:\/\/schmalenberger.de\/fr\/wp-json\/wp\/v2\/pages\/5616\/revisions\/5617"}],"wp:attachment":[{"href":"https:\/\/schmalenberger.de\/fr\/wp-json\/wp\/v2\/media?parent=5616"}],"curies":[{"name":"wp","href":"https:\/\/api.w.org\/{rel}","templated":true}]}}