{"id":5905,"date":"2022-03-09T18:43:24","date_gmt":"2022-03-09T17:43:24","guid":{"rendered":"https:\/\/schmalenberger.wp3.visual4.com\/?page_id=5905"},"modified":"2025-03-24T12:27:21","modified_gmt":"2025-03-24T11:27:21","slug":"distribution-et-service","status":"publish","type":"page","link":"https:\/\/schmalenberger.de\/fr\/distribution-et-service\/","title":{"rendered":"Nos partenaires de distribution et service\ufffc"},"content":{"rendered":"\n<div class=\"wp-block-columns alignwide is-layout-flex wp-container-core-columns-is-layout-9d6595d7 wp-block-columns-is-layout-flex\">\n<div class=\"wp-block-column is-layout-flow wp-block-column-is-layout-flow\" style=\"flex-basis:66.66%\">\n<h2 class=\"wp-block-heading is-style-heading-withLine\" id=\"vertriebs-und-servicepartner\">Nos partenaires de distribution et service<\/h2>\n\n\n\n<div class=\"wp-block-columns are-vertically-aligned-center is-layout-flex wp-container-core-columns-is-layout-9d6595d7 wp-block-columns-is-layout-flex\">\n<div class=\"wp-block-column is-vertically-aligned-center is-layout-flow wp-block-column-is-layout-flow\" style=\"flex-basis:33.33%\">\n<figure class=\"wp-block-image size-full\"><img loading=\"lazy\" decoding=\"async\" width=\"438\" height=\"424\" src=\"https:\/\/schmalenberger.de\/wp-content\/uploads\/2021\/10\/schmalenberger_weltkugel.png\" alt=\"\" class=\"wp-image-2727\" srcset=\"https:\/\/schmalenberger.de\/wp-content\/uploads\/2021\/10\/schmalenberger_weltkugel.png 438w, https:\/\/schmalenberger.de\/wp-content\/uploads\/2021\/10\/schmalenberger_weltkugel-300x290.png 300w\" sizes=\"auto, (max-width: 438px) 100vw, 438px\" \/><\/figure>\n<\/div>\n\n\n\n<div class=\"wp-block-column is-vertically-aligned-center is-layout-flow wp-block-column-is-layout-flow\" style=\"flex-basis:66.66%\">\n<p>Nous disposons d\u2019un bon r\u00e9seau de distribution et de service utilisateur qui s\u2019\u00e9tend sur de nombreux pays. Partout dans le monde, nous pouvons ainsi r\u00e9pondre efficacement \u00e0 la demande croissante pour nos produits. Nos partenaires vous fournissent une aide rapide et qualifi\u00e9e pour toutes les questions touchant \u00e0 la technologie de pompage.<\/p>\n<\/div>\n<\/div>\n\n\n\n<div class=\"wp-block-v4core-accordion Accordion v4-accordion\">\n<div class=\"wp-block-v4core-accordion-item Accordion-item v4-accordion-item\">\n<h3 class=\"wp-block-heading Accordion-item-title v4-accordion-title\" id=\"grossbritannien\">GRANDE BRETAGNE<div class=\"Accordion-item-icon\"><\/div><\/h3>\n\n\n\n<div class=\"wp-block-v4core-accordion-item-content Accordion-item-content v4-accordion-content\">\n<div class=\"wp-block-columns is-layout-flex wp-container-core-columns-is-layout-9d6595d7 wp-block-columns-is-layout-flex\">\n<div class=\"wp-block-column is-layout-flow wp-block-column-is-layout-flow\">\n<p><strong>IPP<\/strong><br><strong>Industrial Process Pumps<\/strong><\/p>\n<\/div>\n\n\n\n<div class=\"wp-block-column is-layout-flow wp-block-column-is-layout-flow\">\n<p>22-30 Dunton Close, West Meadows Industrial Estate,<br>Derby, DE21 6XB, UK<br>T\u00e9l : <a href=\"tel:00441332291710\">+44 (0) 1332 291710<\/a><br>Fax : +44 (0) 1332 291711<br><a href=\"mailto:sales@ipp-group.co.uk\">sales@ipp-group.co.uk<\/a><\/p>\n<\/div>\n<\/div>\n<\/div>\n<\/div>\n\n\n\n<div class=\"wp-block-v4core-accordion-item Accordion-item v4-accordion-item\">\n<h3 class=\"wp-block-heading Accordion-item-title v4-accordion-title\" id=\"indien\">INDE<div class=\"Accordion-item-icon\"><\/div><\/h3>\n\n\n\n<div class=\"wp-block-v4core-accordion-item-content Accordion-item-content v4-accordion-content\">\n<div class=\"wp-block-columns is-layout-flex wp-container-core-columns-is-layout-9d6595d7 wp-block-columns-is-layout-flex\">\n<div class=\"wp-block-column is-layout-flow wp-block-column-is-layout-flow\">\n<p><strong>Sovereign Tech Engineering Services<\/strong><br><strong>Pvt. Ltd<\/strong><\/p>\n<\/div>\n\n\n\n<div class=\"wp-block-column is-layout-flow wp-block-column-is-layout-flow\">\n<p>14, Mahinder Chambers, W.T. Patil Road,<br>Chembur Mumbai 400 071<br>T\u00e9l : <a href=\"tel:00912267973259\">+91 (0) 2267973259<\/a><br>Fax : +91 (0) 2267987499<br><a href=\"mailto:corporate@sovereigntech.in\">corporate@sovereigntech.in<\/a><\/p>\n<\/div>\n<\/div>\n<\/div>\n<\/div>\n\n\n\n<div class=\"wp-block-v4core-accordion-item Accordion-item v4-accordion-item\">\n<h3 class=\"wp-block-heading Accordion-item-title v4-accordion-title\" id=\"italien\">ITALIE<div class=\"Accordion-item-icon\"><\/div><\/h3>\n\n\n\n<div class=\"wp-block-v4core-accordion-item-content Accordion-item-content v4-accordion-content\">\n<div class=\"wp-block-columns is-layout-flex wp-container-core-columns-is-layout-9d6595d7 wp-block-columns-is-layout-flex\">\n<div class=\"wp-block-column is-layout-flow wp-block-column-is-layout-flow\">\n<p><strong>Filtra s.r.l.<\/strong><\/p>\n<\/div>\n\n\n\n<div class=\"wp-block-column is-layout-flow wp-block-column-is-layout-flow\">\n<p>Via Concetto Marchesi 12, 10093 Collegno (TO), Italy<br>T\u00e9l : <a href=\"tel:00390119241011\">+39 (0) 119241011<\/a><br>Fax : +39 (0) 119241181<br><a href=\"mailto:info@filtra.it\">info@filtra.it<\/a><\/p>\n<\/div>\n<\/div>\n<\/div>\n<\/div>\n\n\n\n<div class=\"wp-block-v4core-accordion-item Accordion-item v4-accordion-item\">\n<h3 class=\"wp-block-heading Accordion-item-title v4-accordion-title\" id=\"osterreich\">AUTRICHE<div class=\"Accordion-item-icon\"><\/div><\/h3>\n\n\n\n<div class=\"wp-block-v4core-accordion-item-content Accordion-item-content v4-accordion-content\">\n<div class=\"wp-block-columns is-layout-flex wp-container-core-columns-is-layout-9d6595d7 wp-block-columns-is-layout-flex\">\n<div class=\"wp-block-column is-layout-flow wp-block-column-is-layout-flow\">\n<p><strong>PAS Pumpentechnik GmbH<\/strong><\/p>\n<\/div>\n\n\n\n<div class=\"wp-block-column is-layout-flow wp-block-column-is-layout-flow\">\n<p>Bockflie\u00dferstra\u00dfe 13, 2232 Deutsch-Wagram, \u00d6sterreich<br>T\u00e9l : <a href=\"tel:0043224765057\">+43 (0) 224765057<\/a><br>Fax : +43 (0) 125330339107<br><a href=\"mailto:office@pas-pumpentechnik.at\">office@pas-pumpentechnik.at<\/a><\/p>\n<\/div>\n<\/div>\n<\/div>\n<\/div>\n\n\n\n<div class=\"wp-block-v4core-accordion-item Accordion-item v4-accordion-item\">\n<h3 class=\"wp-block-heading Accordion-item-title v4-accordion-title\" id=\"polen\">POLOGNE<div class=\"Accordion-item-icon\"><\/div><\/h3>\n\n\n\n<div class=\"wp-block-v4core-accordion-item-content Accordion-item-content v4-accordion-content\">\n<div class=\"wp-block-columns is-layout-flex wp-container-core-columns-is-layout-9d6595d7 wp-block-columns-is-layout-flex\">\n<div class=\"wp-block-column is-layout-flow wp-block-column-is-layout-flow\">\n<p><strong>GAA-Lobex<\/strong><\/p>\n<\/div>\n\n\n\n<div class=\"wp-block-column is-layout-flow wp-block-column-is-layout-flow\">\n<p>Ul. Traugutta 39, 37-500 Jaroslaw, Polen<br>T\u00e9l : <a href=\"tel:0048166210891\">+48 (0) 166210891<\/a><br>Fax : +48 (0) 166210892<br><a href=\"mailto:lobex@gaa.com.pl\">lobex@gaa.com.pl<\/a><\/p>\n<\/div>\n<\/div>\n<\/div>\n<\/div>\n\n\n\n<div class=\"wp-block-v4core-accordion-item Accordion-item v4-accordion-item\">\n<h3 class=\"wp-block-heading Accordion-item-title v4-accordion-title\" id=\"schweden\">SU\u00c8DE<div class=\"Accordion-item-icon\"><\/div><\/h3>\n\n\n\n<div class=\"wp-block-v4core-accordion-item-content Accordion-item-content v4-accordion-content\">\n<div class=\"wp-block-columns is-layout-flex wp-container-core-columns-is-layout-9d6595d7 wp-block-columns-is-layout-flex\">\n<div class=\"wp-block-column is-layout-flow wp-block-column-is-layout-flow\">\n<p><strong>Mercatus Engineering AB<\/strong><\/p>\n<\/div>\n\n\n\n<div class=\"wp-block-column is-layout-flow wp-block-column-is-layout-flow\">\n<p>Hultsfredsv\u00e4gen 33, 598 40 Vimmerby, Sweden<br>T\u00e9l : <a href=\"tel:004649217100\">+46 (0) 49217100<\/a><br>Fax : +46 (0) 49217128<br><a href=\"mailto:info@mercatus.se\">info@mercatus.se<\/a><\/p>\n<\/div>\n<\/div>\n<\/div>\n<\/div>\n\n\n\n<div class=\"wp-block-v4core-accordion-item Accordion-item v4-accordion-item\">\n<h3 class=\"wp-block-heading Accordion-item-title v4-accordion-title\" id=\"schweiz\">SUISSE<div class=\"Accordion-item-icon\"><\/div><\/h3>\n\n\n\n<div class=\"wp-block-v4core-accordion-item-content Accordion-item-content v4-accordion-content\">\n<div class=\"wp-block-columns is-layout-flex wp-container-core-columns-is-layout-9d6595d7 wp-block-columns-is-layout-flex\">\n<div class=\"wp-block-column is-layout-flow wp-block-column-is-layout-flow\">\n<p><strong>Schubag AG<\/strong><\/p>\n<\/div>\n\n\n\n<div class=\"wp-block-column is-layout-flow wp-block-column-is-layout-flow\">\n<p>Rosenackerstr. 2, 8552 Felben-Wellhausen, Schweiz<br>T\u00e9l : <a href=\"tel:0041527622221\">+41 52 762 22 21<\/a><br>Fax : +41 52 762 22 66<br><a href=\"mailto:info@schubag.ch\">info@schubag.ch<\/a><\/p>\n<\/div>\n<\/div>\n<\/div>\n<\/div>\n\n\n\n<div class=\"wp-block-v4core-accordion-item Accordion-item v4-accordion-item\">\n<h3 class=\"wp-block-heading Accordion-item-title v4-accordion-title\">ESPAGNE<div class=\"Accordion-item-icon\"><\/div><\/h3>\n\n\n\n<div class=\"wp-block-v4core-accordion-item-content Accordion-item-content v4-accordion-content\">\n<div class=\"wp-block-columns is-layout-flex wp-container-core-columns-is-layout-9d6595d7 wp-block-columns-is-layout-flex\">\n<div class=\"wp-block-column is-layout-flow wp-block-column-is-layout-flow\">\n<p><strong>EHAFF<\/strong> <br><strong>Engineering Application for Fine Filtration, S.L.<\/strong><\/p>\n<\/div>\n\n\n\n<div class=\"wp-block-column is-layout-flow wp-block-column-is-layout-flow\">\n<p>C\/ Iribar, 9. Pab. E-6 (Igara),<br>20018&nbsp;San Sebastian,<br>Spanien<br>Tel.: <a href=\"tel:+34943223692\">+34 943 22 36 92<\/a><br><a href=\"mailto:info@ehaff.com\">info@ehaff.com<\/a><\/p>\n<\/div>\n<\/div>\n\n\n\n<p><\/p>\n<\/div>\n<\/div>\n\n\n\n<div class=\"wp-block-v4core-accordion-item Accordion-item v4-accordion-item\">\n<h3 class=\"wp-block-heading Accordion-item-title v4-accordion-title\">T\u00dcRKIYE<div class=\"Accordion-item-icon\"><\/div><\/h3>\n\n\n\n<div class=\"wp-block-v4core-accordion-item-content Accordion-item-content v4-accordion-content\">\n<div class=\"wp-block-columns is-layout-flex wp-container-core-columns-is-layout-9d6595d7 wp-block-columns-is-layout-flex\">\n<div class=\"wp-block-column is-layout-flow wp-block-column-is-layout-flow\">\n<p>R\u00e9gion Bursa <br><br><strong>Ideal Motor Enerji Sistemleri<\/strong><\/p>\n<\/div>\n\n\n\n<div class=\"wp-block-column is-layout-flow wp-block-column-is-layout-flow\">\n<p>Alaaddinbey Mh, 630. Sk. Zer4 Plaza 8\/B,<br>16120 Nil\u00fcfer\/Bursa,<br>T\u00fcrkei<br>Tel.: <a href=\"tel:+902244419995\">+90 224 44 199 95<\/a><br><a href=\"mailto:info@idealmotor.com.tr\">info@idealmotor.com.tr<\/a><\/p>\n<\/div>\n<\/div>\n<\/div>\n<\/div>\n<\/div>\n<\/div>\n\n\n\n<div class=\"wp-block-column is-layout-flow wp-block-column-is-layout-flow\" style=\"flex-basis:33.33%\">\n<div class=\"wp-block-group has-light-gray-background-color has-background\"><div class=\"wp-block-group__inner-container is-layout-flow wp-block-group-is-layout-flow\">\n<div class=\"wp-block-image\"><figure class=\"aligncenter size-large is-resized\"><img loading=\"lazy\" decoding=\"async\" src=\"https:\/\/schmalenberger.de\/wp-content\/uploads\/\/2021\/11\/rufen-sie-uns-an-1.svg\" alt=\"\" class=\"wp-image-2904\" width=\"69\" height=\"75\" \/><\/figure><\/div>\n\n\n\n<h3 class=\"has-text-align-center has-extra-large-font-size wp-block-heading\" id=\"rufen-sie-uns-an\"><strong>N\u2019h\u00e9sitez pas \u00e0 nous appeler<\/strong><\/h3>\n\n\n\n<p class=\"has-text-align-center\">Du lundi au vendredi de 9 h \u00e0 18 h<\/p>\n\n\n\n<div class=\"wp-block-buttons is-horizontal is-content-justification-center is-layout-flex wp-container-core-buttons-is-layout-499968f5 wp-block-buttons-is-layout-flex\">\n<div class=\"wp-block-button is-style-outline is-style-outline--1\"><a class=\"wp-block-button__link\" href=\"tel:0033247804881\">T\u00e9l. : &nbsp;+33 2 47 80 48 81<\/a><\/div>\n<\/div>\n<\/div><\/div>\n\n\n\n<div class=\"wp-block-group has-light-gray-background-color has-background\"><div class=\"wp-block-group__inner-container is-layout-flow wp-block-group-is-layout-flow\">\n<div class=\"wp-block-image\"><figure class=\"aligncenter size-large is-resized\"><img loading=\"lazy\" decoding=\"async\" src=\"https:\/\/schmalenberger.de\/wp-content\/uploads\/\/2021\/11\/kontaktformular-1.svg\" alt=\"\" class=\"wp-image-2919\" width=\"100\" height=\"75\" \/><\/figure><\/div>\n\n\n\n<h3 class=\"has-text-align-center has-extra-large-font-size wp-block-heading\" id=\"schreiben-sie-uns\"><strong>N\u2019h\u00e9sitez pas \u00e0 nous envoyer un mail<\/strong><\/h3>\n\n\n\n<div class=\"wp-block-buttons is-horizontal is-content-justification-center is-layout-flex wp-container-core-buttons-is-layout-499968f5 wp-block-buttons-is-layout-flex\">\n<div class=\"wp-block-button is-style-outline is-style-outline--2\"><a class=\"wp-block-button__link\" href=\"mailto:info@schmalenberger.de\">info@schmalenberger.de<\/a><\/div>\n<\/div>\n<\/div><\/div>\n\n\n\n<div class=\"wp-block-group has-light-gray-background-color has-background\"><div class=\"wp-block-group__inner-container is-layout-flow wp-block-group-is-layout-flow\">\n<div class=\"wp-block-image\"><figure class=\"aligncenter size-large is-resized\"><img loading=\"lazy\" decoding=\"async\" src=\"https:\/\/schmalenberger.de\/wp-content\/uploads\/\/2021\/11\/ansprechpartner-1.svg\" alt=\"\" class=\"wp-image-2913\" width=\"76\" height=\"75\" \/><\/figure><\/div>\n\n\n\n<p class=\"has-text-align-center\"><strong>Schmalenberger Export Office France<\/strong><br>39, rue des Granges Galand<br>F-37550 Saint Avertin Cedex<\/p>\n\n\n\n<p class=\"has-text-align-center\"><strong>Schmalenberger GmbH + Co. KG<\/strong><br>Im Schelmen 9-11<br>D-72072 T\u00fcbingen<\/p>\n<\/div><\/div>\n<\/div>\n<\/div>\n","protected":false},"excerpt":{"rendered":"<p>Nos partenaires de distribution et service Nous disposons d\u2019un bon r\u00e9seau de distribution et de service utilisateur qui s\u2019\u00e9tend sur de nombreux pays. Partout dans le monde, nous pouvons ainsi r\u00e9pondre efficacement \u00e0 la demande&hellip;<\/p>\n","protected":false},"author":5,"featured_media":0,"parent":0,"menu_order":0,"comment_status":"closed","ping_status":"closed","template":"","meta":{"_acf_changed":false,"footnotes":""},"class_list":["post-5905","page","type-page","status-publish","hentry"],"acf":[],"_links":{"self":[{"href":"https:\/\/schmalenberger.de\/fr\/wp-json\/wp\/v2\/pages\/5905","targetHints":{"allow":["GET"]}}],"collection":[{"href":"https:\/\/schmalenberger.de\/fr\/wp-json\/wp\/v2\/pages"}],"about":[{"href":"https:\/\/schmalenberger.de\/fr\/wp-json\/wp\/v2\/types\/page"}],"author":[{"embeddable":true,"href":"https:\/\/schmalenberger.de\/fr\/wp-json\/wp\/v2\/users\/5"}],"replies":[{"embeddable":true,"href":"https:\/\/schmalenberger.de\/fr\/wp-json\/wp\/v2\/comments?post=5905"}],"version-history":[{"count":10,"href":"https:\/\/schmalenberger.de\/fr\/wp-json\/wp\/v2\/pages\/5905\/revisions"}],"predecessor-version":[{"id":7175,"href":"https:\/\/schmalenberger.de\/fr\/wp-json\/wp\/v2\/pages\/5905\/revisions\/7175"}],"wp:attachment":[{"href":"https:\/\/schmalenberger.de\/fr\/wp-json\/wp\/v2\/media?parent=5905"}],"curies":[{"name":"wp","href":"https:\/\/api.w.org\/{rel}","templated":true}]}}