{"id":5910,"date":"2022-03-09T18:47:39","date_gmt":"2022-03-09T17:47:39","guid":{"rendered":"https:\/\/schmalenberger.wp3.visual4.com\/?page_id=5910"},"modified":"2022-03-09T18:47:41","modified_gmt":"2022-03-09T17:47:41","slug":"formulaire-de-contact","status":"publish","type":"page","link":"https:\/\/schmalenberger.de\/fr\/formulaire-de-contact\/","title":{"rendered":"Formulaire de contact"},"content":{"rendered":"\n<div class=\"wp-block-columns alignwide is-layout-flex wp-container-core-columns-is-layout-9d6595d7 wp-block-columns-is-layout-flex\">\n<div class=\"wp-block-column is-layout-flow wp-block-column-is-layout-flow\" style=\"flex-basis:66.66%\">\n<h2 class=\"is-style-heading-withLine wp-block-heading\" id=\"kontaktformular\">Formulaire de contact<\/h2>\n\n\n<div class=\"frm_forms  with_frm_style frm_style_formidable-style\" id=\"frm_form_3_container\" >\n<form enctype=\"multipart\/form-data\" method=\"post\" class=\"frm-show-form  frm_pro_form \" id=\"form_contact-form9a39ec0658\" >\n<div class=\"frm_form_fields \">\n<fieldset>\n<legend class=\"frm_screen_reader\">Kontaktformular allgemein<\/legend>\r\n\r\n<div class=\"frm_fields_container\">\n<input type=\"hidden\" name=\"frm_action\" value=\"create\" \/>\n<input type=\"hidden\" name=\"form_id\" value=\"3\" \/>\n<input type=\"hidden\" name=\"frm_hide_fields_3\" id=\"frm_hide_fields_3\" value=\"\" \/>\n<input type=\"hidden\" name=\"form_key\" value=\"contact-form9a39ec0658\" \/>\n<input type=\"hidden\" name=\"item_meta[0]\" value=\"\" \/>\n<input type=\"hidden\" id=\"frm_submit_entry_3\" name=\"frm_submit_entry_3\" value=\"6a2d5011dd\" \/><input type=\"hidden\" name=\"_wp_http_referer\" value=\"\/fr\/wp-json\/wp\/v2\/pages\/5910\" \/><div id=\"frm_field_20_container\" class=\"frm_form_field form-field  frm_required_field frm_top_container frm12 frm_first\">\r\n    <label for=\"field_t91phceaef5559e\" id=\"field_t91phceaef5559e_label\" class=\"frm_primary_label\">Entreprise\r\n        <span class=\"frm_required\" aria-hidden=\"true\">*<\/span>\r\n    <\/label>\r\n    <input  type=\"text\" id=\"field_t91phceaef5559e\" name=\"item_meta[20]\" value=\"\"  data-reqmsg=\"Champ obligatoire\" aria-required=\"true\" data-invmsg=\"Text ist ung\u00fcltig\" aria-invalid=\"false\"   \/>\r\n    \r\n    \r\n<\/div>\n<div id=\"frm_field_57_container\" class=\"frm_form_field form-field  frm_required_field frm_top_container frm6 frm_first\">\r\n    <label for=\"field_okevx\" id=\"field_okevx_label\" class=\"frm_primary_label\">Civilit\u00e9\r\n        <span class=\"frm_required\" aria-hidden=\"true\">*<\/span>\r\n    <\/label>\r\n    \t\t<select name=\"item_meta[57]\" id=\"field_okevx\"  data-placeholder=\"S\u00e9lectionner \"  data-frmval=\"Bitte ausw\u00e4hlen\" data-frmplaceholder=\"S\u00e9lectionner \" placeholder=\"S\u00e9lectionner \" data-reqmsg=\"Civilit\u00e9 kann nicht leer sein.\" aria-required=\"true\" data-invmsg=\"Civilit\u00e9 est non valide\" aria-invalid=\"false\"  >\n\t\t<option  class=\"frm-select-placeholder\" value=\"\" data-placeholder=\"true\">S\u00e9lectionner <\/option><option  value=\"Frau\">Madame<\/option><option  value=\"Herr\">Monsieur<\/option>\t<\/select>\n\t\r\n    \r\n    \r\n<\/div>\n<div id=\"frm_field_21_container\" class=\"frm_form_field form-field  frm_required_field frm_top_container frm6\">\r\n    <label for=\"field_qh4icyc2505c0390\" id=\"field_qh4icyc2505c0390_label\" class=\"frm_primary_label\">Nome\r\n        <span class=\"frm_required\" aria-hidden=\"true\">*<\/span>\r\n    <\/label>\r\n    <input  type=\"text\" id=\"field_qh4icyc2505c0390\" name=\"item_meta[21]\" value=\"\"  data-reqmsg=\"Champ obligatoire\" aria-required=\"true\" data-invmsg=\"Name ist ung\u00fcltig\" aria-invalid=\"false\"   \/>\r\n    \r\n    \r\n<\/div>\n<div id=\"frm_field_23_container\" class=\"frm_form_field form-field  frm_top_container frm4 frm_first\">\r\n    <label for=\"field_o4eyoff1e578ec2\" id=\"field_o4eyoff1e578ec2_label\" class=\"frm_primary_label\">Rue\/N\u00b0\r\n        <span class=\"frm_required\" aria-hidden=\"true\"><\/span>\r\n    <\/label>\r\n    <input  type=\"text\" id=\"field_o4eyoff1e578ec2\" name=\"item_meta[23]\" value=\"\"  data-invmsg=\"Text ist ung\u00fcltig\" aria-invalid=\"false\"   \/>\r\n    \r\n    \r\n<\/div>\n<div id=\"frm_field_24_container\" class=\"frm_form_field form-field  frm_top_container frm4\">\r\n    <label for=\"field_dxcladc7f0293a8\" id=\"field_dxcladc7f0293a8_label\" class=\"frm_primary_label\">Code Postal\/Ville\r\n        <span class=\"frm_required\" aria-hidden=\"true\"><\/span>\r\n    <\/label>\r\n    <input  type=\"text\" id=\"field_dxcladc7f0293a8\" name=\"item_meta[24]\" value=\"\"  data-invmsg=\"Text ist ung\u00fcltig\" aria-invalid=\"false\"   \/>\r\n    \r\n    \r\n<\/div>\n<div id=\"frm_field_59_container\" class=\"frm_form_field form-field  frm_top_container frm4\">\r\n    <label for=\"field_x8dc7\" id=\"field_x8dc7_label\" class=\"frm_primary_label\">Pays\r\n        <span class=\"frm_required\" aria-hidden=\"true\"><\/span>\r\n    <\/label>\r\n    <input  type=\"text\" id=\"field_x8dc7\" name=\"item_meta[59]\" value=\"\"  data-invmsg=\"Text ist ung\u00fcltig\" aria-invalid=\"false\"   \/>\r\n    \r\n    \r\n<\/div>\n<div id=\"frm_field_25_container\" class=\"frm_form_field form-field  frm_required_field frm_top_container frm6 frm_first\">\r\n    <label for=\"field_29yf4d381ebebdff\" id=\"field_29yf4d381ebebdff_label\" class=\"frm_primary_label\">E-Mail\r\n        <span class=\"frm_required\" aria-hidden=\"true\">*<\/span>\r\n    <\/label>\r\n    <input type=\"email\" id=\"field_29yf4d381ebebdff\" name=\"item_meta[25]\" value=\"\"  data-reqmsg=\"Champ obligatoire\" aria-required=\"true\" data-invmsg=\"Please enter a valid email address\" aria-invalid=\"false\"  \/>\r\n    \r\n    \r\n<\/div>\n<div id=\"frm_field_60_container\" class=\"frm_form_field form-field  frm_top_container frm6\">\r\n    <label for=\"field_gwxhk\" id=\"field_gwxhk_label\" class=\"frm_primary_label\">T\u00e9l\u00e9phone\r\n        <span class=\"frm_required\" aria-hidden=\"true\"><\/span>\r\n    <\/label>\r\n    <input type=\"tel\" id=\"field_gwxhk\" name=\"item_meta[60]\" value=\"\"  data-invmsg=\"Telefon ist ung\u00fcltig\" aria-invalid=\"false\" pattern=\"((\\+\\d{1,3}(-|.| )?\\(?\\d\\)?(-| |.)?\\d{1,5})|(\\(?\\d{2,6}\\)?))(-|.| )?(\\d{3,4})(-|.| )?(\\d{4})(( x| ext)\\d{1,5}){0,1}$\"  \/>\r\n    \r\n    \r\n<\/div>\n<div id=\"frm_field_28_container\" class=\"frm_form_field form-field  frm_top_container frm_full\">\r\n    <label for=\"field_9jv0r1847ddf451f\" id=\"field_9jv0r1847ddf451f_label\" class=\"frm_primary_label\">Votre message\r\n        <span class=\"frm_required\" aria-hidden=\"true\"><\/span>\r\n    <\/label>\r\n    <textarea name=\"item_meta[28]\" id=\"field_9jv0r1847ddf451f\" rows=\"5\"  data-invmsg=\"Votre message est non valide\" aria-invalid=\"false\"  ><\/textarea>\r\n    \r\n    \r\n<\/div>\n<div id=\"frm_field_30_container\" class=\"frm_form_field form-field  frm_required_field frm_top_container vertical_radio\">\r\n    <div id=\"field_cpp9j2815dc7061_label\" class=\"frm_primary_label\">Consentement DSGVO\r\n        <span class=\"frm_required\" aria-hidden=\"true\">*<\/span>\r\n    <\/div>\r\n    <div class=\"frm_opt_container\" role=\"radiogroup\" aria-required=\"true\">\t\t<div class=\"frm_radio\" id=\"frm_radio_30-0\">\t\t\t<label  for=\"field_cpp9j2815dc7061-0\">\n\t\t\t\t\t<input type=\"radio\" name=\"item_meta[30]\" id=\"field_cpp9j2815dc7061-0\" value=\"Ich willige ein, dass diese Website meine \u00fcbermittelten Informationen speichert, sodass meine Anfrage beantwortet werden kann.\"\n\t\t data-reqmsg=\"Champ obligatoire\" data-invmsg=\"Consentement DSGVO est non valide\"   \/> J\u2019accepte que ce site web garde en m\u00e9moire mes informations communiqu\u00e9es, afin que ma demande puisse \u00eatre trait\u00e9e.<\/label><\/div>\n<\/div>\r\n    \r\n    \r\n<\/div>\n\t<input type=\"hidden\" name=\"item_key\" value=\"\" \/>\n\t\t\t<div id=\"frm_field_64_container\">\n\t\t\t<label for=\"field_9yv03\" >\n\t\t\t\tSi vous \u00eates un humain, ne remplissez pas ce champ.\t\t\t<\/label>\n\t\t\t<input  id=\"field_9yv03\" type=\"text\" class=\"frm_form_field form-field frm_verify\" name=\"item_meta[64]\" value=\"\"  \/>\n\t\t<\/div>\n\t\t<input name=\"frm_state\" type=\"hidden\" value=\"eUVBJ+OMZ0M1rJrNBhJe4bDdgU0vjbLDH2VTzj3P0Kk0LMT68X0ND4G+F5WN+eIJ\" \/><div class=\"frm_submit\">\r\n\r\n<button class=\"frm_button_submit frm_final_submit\" type=\"submit\"  formnovalidate=\"formnovalidate\">Envoyer<\/button>\r\n\r\n<\/div><\/div>\n<\/fieldset>\n<\/div>\n\n<\/form>\n<\/div>\n<\/div>\n\n\n\n<div class=\"wp-block-column is-layout-flow wp-block-column-is-layout-flow\" style=\"flex-basis:33.33%\">\n<div class=\"wp-block-group has-light-gray-background-color has-background\"><div class=\"wp-block-group__inner-container is-layout-flow wp-block-group-is-layout-flow\">\n<div class=\"wp-block-image\"><figure class=\"aligncenter size-large is-resized\"><img loading=\"lazy\" decoding=\"async\" src=\"https:\/\/schmalenberger.de\/wp-content\/uploads\/\/2021\/11\/rufen-sie-uns-an-1.svg\" alt=\"\" class=\"wp-image-2904\" width=\"69\" height=\"75\" \/><\/figure><\/div>\n\n\n\n<h3 class=\"has-text-align-center has-extra-large-font-size wp-block-heading\" id=\"rufen-sie-uns-an\"><strong>N\u2019h\u00e9sitez pas \u00e0 nous appeler<\/strong><\/h3>\n\n\n\n<p class=\"has-text-align-center\">Du lundi au vendredi de 9 h \u00e0 18 h<\/p>\n\n\n\n<div class=\"wp-block-buttons is-horizontal is-content-justification-center is-layout-flex wp-container-core-buttons-is-layout-499968f5 wp-block-buttons-is-layout-flex\">\n<div class=\"wp-block-button is-style-outline is-style-outline--1\"><a class=\"wp-block-button__link\" href=\"tel:0033247804881\">T\u00e9l. : &nbsp;+33 2 47 80 48 81<\/a><\/div>\n<\/div>\n<\/div><\/div>\n\n\n\n<div class=\"wp-block-group has-light-gray-background-color has-background\"><div class=\"wp-block-group__inner-container is-layout-flow wp-block-group-is-layout-flow\">\n<div class=\"wp-block-image\"><figure class=\"aligncenter size-large is-resized\"><img loading=\"lazy\" decoding=\"async\" src=\"https:\/\/schmalenberger.de\/wp-content\/uploads\/\/2021\/11\/kontaktformular-1.svg\" alt=\"\" class=\"wp-image-2919\" width=\"100\" height=\"75\" \/><\/figure><\/div>\n\n\n\n<h3 class=\"has-text-align-center has-extra-large-font-size wp-block-heading\" id=\"schreiben-sie-uns\"><strong>N\u2019h\u00e9sitez pas \u00e0 nous envoyer un mail<\/strong><\/h3>\n\n\n\n<div class=\"wp-block-buttons is-horizontal is-content-justification-center is-layout-flex wp-container-core-buttons-is-layout-499968f5 wp-block-buttons-is-layout-flex\">\n<div class=\"wp-block-button is-style-outline is-style-outline--2\"><a class=\"wp-block-button__link\" href=\"mailto:info@schmalenberger.de\">info@schmalenberger.de<\/a><\/div>\n<\/div>\n<\/div><\/div>\n\n\n\n<div class=\"wp-block-group has-light-gray-background-color has-background\"><div class=\"wp-block-group__inner-container is-layout-flow wp-block-group-is-layout-flow\">\n<div class=\"wp-block-image\"><figure class=\"aligncenter size-large is-resized\"><img loading=\"lazy\" decoding=\"async\" src=\"https:\/\/schmalenberger.de\/wp-content\/uploads\/\/2021\/11\/ansprechpartner-1.svg\" alt=\"\" class=\"wp-image-2913\" width=\"76\" height=\"75\" \/><\/figure><\/div>\n\n\n\n<p class=\"has-text-align-center\"><strong>Schmalenberger Export Office France<\/strong><br>39, rue des Granges Galand<br>F-37550 Saint Avertin Cedex<\/p>\n\n\n\n<p class=\"has-text-align-center\"><strong>Schmalenberger GmbH + Co. KG<\/strong><br>Im Schelmen 9-11<br>D-72072 T\u00fcbingen<\/p>\n<\/div><\/div>\n<\/div>\n<\/div>\n","protected":false},"excerpt":{"rendered":"<p>Formulaire de contact<\/p>\n","protected":false},"author":5,"featured_media":0,"parent":0,"menu_order":0,"comment_status":"closed","ping_status":"closed","template":"","meta":{"_acf_changed":false,"footnotes":""},"class_list":["post-5910","page","type-page","status-publish","hentry"],"acf":[],"_links":{"self":[{"href":"https:\/\/schmalenberger.de\/fr\/wp-json\/wp\/v2\/pages\/5910","targetHints":{"allow":["GET"]}}],"collection":[{"href":"https:\/\/schmalenberger.de\/fr\/wp-json\/wp\/v2\/pages"}],"about":[{"href":"https:\/\/schmalenberger.de\/fr\/wp-json\/wp\/v2\/types\/page"}],"author":[{"embeddable":true,"href":"https:\/\/schmalenberger.de\/fr\/wp-json\/wp\/v2\/users\/5"}],"replies":[{"embeddable":true,"href":"https:\/\/schmalenberger.de\/fr\/wp-json\/wp\/v2\/comments?post=5910"}],"version-history":[{"count":1,"href":"https:\/\/schmalenberger.de\/fr\/wp-json\/wp\/v2\/pages\/5910\/revisions"}],"predecessor-version":[{"id":5911,"href":"https:\/\/schmalenberger.de\/fr\/wp-json\/wp\/v2\/pages\/5910\/revisions\/5911"}],"wp:attachment":[{"href":"https:\/\/schmalenberger.de\/fr\/wp-json\/wp\/v2\/media?parent=5910"}],"curies":[{"name":"wp","href":"https:\/\/api.w.org\/{rel}","templated":true}]}}