{"id":6868,"date":"2023-11-24T10:28:25","date_gmt":"2023-11-24T09:28:25","guid":{"rendered":"https:\/\/schmalenberger.de\/?page_id=6868"},"modified":"2025-12-09T08:16:59","modified_gmt":"2025-12-09T07:16:59","slug":"durabilite","status":"publish","type":"page","link":"https:\/\/schmalenberger.de\/fr\/durabilite\/","title":{"rendered":"Durabilit\u00e9"},"content":{"rendered":"\n\n<div class=\"wp-block-v4core-inner-blocks SEOHeading\">\n<h2 class=\"wp-block-heading SEOHeading-heading is-style-default\">Notre&nbsp;responsabilit\u00e9&nbsp;envers&nbsp;la soci\u00e9t\u00e9 et l\u2018environnement<\/h2>\n\n\n\n<p class=\"SEOHeading-fauxHeading\">LA DURABILIT\u00c9 CHEZ SCHMALENBERGER<\/p>\n<\/div>\n\n\n\n\n<p>Le changement climatique est l&rsquo;un des plus grands d\u00e9fis du si\u00e8cle. Notre action s&rsquo;oriente vers l&rsquo;obligation de transmettre un \u00e9tat intact de la Terre aux g\u00e9n\u00e9rations futures.&nbsp; Il s&rsquo;agit de prot\u00e9ger le climat et d&rsquo;utiliser les ressources de mani\u00e8re efficace. Pour ce faire, nous respectons les lois, les r\u00e9glementations et les principes de protection de l&rsquo;environnement.<\/p>\n\n\n\n<div style=\"height:70px\" aria-hidden=\"true\" class=\"wp-block-spacer\"><\/div>\n\n\n\n<div class=\"wp-block-columns are-vertically-aligned-center is-layout-flex wp-container-core-columns-is-layout-9d6595d7 wp-block-columns-is-layout-flex\">\n<div class=\"wp-block-column is-vertically-aligned-center is-layout-flow wp-block-column-is-layout-flow\"><div class=\"wp-block-image is-style-rounded\">\n<figure class=\"aligncenter size-full is-resized\"><img decoding=\"async\" src=\"https:\/\/fluvo.de\/wp-content\/uploads\/sites\/2\/2023\/11\/dietmar-rogg-ceo-schmalenberger-e1638431696764-edited.jpg\" alt=\"\" class=\"wp-image-8728\" style=\"width:300px\" \/><\/figure>\n<\/div><\/div>\n\n\n\n<div class=\"wp-block-column is-vertically-aligned-center is-layout-flow wp-block-column-is-layout-flow\">\n<blockquote class=\"wp-block-quote is-layout-flow wp-block-quote-is-layout-flow\">\n<p>Par responsabilit\u00e9 envers notre environnement, nous attachons de l&rsquo;importance \u00e0 une gestion durable pour prot\u00e9ger l&rsquo;environnement et les ressources naturelles<\/p>\n<cite><strong>Dietmar Rogg, Directeur g\u00e9n\u00e9ral<\/strong><\/cite><\/blockquote>\n<\/div>\n<\/div>\n\n\n\n<div style=\"height:70px\" aria-hidden=\"true\" class=\"wp-block-spacer\"><\/div>\n\n\n\n\n<div class=\"wp-block-v4core-inner-blocks SEOHeading\">\n<h2 class=\"wp-block-heading SEOHeading-heading is-style-default\">La protection du climat chez Schmalenberger<\/h2>\n\n\n\n<p class=\"SEOHeading-fauxHeading\"><strong>\u00c9viter. R\u00e9duire. Compenser.<\/strong><\/p>\n<\/div>\n\n\n\n\n<p>La protection du climat est un \u00e9l\u00e9ment essentiel de notre conception de la durabilit\u00e9. Nous appliquons le principe \u00ab\u00a0\u00e9viter avant de r\u00e9duire avant de compenser\u00a0\u00bb. L\u2018\u00e9vitement et la r\u00e9duction des \u00e9missions nocives pour le climat sont pour nous la plus haute priorit\u00e9. Nous avons pour objectif de r\u00e9duire consid\u00e9rablement nos \u00e9missions de CO2 d&rsquo;ici 2025 par rapport \u00e0 l&rsquo;ann\u00e9e de r\u00e9f\u00e9rence 2019.<\/p>\n\n\n\n<div class=\"wp-block-columns alignfull are-vertically-aligned-center is-style-stretch-content has-white-color has-text-color has-background has-gigantic-font-size is-layout-flex wp-container-core-columns-is-layout-9d6595d7 wp-block-columns-is-layout-flex\" style=\"background-color:#7ab51d\">\n<div class=\"wp-block-column is-vertically-aligned-center is-layout-flow wp-block-column-is-layout-flow\">\n<h2 class=\"wp-block-heading has-text-align-center\">Actuellement&nbsp;: 31,9&nbsp;% d\u2019\u00e9missions de CO<sub>2<\/sub> en moins par rapport \u00e0 l\u2019ann\u00e9e de r\u00e9f\u00e9rence 2019<\/h2>\n\n\n\n<p class=\"has-text-align-center\">(04\/2025)<\/p>\n\n\n\n<div style=\"height:50px\" aria-hidden=\"true\" class=\"wp-block-spacer\"><\/div>\n\n\n\n<div class=\"Counter\">\n\n    <div class=\"Counter-content\">\n        <div class=\"Counter-sectionWrap\">\n\n            \n                <section class=\"Counter-section\">\n                    \n\n                    <p class=\"Counter-text\">Objectif:<\/p>\n\n                    <p class=\"u-h1 Counter-data\">\n                        <span class=\"Counter-prefix\"><\/span>\n                                                    <span class=\"Counter-number\" data-count=\"35\">0<\/span>\n                                                <span class=\"Counter-suffix\">%<\/span>\n                    <\/p>\n\n                    <p class=\"Counter-description\">Moins d\u2019\u00e9missions de CO<sub>2<\/sub> jusqu\u2019en 2025<\/p>\n                <\/section>\n\n            \n                <section class=\"Counter-section\">\n                    \n\n                    <p class=\"Counter-text\">Objectif:<\/p>\n\n                    <p class=\"u-h1 Counter-data\">\n                        <span class=\"Counter-prefix\"><\/span>\n                                                    <span class=\"Counter-number\" data-count=\"50\">0<\/span>\n                                                <span class=\"Counter-suffix\">%<\/span>\n                    <\/p>\n\n                    <p class=\"Counter-description\">Moins d\u2019\u00e9missions de CO<sub>2<\/sub> en 2030<\/p>\n                <\/section>\n\n            \n        <\/div>\n    <\/div>\n\n<\/div>\n\n\n<div style=\"height:50px\" aria-hidden=\"true\" class=\"wp-block-spacer\"><\/div>\n<\/div>\n<\/div>\n\n\n\n<div class=\"wp-block-media-text has-media-on-the-right is-stacked-on-mobile is-vertically-aligned-top\"><div class=\"wp-block-media-text__content\">\n<p><\/p>\n\n\n\n\n<div class=\"wp-block-v4core-inner-blocks SEOHeading\">\n<h2 class=\"wp-block-heading SEOHeading-heading is-style-default\">Notre responsabilit\u00e9<\/h2>\n\n\n\n<p class=\"SEOHeading-fauxHeading\">Bilan carbone &amp; strat\u00e9gie climatique<\/p>\n<\/div>\n\n\n\n\n<p>Nous travaillons activement \u00e0 la r\u00e9duction de notre empreinte carbone par le biais de mesures clairement d\u00e9finies &#8211; dont le succ\u00e8s peut \u00eatre clairement calcul\u00e9 sur la base de notre bilan GES &#8211; afin de maintenir durablement nos besoins en ressources sous contr\u00f4le op\u00e9rationnel. Nous ne nous concentrons pas seulement sur les \u00e9conomies potentielles mais sur l&rsquo;ensemble des besoins en ressources.<\/p>\n<\/div><figure class=\"wp-block-media-text__media\"><img decoding=\"async\" src=\"https:\/\/fluvo.de\/wp-content\/uploads\/sites\/2\/2021\/12\/1000_F_445561864_i2BgEVaz9bAcMnrlKrTzqipi292BQ31g-e1638434123569-1024x1024.jpg\" alt=\"\" class=\"wp-image-1762 size-full\" \/><\/figure><\/div>\n\n\n\n<div class=\"wp-block-columns is-layout-flex wp-container-core-columns-is-layout-9d6595d7 wp-block-columns-is-layout-flex\">\n<div class=\"wp-block-column is-layout-flow wp-block-column-is-layout-flow\">\n<p class=\"has-white-color has-text-color has-background\" style=\"background-color:#7ab51d\">Depuis 2019, notre bilan des gaz \u00e0 effet de serre fait l&rsquo;objet d&rsquo;une certification externe. Le Greenhouse Gas Protocol (Corporate Accounting and Reporting Standard (GHG Protocol)) et la norme DIN EN ISO 14064-1:2019-06&nbsp; (d\u00e9termination et rapport des \u00e9missions de gaz \u00e0 effet de serre au niveau de l&rsquo;organisation) constituent la base de l&rsquo;\u00e9tablissement du bilan. Nous prenons ainsi en compte trois champs d\u2018application :<\/p>\n<\/div>\n\n\n\n<div class=\"wp-block-column is-layout-flow wp-block-column-is-layout-flow\">\n<p class=\"has-white-color has-text-color has-background\" style=\"background-color:#7ab51d\"><strong>Champ d\u2019application n\u00b01<\/strong><br>\u00c9missions directes r\u00e9sultant de l&rsquo;utilisation de sources d&rsquo;\u00e9nergie primaire et des processus de production<\/p>\n\n\n\n<p class=\"has-white-color has-text-color has-background\" style=\"background-color:#7ab51d\"><strong>Champ d\u2019application n\u00b02 <\/strong><br>\u00c9missions indirectes li\u00e9es \u00e0 l&rsquo;approvisionnement en \u00e9nergie<\/p>\n\n\n\n<p class=\"has-white-color has-text-color has-background\" style=\"background-color:#7ab51d\"><strong>Champ d\u2019application n\u00b03 <\/strong><br>\u00c9missions indirectes g\u00e9n\u00e9r\u00e9es dans la cha\u00eene de valeur ajout\u00e9e de notre entreprise<\/p>\n<\/div>\n\n\n\n<div class=\"wp-block-column is-layout-flow wp-block-column-is-layout-flow\">\n<p class=\"has-white-color has-text-color has-background\" style=\"background-color:#7ab51d\">En ce qui concerne les autres \u00e9missions indirectes li\u00e9es aux activit\u00e9s en amont et en aval, les \u00e9missions li\u00e9es au transport de nos marchandises chez le client sont par exemple calcul\u00e9es de mani\u00e8re automatis\u00e9e \u00e0 l&rsquo;aide de donn\u00e9es g\u00e9ographiques. De plus, nous d\u00e9terminons en permanence, dans le cadre d&rsquo;analyses de mat\u00e9rialit\u00e9, quelles autres \u00e9missions indirectes doivent \u00eatre int\u00e9gr\u00e9es dans les limites du bilan.<\/p>\n<\/div>\n<\/div>\n\n\n\n<div style=\"height:50px\" aria-hidden=\"true\" class=\"wp-block-spacer\"><\/div>\n\n\n\n<div class=\"wp-block-media-text is-stacked-on-mobile is-vertically-aligned-top\"><figure class=\"wp-block-media-text__media\"><img decoding=\"async\" src=\"https:\/\/fluvo.de\/wp-content\/uploads\/sites\/2\/2021\/12\/schwimmbadpumpen-hersteller-deutschland-1024x681.jpg\" alt=\"\" class=\"wp-image-2367 size-full\" \/><\/figure><div class=\"wp-block-media-text__content\">\n<p>Nos produits sont con\u00e7us pour \u00eatre tr\u00e8s efficaces, fiables et durables et construits tout en pr\u00e9servant les ressources. Le recours \u00e0 des fournisseurs r\u00e9gionaux est une priorit\u00e9 pour nous. Nos flux de mati\u00e8res internes sont r\u00e9pertori\u00e9s et \u00e9valu\u00e9s afin de r\u00e9duire les co\u00fbts des mat\u00e9riaux, des eaux us\u00e9es et de l&rsquo;\u00e9nergie, tout en encourageant les proc\u00e9d\u00e9s plus \u00e9cologiques (par exemple l&rsquo;utilisation de mat\u00e9riaux respectueux de l&rsquo;environnement). Nous augmentons constamment l&rsquo;efficacit\u00e9 de notre parc de machines et r\u00e9duisons syst\u00e9matiquement l&rsquo;utilisation de lubrifiants et de mat\u00e9riaux d&#8217;emballage dans notre production et notre montage. Lors de l&rsquo;\u00e9valuation de nos activit\u00e9s commerciales, incluant les activit\u00e9s de notre cha\u00eene d&rsquo;approvisionnement, nous consid\u00e9rons l&rsquo;impact sur l&rsquo;environnement et notre responsabilit\u00e9 \u00e9cologique comme des crit\u00e8res importants.<\/p>\n\n\n\n<p><\/p>\n<\/div><\/div>\n\n\n\n<blockquote class=\"wp-block-quote is-layout-flow wp-block-quote-is-layout-flow\">\n<p>Nous parvenons \u00e0 une protection climatique r\u00e9ussie avant tout gr\u00e2ce \u00e0 l&rsquo;implication de nos cadres dirigeants et \u00e0 la participation active de tous nos employ\u00e9s afin de renforcer la prise de conscience des aspects de la durabilit\u00e9 et de notre ligne directrice d&rsquo;entreprise dans le travail quotidien.<\/p>\n<cite><strong>Dietmar Rogg, Directeur g\u00e9n\u00e9ral<\/strong><\/cite><\/blockquote>\n\n\n\n<div style=\"height:50px\" aria-hidden=\"true\" class=\"wp-block-spacer\"><\/div>\n\n\n\n<div class=\"wp-block-columns is-layout-flex wp-container-core-columns-is-layout-9d6595d7 wp-block-columns-is-layout-flex\">\n<div class=\"wp-block-column is-layout-flow wp-block-column-is-layout-flow\">\n\n<div class=\"wp-block-v4core-inner-blocks SEOHeading\">\n<h2 class=\"wp-block-heading SEOHeading-heading is-style-default\">Active into the future<\/h2>\n\n\n\n<p class=\"SEOHeading-fauxHeading\"><strong>Mesures pour r\u00e9duire nos \u00e9missions de<\/strong> CO<sub>2<\/sub><\/p>\n<\/div>\n\n<\/div>\n\n\n\n<div class=\"wp-block-column is-layout-flow wp-block-column-is-layout-flow\">\n<div class=\"wp-block-v4core-accordion Accordion v4-accordion\">\n<div class=\"wp-block-v4core-accordion-item Accordion-item v4-accordion-item\">\n<h3 class=\"wp-block-heading Accordion-item-title v4-accordion-title\"><strong><strong><strong>Production d&rsquo;\u00e9nergie<\/strong><\/strong><\/strong><div class=\"Accordion-item-icon\"><\/div><\/h3>\n\n\n\n<div class=\"wp-block-v4core-accordion-item-content Accordion-item-content v4-accordion-content\">\n<p>Depuis 2012, nous produisons nous-m\u00eames une grande partie de l&rsquo;\u00e9lectricit\u00e9 dont nous avons besoin dans notre propre centrale de cog\u00e9n\u00e9ration. En juillet 2024, nous avons install\u00e9 une machine 210 KWp PV.<\/p>\n<\/div>\n<\/div>\n\n\n\n<div class=\"wp-block-v4core-accordion-item Accordion-item v4-accordion-item\">\n<h3 class=\"wp-block-heading Accordion-item-title v4-accordion-title\"><strong><strong>Une \u00e9lectricit\u00e9 neutre en CO<sub>2<\/sub><\/strong><\/strong><div class=\"Accordion-item-icon\"><\/div><\/h3>\n\n\n\n<div class=\"wp-block-v4core-accordion-item-content Accordion-item-content v4-accordion-content\">\n<p>Nous achetons de l&rsquo;\u00e9lectricit\u00e9 externe \u00e0 partir d&rsquo;\u00e9lectricit\u00e9 verte \u00e0 100%. Nous souhaitons compenser cette \u00e9lectricit\u00e9 par de l&rsquo;\u00e9lectricit\u00e9 produite par nos soins \u00e0 100% d&rsquo;ici 2028.<\/p>\n<\/div>\n<\/div>\n\n\n\n<div class=\"wp-block-v4core-accordion-item Accordion-item v4-accordion-item\">\n<h3 class=\"wp-block-heading Accordion-item-title v4-accordion-title\"><strong><strong><strong>Parc de l\u2018entreprise<\/strong><\/strong><\/strong><div class=\"Accordion-item-icon\"><\/div><\/h3>\n\n\n\n<div class=\"wp-block-v4core-accordion-item-content Accordion-item-content v4-accordion-content\">\n<p>D&rsquo;ici 2026, plus de 50% de notre flotte d&rsquo;entreprise devrait \u00eatre convertie avec des moteurs \u00e9lectriques et hybrides. Nous disposons d&rsquo;ores et d\u00e9j\u00e0 de suffisamment de stations de recharge pour faire le plein.<\/p>\n<\/div>\n<\/div>\n\n\n\n<div class=\"wp-block-v4core-accordion-item Accordion-item v4-accordion-item\">\n<h3 class=\"wp-block-heading Accordion-item-title v4-accordion-title\"><strong>Un investissement dans des nouvelles machines CNC dot\u00e9es d&rsquo;une efficacit\u00e9 \u00e9nerg\u00e9tique<\/strong><div class=\"Accordion-item-icon\"><\/div><\/h3>\n\n\n\n<div class=\"wp-block-v4core-accordion-item-content Accordion-item-content v4-accordion-content\">\n<p>En 2025, nous allons optimiser nos processus et proc\u00e9dures dans notre nouveau b\u00e2timent en implantant de nouvelles machines CNC dot\u00e9es d\u2019une efficacit\u00e9 \u00e9nerg\u00e9tique.<\/p>\n<\/div>\n<\/div>\n\n\n\n<div class=\"wp-block-v4core-accordion-item Accordion-item v4-accordion-item\">\n<h3 class=\"wp-block-heading Accordion-item-title v4-accordion-title\"><strong><strong>Num\u00e9risation<\/strong><\/strong><div class=\"Accordion-item-icon\"><\/div><\/h3>\n\n\n\n<div class=\"wp-block-v4core-accordion-item-content Accordion-item-content v4-accordion-content\">\n<p>Nous faisons constamment progresser la num\u00e9risation de nos processus commerciaux.<\/p>\n<\/div>\n<\/div>\n<\/div>\n<\/div>\n<\/div>\n\n\n\n<div class=\"wp-block-columns alignfull are-vertically-aligned-center is-style-stretch-content has-white-color has-text-color has-background has-gigantic-font-size is-layout-flex wp-container-core-columns-is-layout-9d6595d7 wp-block-columns-is-layout-flex\" style=\"background-color:#7ab51d\">\n<div class=\"wp-block-column is-vertically-aligned-center is-layout-flow wp-block-column-is-layout-flow\">\n<h2 class=\"wp-block-heading has-text-align-center\"><strong>Propre production d\u2018\u00e9nergie<\/strong><\/h2>\n\n\n\n<div style=\"height:50px\" aria-hidden=\"true\" class=\"wp-block-spacer\"><\/div>\n\n\n\n<div class=\"Counter\">\n\n    <div class=\"Counter-content\">\n        <div class=\"Counter-sectionWrap\">\n\n            \n                <section class=\"Counter-section\">\n                    \n\n                    <p class=\"Counter-text\"><\/p>\n\n                    <p class=\"u-h1 Counter-data\">\n                        <span class=\"Counter-prefix\"><\/span>\n                                                    <span class=\"Counter-number\" data-count=\"1390000\">0<\/span>\n                                                <span class=\"Counter-suffix\">kWh<\/span>\n                    <\/p>\n\n                    <p class=\"Counter-description\">produit (\u00e9tat actuel en 11\/2025) <\/p>\n                <\/section>\n\n            \n                <section class=\"Counter-section\">\n                    \n\n                    <p class=\"Counter-text\"><\/p>\n\n                    <p class=\"u-h1 Counter-data\">\n                        <span class=\"Counter-prefix\"><\/span>\n                                                    <span class=\"Counter-number\" data-count=\"1800000\">0<\/span>\n                                                <span class=\"Counter-suffix\">kWh<\/span>\n                    <\/p>\n\n                    <p class=\"Counter-description\">objectif jusqu\u2018en 2026<\/p>\n                <\/section>\n\n            \n        <\/div>\n    <\/div>\n\n<\/div><\/div>\n<\/div>\n","protected":false},"excerpt":{"rendered":"<p>Le changement climatique est l&rsquo;un des plus grands d\u00e9fis du si\u00e8cle. Notre action s&rsquo;oriente vers l&rsquo;obligation de transmettre un \u00e9tat intact de la Terre aux g\u00e9n\u00e9rations futures.&nbsp; Il s&rsquo;agit de prot\u00e9ger le climat et d&rsquo;utiliser&hellip;<\/p>\n","protected":false},"author":5,"featured_media":0,"parent":0,"menu_order":0,"comment_status":"closed","ping_status":"closed","template":"","meta":{"_acf_changed":false,"footnotes":""},"class_list":["post-6868","page","type-page","status-publish","hentry"],"acf":[],"_links":{"self":[{"href":"https:\/\/schmalenberger.de\/fr\/wp-json\/wp\/v2\/pages\/6868","targetHints":{"allow":["GET"]}}],"collection":[{"href":"https:\/\/schmalenberger.de\/fr\/wp-json\/wp\/v2\/pages"}],"about":[{"href":"https:\/\/schmalenberger.de\/fr\/wp-json\/wp\/v2\/types\/page"}],"author":[{"embeddable":true,"href":"https:\/\/schmalenberger.de\/fr\/wp-json\/wp\/v2\/users\/5"}],"replies":[{"embeddable":true,"href":"https:\/\/schmalenberger.de\/fr\/wp-json\/wp\/v2\/comments?post=6868"}],"version-history":[{"count":12,"href":"https:\/\/schmalenberger.de\/fr\/wp-json\/wp\/v2\/pages\/6868\/revisions"}],"predecessor-version":[{"id":7279,"href":"https:\/\/schmalenberger.de\/fr\/wp-json\/wp\/v2\/pages\/6868\/revisions\/7279"}],"wp:attachment":[{"href":"https:\/\/schmalenberger.de\/fr\/wp-json\/wp\/v2\/media?parent=6868"}],"curies":[{"name":"wp","href":"https:\/\/api.w.org\/{rel}","templated":true}]}}